{"id":253,"date":"2020-01-06T11:28:35","date_gmt":"2020-01-06T16:28:35","guid":{"rendered":"https:\/\/www.mmq.qc.ca\/?page_id=253"},"modified":"2021-01-21T10:35:23","modified_gmt":"2021-01-21T15:35:23","slug":"tribute","status":"publish","type":"page","link":"https:\/\/www.mmq.qc.ca\/en\/tribute\/","title":{"rendered":"Tribute to the People of the St. Lawrence"},"content":{"rendered":"\n<div id=\"\" class=\"acf-block acf-block-highlighted-text \">\n    <p class=\"acf-block__content\"><span class=\"acf-block__text\">The maritime past of Quebec is alive and well. Outstanding people passionate about the River contributed to this rich legacy\u2026<\/span><\/p>\n<\/div>\n\n\n<p>Some men and women have devoted their lives, work and time to preserve the maritime heritage of the Saint Lawrence River. The <strong>Tribute to the People of the St.&nbsp;Lawrence <\/strong>event has been highlighting<strong> <\/strong>the significant contribution of those people since 2007. To date, some thirty Qu\u00e9b\u00e9cois figures from the seafaring world have been honoured at this annual event. The tribute was first hosted by the <em>F\u00eate des chants de marins<\/em> seafarers\u2019 shanty festival and was later taken over by the Museum, as a sign of gratitude for those pioneers of maritime life in Quebec.&nbsp;<\/p>\n\n\n\n<p>Note: The tributes are based on archive materials that may be dated. Despite every care taken, some elements of the information collected may be incorrect, incomplete or subject to change. Please feel free to inform us of any discrepancies in the texts by contacting the <a href=\"https:\/\/www.mmq.qc.ca\/en\/about\/team\/\">Mus\u00e9e maritime du Qu\u00e9bec team.<\/a><\/p>\n\n\n\n<p><\/p>\n","protected":false},"excerpt":{"rendered":"Some men and women have devoted their lives, work and time to preserve the maritime heritage of the Saint Lawrence River. The Tribute to the People of the St.&nbsp;Lawrence event has been highlighting the significant contribution of those people since 2007. To date, some thirty Qu\u00e9b\u00e9cois figures from the seafaring world have been honoured at&#8230; <a class=\"view-article\" href=\"https:\/\/www.mmq.qc.ca\/en\/tribute\/\">View Article<\/a>","protected":false},"author":1,"featured_media":0,"parent":0,"menu_order":0,"comment_status":"closed","ping_status":"closed","template":"template-hommages.php","meta":{"_acf_changed":false,"footnotes":""},"class_list":["post-253","page","type-page","status-publish","hentry"],"acf":[],"yoast_head":"<!-- This site is optimized with the Yoast SEO plugin v26.7 - https:\/\/yoast.com\/wordpress\/plugins\/seo\/ -->\n<title>Tribute \u2013 People of the St. Lawrence | Mus\u00e9e maritime du Qu\u00e9bec<\/title>\n<meta name=\"description\" content=\"The Mus\u00e9e maritime du Qu\u00e9bec pays tribute to the men and women of the St. Lawrence River who helped preserve the maritime legacy of Quebec.\" \/>\n<meta name=\"robots\" content=\"index, follow, max-snippet:-1, max-image-preview:large, max-video-preview:-1\" \/>\n<link rel=\"canonical\" href=\"https:\/\/www.mmq.qc.ca\/en\/tribute\/\" \/>\n<meta property=\"og:locale\" content=\"en_US\" \/>\n<meta property=\"og:type\" content=\"article\" \/>\n<meta property=\"og:title\" content=\"Tribute \u2013 People of the St. Lawrence | Mus\u00e9e maritime du Qu\u00e9bec\" \/>\n<meta property=\"og:description\" content=\"The Mus\u00e9e maritime du Qu\u00e9bec pays tribute to the men and women of the St. Lawrence River who helped preserve the maritime legacy of Quebec.\" \/>\n<meta property=\"og:url\" content=\"https:\/\/www.mmq.qc.ca\/en\/tribute\/\" \/>\n<meta property=\"og:site_name\" content=\"Mus\u00e9e Maritime du Qu\u00e9bec\" \/>\n<meta property=\"article:modified_time\" content=\"2021-01-21T15:35:23+00:00\" \/>\n<meta name=\"twitter:card\" content=\"summary_large_image\" \/>\n<meta name=\"twitter:label1\" content=\"Est. reading time\" \/>\n\t<meta name=\"twitter:data1\" content=\"1 minute\" \/>\n<script type=\"application\/ld+json\" class=\"yoast-schema-graph\">{\"@context\":\"https:\/\/schema.org\",\"@graph\":[{\"@type\":\"WebPage\",\"@id\":\"https:\/\/www.mmq.qc.ca\/en\/tribute\/\",\"url\":\"https:\/\/www.mmq.qc.ca\/en\/tribute\/\",\"name\":\"Tribute \u2013 People of the St. Lawrence | Mus\u00e9e maritime du Qu\u00e9bec\",\"isPartOf\":{\"@id\":\"https:\/\/www.mmq.qc.ca\/#website\"},\"datePublished\":\"2020-01-06T16:28:35+00:00\",\"dateModified\":\"2021-01-21T15:35:23+00:00\",\"description\":\"The Mus\u00e9e maritime du Qu\u00e9bec pays tribute to the men and women of the St. Lawrence River who helped preserve the maritime legacy of Quebec.\",\"breadcrumb\":{\"@id\":\"https:\/\/www.mmq.qc.ca\/en\/tribute\/#breadcrumb\"},\"inLanguage\":\"en-US\",\"potentialAction\":[{\"@type\":\"ReadAction\",\"target\":[\"https:\/\/www.mmq.qc.ca\/en\/tribute\/\"]}]},{\"@type\":\"BreadcrumbList\",\"@id\":\"https:\/\/www.mmq.qc.ca\/en\/tribute\/#breadcrumb\",\"itemListElement\":[{\"@type\":\"ListItem\",\"position\":1,\"name\":\"Home\",\"item\":\"https:\/\/www.mmq.qc.ca\/en\/\"},{\"@type\":\"ListItem\",\"position\":2,\"name\":\"Tribute to the People of the St. Lawrence\"}]},{\"@type\":\"WebSite\",\"@id\":\"https:\/\/www.mmq.qc.ca\/#website\",\"url\":\"https:\/\/www.mmq.qc.ca\/\",\"name\":\"Mus\u00e9e Maritime du Qu\u00e9bec\",\"description\":\"Notre histoire venue du Fleuve\",\"potentialAction\":[{\"@type\":\"SearchAction\",\"target\":{\"@type\":\"EntryPoint\",\"urlTemplate\":\"https:\/\/www.mmq.qc.ca\/?s={search_term_string}\"},\"query-input\":{\"@type\":\"PropertyValueSpecification\",\"valueRequired\":true,\"valueName\":\"search_term_string\"}}],\"inLanguage\":\"en-US\"}]}<\/script>\n<!-- \/ Yoast SEO plugin. -->","yoast_head_json":{"title":"Tribute \u2013 People of the St. Lawrence | Mus\u00e9e maritime du Qu\u00e9bec","description":"The Mus\u00e9e maritime du Qu\u00e9bec pays tribute to the men and women of the St. Lawrence River who helped preserve the maritime legacy of Quebec.","robots":{"index":"index","follow":"follow","max-snippet":"max-snippet:-1","max-image-preview":"max-image-preview:large","max-video-preview":"max-video-preview:-1"},"canonical":"https:\/\/www.mmq.qc.ca\/en\/tribute\/","og_locale":"en_US","og_type":"article","og_title":"Tribute \u2013 People of the St. Lawrence | Mus\u00e9e maritime du Qu\u00e9bec","og_description":"The Mus\u00e9e maritime du Qu\u00e9bec pays tribute to the men and women of the St. Lawrence River who helped preserve the maritime legacy of Quebec.","og_url":"https:\/\/www.mmq.qc.ca\/en\/tribute\/","og_site_name":"Mus\u00e9e Maritime du Qu\u00e9bec","article_modified_time":"2021-01-21T15:35:23+00:00","twitter_card":"summary_large_image","twitter_misc":{"Est. reading time":"1 minute"},"schema":{"@context":"https:\/\/schema.org","@graph":[{"@type":"WebPage","@id":"https:\/\/www.mmq.qc.ca\/en\/tribute\/","url":"https:\/\/www.mmq.qc.ca\/en\/tribute\/","name":"Tribute \u2013 People of the St. Lawrence | Mus\u00e9e maritime du Qu\u00e9bec","isPartOf":{"@id":"https:\/\/www.mmq.qc.ca\/#website"},"datePublished":"2020-01-06T16:28:35+00:00","dateModified":"2021-01-21T15:35:23+00:00","description":"The Mus\u00e9e maritime du Qu\u00e9bec pays tribute to the men and women of the St. Lawrence River who helped preserve the maritime legacy of Quebec.","breadcrumb":{"@id":"https:\/\/www.mmq.qc.ca\/en\/tribute\/#breadcrumb"},"inLanguage":"en-US","potentialAction":[{"@type":"ReadAction","target":["https:\/\/www.mmq.qc.ca\/en\/tribute\/"]}]},{"@type":"BreadcrumbList","@id":"https:\/\/www.mmq.qc.ca\/en\/tribute\/#breadcrumb","itemListElement":[{"@type":"ListItem","position":1,"name":"Home","item":"https:\/\/www.mmq.qc.ca\/en\/"},{"@type":"ListItem","position":2,"name":"Tribute to the People of the St. Lawrence"}]},{"@type":"WebSite","@id":"https:\/\/www.mmq.qc.ca\/#website","url":"https:\/\/www.mmq.qc.ca\/","name":"Mus\u00e9e Maritime du Qu\u00e9bec","description":"Notre histoire venue du Fleuve","potentialAction":[{"@type":"SearchAction","target":{"@type":"EntryPoint","urlTemplate":"https:\/\/www.mmq.qc.ca\/?s={search_term_string}"},"query-input":{"@type":"PropertyValueSpecification","valueRequired":true,"valueName":"search_term_string"}}],"inLanguage":"en-US"}]}},"_links":{"self":[{"href":"https:\/\/www.mmq.qc.ca\/en\/wp-json\/wp\/v2\/pages\/253","targetHints":{"allow":["GET"]}}],"collection":[{"href":"https:\/\/www.mmq.qc.ca\/en\/wp-json\/wp\/v2\/pages"}],"about":[{"href":"https:\/\/www.mmq.qc.ca\/en\/wp-json\/wp\/v2\/types\/page"}],"author":[{"embeddable":true,"href":"https:\/\/www.mmq.qc.ca\/en\/wp-json\/wp\/v2\/users\/1"}],"replies":[{"embeddable":true,"href":"https:\/\/www.mmq.qc.ca\/en\/wp-json\/wp\/v2\/comments?post=253"}],"version-history":[{"count":4,"href":"https:\/\/www.mmq.qc.ca\/en\/wp-json\/wp\/v2\/pages\/253\/revisions"}],"predecessor-version":[{"id":1824,"href":"https:\/\/www.mmq.qc.ca\/en\/wp-json\/wp\/v2\/pages\/253\/revisions\/1824"}],"wp:attachment":[{"href":"https:\/\/www.mmq.qc.ca\/en\/wp-json\/wp\/v2\/media?parent=253"}],"curies":[{"name":"wp","href":"https:\/\/api.w.org\/{rel}","templated":true}]}}