{"id":227,"date":"2019-12-16T11:19:18","date_gmt":"2019-12-16T16:19:18","guid":{"rendered":"https:\/\/www.mmq.qc.ca\/?page_id=227"},"modified":"2024-10-29T13:52:05","modified_gmt":"2024-10-29T17:52:05","slug":"family-destination","status":"publish","type":"page","link":"https:\/\/www.mmq.qc.ca\/en\/preparing-your-visit\/family-destination\/","title":{"rendered":"Family destination"},"content":{"rendered":"\n<div style=\"height:45px\" aria-hidden=\"true\" class=\"wp-block-spacer\"><\/div>\n\n\n\n<div id=\"\" class=\"acf-block acf-block-text-with-image \">\n    <div class=\"acf-block__grid\">\n        <div class=\"acf-block__column\">\n            <div class=\"acf-block__content\">\n                \n                <div class=\"acf-block__text\">\n                    <p>Families are most welcome at the Mus\u00e9e maritime du Qu\u00e9bec. Everything has been thought through to make your visit enjoyable. The facilities and services have been designed with families in mind, whether you have very young kids or teenagers. The Museum staff makes sure that you enjoy quality time with the family, and admission is always free for children under 5!<\/p>\n                <\/div>\n            <\/div>\n        <\/div>\n\n        <div class=\"acf-block__column acf-block__picture\">\n            <img decoding=\"async\" src=\"https:\/\/www.mmq.qc.ca\/wp-content\/uploads\/2020\/02\/SAP07674-scaled.jpg\" alt=\"\">\n        <\/div>\n    <\/div>\n<\/div>\n\n\n\n<div style=\"height:49px\" aria-hidden=\"true\" class=\"wp-block-spacer\"><\/div>\n\n\n\n<div style=\"height:100px\" aria-hidden=\"true\" class=\"wp-block-spacer\"><\/div>\n\n\n\n<h2 class=\"wp-block-heading\">A Rich and Diversified Program<\/h2>\n\n\n\n<p>See the <a href=\"https:\/\/www.mmq.qc.ca\/en\/activities\/\">complete program<\/a> to learn more about different ways to explore the Museum! (Our bilingual interpreter guides can hold some of the workshops in both French and English if need be).<\/p>\n\n\n\n<div style=\"height:100px\" aria-hidden=\"true\" class=\"wp-block-spacer\"><\/div>\n\n\n\n<h2 class=\"wp-block-heading\">Interactive Exhibitions and Immersive Experiences<\/h2>\n\n\n\n<div id=\"\" class=\"acf-block acf-block-text-with-image \">\n    <div class=\"acf-block__grid\">\n        <div class=\"acf-block__column\">\n            <div class=\"acf-block__content\">\n                \n                <div class=\"acf-block__text\">\n                    <p>Several exhibitions include a <strong>responsive component<\/strong>. Your kids will enjoy the opportunity to interact with the various installations set up in the halls. No need to experience the Mus\u00e9e maritime du Qu\u00e9bec only as a bystander. Jump into action! Interactive experiences will make your museum experience a memorable one.<\/p>\n<p><strong data-rich-text-format-boundary=\"true\">Touring the ship museums <\/strong>is also an undeniable attraction for visitors, particularly for youth. They enjoy walking in the ship\u2019s narrow passageway, exploring the pilot\u2019s cabin and discovering the engine room.<\/p>\n                <\/div>\n            <\/div>\n        <\/div>\n\n        <div class=\"acf-block__column acf-block__picture\">\n            <img decoding=\"async\" src=\"https:\/\/www.mmq.qc.ca\/wp-content\/uploads\/2020\/02\/exposition-bateaux-musees-bras-dor-400-visite-en-famille.jpg\" alt=\"\">\n        <\/div>\n    <\/div>\n<\/div>\n\n\n\n<div style=\"height:100px\" aria-hidden=\"true\" class=\"wp-block-spacer\"><\/div>\n\n\n\n<h2 class=\"wp-block-heading\">Facilities meant for families<\/h2>\n\n\n\n<p>The Museum features all the amenities needed during your visit. For young families, there is a changing table, an elevator and a rest area. You can bring along a stroller to tour all the exhibitions. Drinks and snacks are also offered at the Museum\u2019s caf\u00e9.  <a href=\"https:\/\/www.mmq.qc.ca\/en\/preparing-your-visit\/shop\/\">Le Cabestan<\/a> shop has great gift ideas, in addition to books, games and clothing with seafaring designs for the whole family.\u00a0<\/p>\n\n\n\n<p>See the <a href=\"https:\/\/www.mmq.qc.ca\/en\/preparing-your-visit\/useful-informations\/\">Useful Information<\/a> section for more information on the Museum facilities and services available nearby.<\/p>\n","protected":false},"excerpt":{"rendered":"A Rich and Diversified Program See the complete program to learn more about different ways to explore the Museum! (Our bilingual interpreter guides can hold some of the workshops in both French and English if need be). Interactive Exhibitions and Immersive Experiences Facilities meant for families The Museum features all the amenities needed during your&#8230; <a class=\"view-article\" href=\"https:\/\/www.mmq.qc.ca\/en\/preparing-your-visit\/family-destination\/\">View Article<\/a>","protected":false},"author":1,"featured_media":721,"parent":251,"menu_order":0,"comment_status":"closed","ping_status":"closed","template":"","meta":{"_acf_changed":false,"footnotes":""},"class_list":["post-227","page","type-page","status-publish","has-post-thumbnail","hentry"],"acf":[],"yoast_head":"<!-- This site is optimized with the Yoast SEO plugin v26.7 - https:\/\/yoast.com\/wordpress\/plugins\/seo\/ -->\n<title>Cultural Outing \u2013 Family Activity | Mus\u00e9e maritime du Qu\u00e9bec<\/title>\n<meta name=\"description\" content=\"Are you looking for a fun-filled cultural and educational family activity near Qu\u00e9bec City? The Museum offers a diversified program for young and old alike.\" \/>\n<meta name=\"robots\" content=\"index, follow, max-snippet:-1, max-image-preview:large, max-video-preview:-1\" \/>\n<link rel=\"canonical\" href=\"https:\/\/www.mmq.qc.ca\/en\/preparing-your-visit\/family-destination\/\" \/>\n<meta property=\"og:locale\" content=\"en_US\" \/>\n<meta property=\"og:type\" content=\"article\" \/>\n<meta property=\"og:title\" content=\"Cultural Outing \u2013 Family Activity | Mus\u00e9e maritime du Qu\u00e9bec\" \/>\n<meta property=\"og:description\" content=\"Are you looking for a fun-filled cultural and educational family activity near Qu\u00e9bec City? The Museum offers a diversified program for young and old alike.\" \/>\n<meta property=\"og:url\" content=\"https:\/\/www.mmq.qc.ca\/en\/preparing-your-visit\/family-destination\/\" \/>\n<meta property=\"og:site_name\" content=\"Mus\u00e9e Maritime du Qu\u00e9bec\" \/>\n<meta property=\"article:modified_time\" content=\"2024-10-29T17:52:05+00:00\" \/>\n<meta property=\"og:image\" content=\"https:\/\/www.mmq.qc.ca\/wp-content\/uploads\/2020\/02\/exposition-bateaux-musees-bras-dor-400-visite-en-famille.jpg\" \/>\n\t<meta property=\"og:image:width\" content=\"1440\" \/>\n\t<meta property=\"og:image:height\" content=\"960\" \/>\n\t<meta property=\"og:image:type\" content=\"image\/jpeg\" \/>\n<meta name=\"twitter:card\" content=\"summary_large_image\" \/>\n<meta name=\"twitter:label1\" content=\"Est. reading time\" \/>\n\t<meta name=\"twitter:data1\" content=\"1 minute\" \/>\n<script type=\"application\/ld+json\" class=\"yoast-schema-graph\">{\"@context\":\"https:\/\/schema.org\",\"@graph\":[{\"@type\":\"WebPage\",\"@id\":\"https:\/\/www.mmq.qc.ca\/en\/preparing-your-visit\/family-destination\/\",\"url\":\"https:\/\/www.mmq.qc.ca\/en\/preparing-your-visit\/family-destination\/\",\"name\":\"Cultural Outing \u2013 Family Activity | Mus\u00e9e maritime du Qu\u00e9bec\",\"isPartOf\":{\"@id\":\"https:\/\/www.mmq.qc.ca\/#website\"},\"primaryImageOfPage\":{\"@id\":\"https:\/\/www.mmq.qc.ca\/en\/preparing-your-visit\/family-destination\/#primaryimage\"},\"image\":{\"@id\":\"https:\/\/www.mmq.qc.ca\/en\/preparing-your-visit\/family-destination\/#primaryimage\"},\"thumbnailUrl\":\"https:\/\/www.mmq.qc.ca\/wp-content\/uploads\/2020\/02\/exposition-bateaux-musees-bras-dor-400-visite-en-famille.jpg\",\"datePublished\":\"2019-12-16T16:19:18+00:00\",\"dateModified\":\"2024-10-29T17:52:05+00:00\",\"description\":\"Are you looking for a fun-filled cultural and educational family activity near Qu\u00e9bec City? The Museum offers a diversified program for young and old alike.\",\"breadcrumb\":{\"@id\":\"https:\/\/www.mmq.qc.ca\/en\/preparing-your-visit\/family-destination\/#breadcrumb\"},\"inLanguage\":\"en-US\",\"potentialAction\":[{\"@type\":\"ReadAction\",\"target\":[\"https:\/\/www.mmq.qc.ca\/en\/preparing-your-visit\/family-destination\/\"]}]},{\"@type\":\"ImageObject\",\"inLanguage\":\"en-US\",\"@id\":\"https:\/\/www.mmq.qc.ca\/en\/preparing-your-visit\/family-destination\/#primaryimage\",\"url\":\"https:\/\/www.mmq.qc.ca\/wp-content\/uploads\/2020\/02\/exposition-bateaux-musees-bras-dor-400-visite-en-famille.jpg\",\"contentUrl\":\"https:\/\/www.mmq.qc.ca\/wp-content\/uploads\/2020\/02\/exposition-bateaux-musees-bras-dor-400-visite-en-famille.jpg\",\"width\":1440,\"height\":960},{\"@type\":\"BreadcrumbList\",\"@id\":\"https:\/\/www.mmq.qc.ca\/en\/preparing-your-visit\/family-destination\/#breadcrumb\",\"itemListElement\":[{\"@type\":\"ListItem\",\"position\":1,\"name\":\"Home\",\"item\":\"https:\/\/www.mmq.qc.ca\/en\/\"},{\"@type\":\"ListItem\",\"position\":2,\"name\":\"PREPARING YOUR VISIT\",\"item\":\"https:\/\/www.mmq.qc.ca\/en\/preparing-your-visit\/\"},{\"@type\":\"ListItem\",\"position\":3,\"name\":\"Family destination\"}]},{\"@type\":\"WebSite\",\"@id\":\"https:\/\/www.mmq.qc.ca\/#website\",\"url\":\"https:\/\/www.mmq.qc.ca\/\",\"name\":\"Mus\u00e9e Maritime du Qu\u00e9bec\",\"description\":\"Notre histoire venue du Fleuve\",\"potentialAction\":[{\"@type\":\"SearchAction\",\"target\":{\"@type\":\"EntryPoint\",\"urlTemplate\":\"https:\/\/www.mmq.qc.ca\/?s={search_term_string}\"},\"query-input\":{\"@type\":\"PropertyValueSpecification\",\"valueRequired\":true,\"valueName\":\"search_term_string\"}}],\"inLanguage\":\"en-US\"}]}<\/script>\n<!-- \/ Yoast SEO plugin. -->","yoast_head_json":{"title":"Cultural Outing \u2013 Family Activity | Mus\u00e9e maritime du Qu\u00e9bec","description":"Are you looking for a fun-filled cultural and educational family activity near Qu\u00e9bec City? The Museum offers a diversified program for young and old alike.","robots":{"index":"index","follow":"follow","max-snippet":"max-snippet:-1","max-image-preview":"max-image-preview:large","max-video-preview":"max-video-preview:-1"},"canonical":"https:\/\/www.mmq.qc.ca\/en\/preparing-your-visit\/family-destination\/","og_locale":"en_US","og_type":"article","og_title":"Cultural Outing \u2013 Family Activity | Mus\u00e9e maritime du Qu\u00e9bec","og_description":"Are you looking for a fun-filled cultural and educational family activity near Qu\u00e9bec City? The Museum offers a diversified program for young and old alike.","og_url":"https:\/\/www.mmq.qc.ca\/en\/preparing-your-visit\/family-destination\/","og_site_name":"Mus\u00e9e Maritime du Qu\u00e9bec","article_modified_time":"2024-10-29T17:52:05+00:00","og_image":[{"width":1440,"height":960,"url":"https:\/\/www.mmq.qc.ca\/wp-content\/uploads\/2020\/02\/exposition-bateaux-musees-bras-dor-400-visite-en-famille.jpg","type":"image\/jpeg"}],"twitter_card":"summary_large_image","twitter_misc":{"Est. reading time":"1 minute"},"schema":{"@context":"https:\/\/schema.org","@graph":[{"@type":"WebPage","@id":"https:\/\/www.mmq.qc.ca\/en\/preparing-your-visit\/family-destination\/","url":"https:\/\/www.mmq.qc.ca\/en\/preparing-your-visit\/family-destination\/","name":"Cultural Outing \u2013 Family Activity | Mus\u00e9e maritime du Qu\u00e9bec","isPartOf":{"@id":"https:\/\/www.mmq.qc.ca\/#website"},"primaryImageOfPage":{"@id":"https:\/\/www.mmq.qc.ca\/en\/preparing-your-visit\/family-destination\/#primaryimage"},"image":{"@id":"https:\/\/www.mmq.qc.ca\/en\/preparing-your-visit\/family-destination\/#primaryimage"},"thumbnailUrl":"https:\/\/www.mmq.qc.ca\/wp-content\/uploads\/2020\/02\/exposition-bateaux-musees-bras-dor-400-visite-en-famille.jpg","datePublished":"2019-12-16T16:19:18+00:00","dateModified":"2024-10-29T17:52:05+00:00","description":"Are you looking for a fun-filled cultural and educational family activity near Qu\u00e9bec City? The Museum offers a diversified program for young and old alike.","breadcrumb":{"@id":"https:\/\/www.mmq.qc.ca\/en\/preparing-your-visit\/family-destination\/#breadcrumb"},"inLanguage":"en-US","potentialAction":[{"@type":"ReadAction","target":["https:\/\/www.mmq.qc.ca\/en\/preparing-your-visit\/family-destination\/"]}]},{"@type":"ImageObject","inLanguage":"en-US","@id":"https:\/\/www.mmq.qc.ca\/en\/preparing-your-visit\/family-destination\/#primaryimage","url":"https:\/\/www.mmq.qc.ca\/wp-content\/uploads\/2020\/02\/exposition-bateaux-musees-bras-dor-400-visite-en-famille.jpg","contentUrl":"https:\/\/www.mmq.qc.ca\/wp-content\/uploads\/2020\/02\/exposition-bateaux-musees-bras-dor-400-visite-en-famille.jpg","width":1440,"height":960},{"@type":"BreadcrumbList","@id":"https:\/\/www.mmq.qc.ca\/en\/preparing-your-visit\/family-destination\/#breadcrumb","itemListElement":[{"@type":"ListItem","position":1,"name":"Home","item":"https:\/\/www.mmq.qc.ca\/en\/"},{"@type":"ListItem","position":2,"name":"PREPARING YOUR VISIT","item":"https:\/\/www.mmq.qc.ca\/en\/preparing-your-visit\/"},{"@type":"ListItem","position":3,"name":"Family destination"}]},{"@type":"WebSite","@id":"https:\/\/www.mmq.qc.ca\/#website","url":"https:\/\/www.mmq.qc.ca\/","name":"Mus\u00e9e Maritime du Qu\u00e9bec","description":"Notre histoire venue du Fleuve","potentialAction":[{"@type":"SearchAction","target":{"@type":"EntryPoint","urlTemplate":"https:\/\/www.mmq.qc.ca\/?s={search_term_string}"},"query-input":{"@type":"PropertyValueSpecification","valueRequired":true,"valueName":"search_term_string"}}],"inLanguage":"en-US"}]}},"_links":{"self":[{"href":"https:\/\/www.mmq.qc.ca\/en\/wp-json\/wp\/v2\/pages\/227","targetHints":{"allow":["GET"]}}],"collection":[{"href":"https:\/\/www.mmq.qc.ca\/en\/wp-json\/wp\/v2\/pages"}],"about":[{"href":"https:\/\/www.mmq.qc.ca\/en\/wp-json\/wp\/v2\/types\/page"}],"author":[{"embeddable":true,"href":"https:\/\/www.mmq.qc.ca\/en\/wp-json\/wp\/v2\/users\/1"}],"replies":[{"embeddable":true,"href":"https:\/\/www.mmq.qc.ca\/en\/wp-json\/wp\/v2\/comments?post=227"}],"version-history":[{"count":22,"href":"https:\/\/www.mmq.qc.ca\/en\/wp-json\/wp\/v2\/pages\/227\/revisions"}],"predecessor-version":[{"id":6388,"href":"https:\/\/www.mmq.qc.ca\/en\/wp-json\/wp\/v2\/pages\/227\/revisions\/6388"}],"up":[{"embeddable":true,"href":"https:\/\/www.mmq.qc.ca\/en\/wp-json\/wp\/v2\/pages\/251"}],"wp:featuredmedia":[{"embeddable":true,"href":"https:\/\/www.mmq.qc.ca\/en\/wp-json\/wp\/v2\/media\/721"}],"wp:attachment":[{"href":"https:\/\/www.mmq.qc.ca\/en\/wp-json\/wp\/v2\/media?parent=227"}],"curies":[{"name":"wp","href":"https:\/\/api.w.org\/{rel}","templated":true}]}}