{"id":2214,"date":"2021-03-15T11:59:27","date_gmt":"2021-03-15T15:59:27","guid":{"rendered":"https:\/\/www.mmq.qc.ca\/?page_id=2214"},"modified":"2024-11-11T10:09:42","modified_gmt":"2024-11-11T15:09:42","slug":"mission","status":"publish","type":"page","link":"https:\/\/www.mmq.qc.ca\/en\/about\/mission\/","title":{"rendered":""},"content":{"rendered":"\n<h2 class=\"wp-block-heading\">Mission<\/h2>\n\n\n\n<p>The mission of the Mus\u00e9e maritime du Qu\u00e9bec (MMQ) is to raise awareness of and foster a love for the maritime history and heritage of Quebec through activities in promotion, dissemination, education, conservation, and research.<\/p>\n\n\n\n<div style=\"height:45px\" aria-hidden=\"true\" class=\"wp-block-spacer\"><\/div>\n\n\n\n<h2 class=\"wp-block-heading\">vision<\/h2>\n\n\n\n<p>The Mus\u00e9e maritime du Qu\u00e9bec seeks recognition as a leading institutional reference on Quebec\u2019s maritime past and legacy.<\/p>\n\n\n\n<div style=\"height:45px\" aria-hidden=\"true\" class=\"wp-block-spacer\"><\/div>\n\n\n\n<h2 class=\"wp-block-heading\">values<\/h2>\n\n\n\n<p>Excellence, humanism, commitment, ethics and fairness inspire all the Museum\u2019s activities, in day-to-day management operations or visitor and partner relationships.<\/p>\n","protected":false},"excerpt":{"rendered":"Mission The mission of the Mus\u00e9e maritime du Qu\u00e9bec (MMQ) is to raise awareness of and foster a love for the maritime history and heritage of Quebec through activities in promotion, dissemination, education, conservation, and research. vision The Mus\u00e9e maritime du Qu\u00e9bec seeks recognition as a leading institutional reference on Quebec\u2019s maritime past and legacy&#8230;. <a class=\"view-article\" href=\"https:\/\/www.mmq.qc.ca\/en\/about\/mission\/\">View Article<\/a>","protected":false},"author":1,"featured_media":0,"parent":1513,"menu_order":0,"comment_status":"closed","ping_status":"closed","template":"","meta":{"_acf_changed":false,"footnotes":""},"class_list":["post-2214","page","type-page","status-publish","hentry"],"acf":[],"yoast_head":"<!-- This site is optimized with the Yoast SEO plugin v26.7 - https:\/\/yoast.com\/wordpress\/plugins\/seo\/ -->\n<title>- Mus\u00e9e Maritime du Qu\u00e9bec<\/title>\n<meta name=\"robots\" content=\"index, follow, max-snippet:-1, max-image-preview:large, max-video-preview:-1\" \/>\n<link rel=\"canonical\" href=\"https:\/\/www.mmq.qc.ca\/en\/about\/mission\/\" \/>\n<meta property=\"og:locale\" content=\"en_US\" \/>\n<meta property=\"og:type\" content=\"article\" \/>\n<meta property=\"og:title\" content=\"- Mus\u00e9e Maritime du Qu\u00e9bec\" \/>\n<meta property=\"og:description\" content=\"Mission The mission of the Mus\u00e9e maritime du Qu\u00e9bec (MMQ) is to raise awareness of and foster a love for the maritime history and heritage of Quebec through activities in promotion, dissemination, education, conservation, and research. vision The Mus\u00e9e maritime du Qu\u00e9bec seeks recognition as a leading institutional reference on Quebec\u2019s maritime past and legacy.... View Article\" \/>\n<meta property=\"og:url\" content=\"https:\/\/www.mmq.qc.ca\/en\/about\/mission\/\" \/>\n<meta property=\"og:site_name\" content=\"Mus\u00e9e Maritime du Qu\u00e9bec\" \/>\n<meta property=\"article:modified_time\" content=\"2024-11-11T15:09:42+00:00\" \/>\n<meta name=\"twitter:card\" content=\"summary_large_image\" \/>\n<meta name=\"twitter:label1\" content=\"Est. reading time\" \/>\n\t<meta name=\"twitter:data1\" content=\"1 minute\" \/>\n<script type=\"application\/ld+json\" class=\"yoast-schema-graph\">{\"@context\":\"https:\/\/schema.org\",\"@graph\":[{\"@type\":\"WebPage\",\"@id\":\"https:\/\/www.mmq.qc.ca\/en\/about\/mission\/\",\"url\":\"https:\/\/www.mmq.qc.ca\/en\/about\/mission\/\",\"name\":\"- Mus\u00e9e Maritime du Qu\u00e9bec\",\"isPartOf\":{\"@id\":\"https:\/\/www.mmq.qc.ca\/#website\"},\"datePublished\":\"2021-03-15T15:59:27+00:00\",\"dateModified\":\"2024-11-11T15:09:42+00:00\",\"breadcrumb\":{\"@id\":\"https:\/\/www.mmq.qc.ca\/en\/about\/mission\/#breadcrumb\"},\"inLanguage\":\"en-US\",\"potentialAction\":[{\"@type\":\"ReadAction\",\"target\":[\"https:\/\/www.mmq.qc.ca\/en\/about\/mission\/\"]}]},{\"@type\":\"BreadcrumbList\",\"@id\":\"https:\/\/www.mmq.qc.ca\/en\/about\/mission\/#breadcrumb\",\"itemListElement\":[{\"@type\":\"ListItem\",\"position\":1,\"name\":\"Home\",\"item\":\"https:\/\/www.mmq.qc.ca\/en\/\"},{\"@type\":\"ListItem\",\"position\":2,\"name\":\"About the Mus\u00e9e maritime du Qu\u00e9bec\",\"item\":\"https:\/\/www.mmq.qc.ca\/en\/about\/\"}]},{\"@type\":\"WebSite\",\"@id\":\"https:\/\/www.mmq.qc.ca\/#website\",\"url\":\"https:\/\/www.mmq.qc.ca\/\",\"name\":\"Mus\u00e9e Maritime du Qu\u00e9bec\",\"description\":\"Notre histoire venue du Fleuve\",\"potentialAction\":[{\"@type\":\"SearchAction\",\"target\":{\"@type\":\"EntryPoint\",\"urlTemplate\":\"https:\/\/www.mmq.qc.ca\/?s={search_term_string}\"},\"query-input\":{\"@type\":\"PropertyValueSpecification\",\"valueRequired\":true,\"valueName\":\"search_term_string\"}}],\"inLanguage\":\"en-US\"}]}<\/script>\n<!-- \/ Yoast SEO plugin. -->","yoast_head_json":{"title":"- Mus\u00e9e Maritime du Qu\u00e9bec","robots":{"index":"index","follow":"follow","max-snippet":"max-snippet:-1","max-image-preview":"max-image-preview:large","max-video-preview":"max-video-preview:-1"},"canonical":"https:\/\/www.mmq.qc.ca\/en\/about\/mission\/","og_locale":"en_US","og_type":"article","og_title":"- Mus\u00e9e Maritime du Qu\u00e9bec","og_description":"Mission The mission of the Mus\u00e9e maritime du Qu\u00e9bec (MMQ) is to raise awareness of and foster a love for the maritime history and heritage of Quebec through activities in promotion, dissemination, education, conservation, and research. vision The Mus\u00e9e maritime du Qu\u00e9bec seeks recognition as a leading institutional reference on Quebec\u2019s maritime past and legacy.... View Article","og_url":"https:\/\/www.mmq.qc.ca\/en\/about\/mission\/","og_site_name":"Mus\u00e9e Maritime du Qu\u00e9bec","article_modified_time":"2024-11-11T15:09:42+00:00","twitter_card":"summary_large_image","twitter_misc":{"Est. reading time":"1 minute"},"schema":{"@context":"https:\/\/schema.org","@graph":[{"@type":"WebPage","@id":"https:\/\/www.mmq.qc.ca\/en\/about\/mission\/","url":"https:\/\/www.mmq.qc.ca\/en\/about\/mission\/","name":"- Mus\u00e9e Maritime du Qu\u00e9bec","isPartOf":{"@id":"https:\/\/www.mmq.qc.ca\/#website"},"datePublished":"2021-03-15T15:59:27+00:00","dateModified":"2024-11-11T15:09:42+00:00","breadcrumb":{"@id":"https:\/\/www.mmq.qc.ca\/en\/about\/mission\/#breadcrumb"},"inLanguage":"en-US","potentialAction":[{"@type":"ReadAction","target":["https:\/\/www.mmq.qc.ca\/en\/about\/mission\/"]}]},{"@type":"BreadcrumbList","@id":"https:\/\/www.mmq.qc.ca\/en\/about\/mission\/#breadcrumb","itemListElement":[{"@type":"ListItem","position":1,"name":"Home","item":"https:\/\/www.mmq.qc.ca\/en\/"},{"@type":"ListItem","position":2,"name":"About the Mus\u00e9e maritime du Qu\u00e9bec","item":"https:\/\/www.mmq.qc.ca\/en\/about\/"}]},{"@type":"WebSite","@id":"https:\/\/www.mmq.qc.ca\/#website","url":"https:\/\/www.mmq.qc.ca\/","name":"Mus\u00e9e Maritime du Qu\u00e9bec","description":"Notre histoire venue du Fleuve","potentialAction":[{"@type":"SearchAction","target":{"@type":"EntryPoint","urlTemplate":"https:\/\/www.mmq.qc.ca\/?s={search_term_string}"},"query-input":{"@type":"PropertyValueSpecification","valueRequired":true,"valueName":"search_term_string"}}],"inLanguage":"en-US"}]}},"_links":{"self":[{"href":"https:\/\/www.mmq.qc.ca\/en\/wp-json\/wp\/v2\/pages\/2214","targetHints":{"allow":["GET"]}}],"collection":[{"href":"https:\/\/www.mmq.qc.ca\/en\/wp-json\/wp\/v2\/pages"}],"about":[{"href":"https:\/\/www.mmq.qc.ca\/en\/wp-json\/wp\/v2\/types\/page"}],"author":[{"embeddable":true,"href":"https:\/\/www.mmq.qc.ca\/en\/wp-json\/wp\/v2\/users\/1"}],"replies":[{"embeddable":true,"href":"https:\/\/www.mmq.qc.ca\/en\/wp-json\/wp\/v2\/comments?post=2214"}],"version-history":[{"count":6,"href":"https:\/\/www.mmq.qc.ca\/en\/wp-json\/wp\/v2\/pages\/2214\/revisions"}],"predecessor-version":[{"id":6397,"href":"https:\/\/www.mmq.qc.ca\/en\/wp-json\/wp\/v2\/pages\/2214\/revisions\/6397"}],"up":[{"embeddable":true,"href":"https:\/\/www.mmq.qc.ca\/en\/wp-json\/wp\/v2\/pages\/1513"}],"wp:attachment":[{"href":"https:\/\/www.mmq.qc.ca\/en\/wp-json\/wp\/v2\/media?parent=2214"}],"curies":[{"name":"wp","href":"https:\/\/api.w.org\/{rel}","templated":true}]}}