{"id":1658,"date":"2021-01-12T10:31:56","date_gmt":"2021-01-12T15:31:56","guid":{"rendered":"https:\/\/www.mmq.qc.ca\/?page_id=1658"},"modified":"2025-12-17T11:47:30","modified_gmt":"2025-12-17T16:47:30","slug":"contact-us","status":"publish","type":"page","link":"https:\/\/www.mmq.qc.ca\/en\/contact-us\/","title":{"rendered":"Contact us"},"content":{"rendered":"\n<p>Mus\u00e9e maritime du Qu\u00e9bec&nbsp;<br>63, chemin des Pionniers Est&nbsp;<br>L\u2019Islet (Qc) G0R 2B0<\/p>\n\n\n\n<p>e-mail :<strong> <a href=\"mailto:info@mmq.qc.ca\">info@mmq.qc.ca<\/a><\/strong><br>Contact our <a href=\"https:\/\/www.mmq.qc.ca\/en\/about\/team\/\">team<\/a><\/p>\n\n\n\n<p>Le Cabestan gift shop: <strong><a href=\"mailto:boutique@mmq.qc.ca\">boutique@mmq.qc.ca <\/a><\/strong><\/p>\n\n\n\n<p>To book a cultural activity for your class\/group: <a href=\"mailto:reservation@mmq.qc.ca\"><strong>reservation@mmq.qc.ca<\/strong><\/a><br><\/p>\n\n\n\n<p>Person in charge of the protection of personal information (Law 25): Marie-Claude Gamache,&nbsp;<strong><a href=\"mailto:direction@mmq.qc.ca\">direction@mmq.qc.ca<\/a><\/strong><\/p>\n\n\n\n<p>Phone&nbsp;: 418 247-5001<br>Toll Free&nbsp;: 1 844 310-5001<\/p>\n\n\n\n<div id=\"\" class=\"acf-block acf-block-highlighted-text \">\n    <p class=\"acf-block__content\"><span class=\"acf-block__text\"><div class=\"responsive-iframe\"><iframe loading=\"lazy\" src=\"https:\/\/www.google.com\/maps\/embed?pb=!1m18!1m12!1m3!1d1734.8957245678448!2d-70.37266644483465!3d47.12862394357627!2m3!1f0!2f0!3f0!3m2!1i1024!2i768!4f13.1!3m3!1m2!1s0x4cbed64eb162e75f%3A0xd312f08bfcc789b7!2sMus%C3%A9e%20maritime%20du%20Qu%C3%A9bec%20-%20Capitaine%20J.E.%20Bernier!5e0!3m2!1sfr!2sca!4v1603993762698!5m2!1sfr!2sca\" width=\"600\" height=\"450\" frameborder=\"0\" style=\"border:0;\" allowfullscreen=\"\" aria-hidden=\"false\" tabindex=\"0\"><\/iframe><\/div><\/span><\/p>\n<\/div>","protected":false},"excerpt":{"rendered":"Mus\u00e9e maritime du Qu\u00e9bec&nbsp;63, chemin des Pionniers Est&nbsp;L\u2019Islet (Qc) G0R 2B0 e-mail : info@mmq.qc.caContact our team Le Cabestan gift shop: boutique@mmq.qc.ca To book a cultural activity for your class\/group: reservation@mmq.qc.ca Person in charge of the protection of personal information (Law 25): Marie-Claude Gamache,&nbsp;direction@mmq.qc.ca Phone&nbsp;: 418 247-5001Toll Free&nbsp;: 1 844 310-5001","protected":false},"author":1,"featured_media":0,"parent":0,"menu_order":0,"comment_status":"closed","ping_status":"closed","template":"","meta":{"_acf_changed":false,"footnotes":""},"class_list":["post-1658","page","type-page","status-publish","hentry"],"acf":[],"yoast_head":"<!-- This site is optimized with the Yoast SEO plugin v26.7 - https:\/\/yoast.com\/wordpress\/plugins\/seo\/ -->\n<title>Contact us - Mus\u00e9e Maritime du Qu\u00e9bec<\/title>\n<meta name=\"robots\" content=\"index, follow, max-snippet:-1, max-image-preview:large, max-video-preview:-1\" \/>\n<link rel=\"canonical\" href=\"https:\/\/www.mmq.qc.ca\/en\/contact-us\/\" \/>\n<meta property=\"og:locale\" content=\"en_US\" \/>\n<meta property=\"og:type\" content=\"article\" \/>\n<meta property=\"og:title\" content=\"Contact us - Mus\u00e9e Maritime du Qu\u00e9bec\" \/>\n<meta property=\"og:description\" content=\"Mus\u00e9e maritime du Qu\u00e9bec&nbsp;63, chemin des Pionniers Est&nbsp;L\u2019Islet (Qc) G0R 2B0 e-mail : info@mmq.qc.caContact our team Le Cabestan gift shop: boutique@mmq.qc.ca To book a cultural activity for your class\/group: reservation@mmq.qc.ca Person in charge of the protection of personal information (Law 25): Marie-Claude Gamache,&nbsp;direction@mmq.qc.ca Phone&nbsp;: 418 247-5001Toll Free&nbsp;: 1 844 310-5001\" \/>\n<meta property=\"og:url\" content=\"https:\/\/www.mmq.qc.ca\/en\/contact-us\/\" \/>\n<meta property=\"og:site_name\" content=\"Mus\u00e9e Maritime du Qu\u00e9bec\" \/>\n<meta property=\"article:modified_time\" content=\"2025-12-17T16:47:30+00:00\" \/>\n<meta name=\"twitter:card\" content=\"summary_large_image\" \/>\n<meta name=\"twitter:label1\" content=\"Est. reading time\" \/>\n\t<meta name=\"twitter:data1\" content=\"1 minute\" \/>\n<script type=\"application\/ld+json\" class=\"yoast-schema-graph\">{\"@context\":\"https:\/\/schema.org\",\"@graph\":[{\"@type\":\"WebPage\",\"@id\":\"https:\/\/www.mmq.qc.ca\/en\/contact-us\/\",\"url\":\"https:\/\/www.mmq.qc.ca\/en\/contact-us\/\",\"name\":\"Contact us - Mus\u00e9e Maritime du Qu\u00e9bec\",\"isPartOf\":{\"@id\":\"https:\/\/www.mmq.qc.ca\/#website\"},\"datePublished\":\"2021-01-12T15:31:56+00:00\",\"dateModified\":\"2025-12-17T16:47:30+00:00\",\"breadcrumb\":{\"@id\":\"https:\/\/www.mmq.qc.ca\/en\/contact-us\/#breadcrumb\"},\"inLanguage\":\"en-US\",\"potentialAction\":[{\"@type\":\"ReadAction\",\"target\":[\"https:\/\/www.mmq.qc.ca\/en\/contact-us\/\"]}]},{\"@type\":\"BreadcrumbList\",\"@id\":\"https:\/\/www.mmq.qc.ca\/en\/contact-us\/#breadcrumb\",\"itemListElement\":[{\"@type\":\"ListItem\",\"position\":1,\"name\":\"Home\",\"item\":\"https:\/\/www.mmq.qc.ca\/en\/\"},{\"@type\":\"ListItem\",\"position\":2,\"name\":\"Contact us\"}]},{\"@type\":\"WebSite\",\"@id\":\"https:\/\/www.mmq.qc.ca\/#website\",\"url\":\"https:\/\/www.mmq.qc.ca\/\",\"name\":\"Mus\u00e9e Maritime du Qu\u00e9bec\",\"description\":\"Notre histoire venue du Fleuve\",\"potentialAction\":[{\"@type\":\"SearchAction\",\"target\":{\"@type\":\"EntryPoint\",\"urlTemplate\":\"https:\/\/www.mmq.qc.ca\/?s={search_term_string}\"},\"query-input\":{\"@type\":\"PropertyValueSpecification\",\"valueRequired\":true,\"valueName\":\"search_term_string\"}}],\"inLanguage\":\"en-US\"}]}<\/script>\n<!-- \/ Yoast SEO plugin. -->","yoast_head_json":{"title":"Contact us - Mus\u00e9e Maritime du Qu\u00e9bec","robots":{"index":"index","follow":"follow","max-snippet":"max-snippet:-1","max-image-preview":"max-image-preview:large","max-video-preview":"max-video-preview:-1"},"canonical":"https:\/\/www.mmq.qc.ca\/en\/contact-us\/","og_locale":"en_US","og_type":"article","og_title":"Contact us - Mus\u00e9e Maritime du Qu\u00e9bec","og_description":"Mus\u00e9e maritime du Qu\u00e9bec&nbsp;63, chemin des Pionniers Est&nbsp;L\u2019Islet (Qc) G0R 2B0 e-mail : info@mmq.qc.caContact our team Le Cabestan gift shop: boutique@mmq.qc.ca To book a cultural activity for your class\/group: reservation@mmq.qc.ca Person in charge of the protection of personal information (Law 25): Marie-Claude Gamache,&nbsp;direction@mmq.qc.ca Phone&nbsp;: 418 247-5001Toll Free&nbsp;: 1 844 310-5001","og_url":"https:\/\/www.mmq.qc.ca\/en\/contact-us\/","og_site_name":"Mus\u00e9e Maritime du Qu\u00e9bec","article_modified_time":"2025-12-17T16:47:30+00:00","twitter_card":"summary_large_image","twitter_misc":{"Est. reading time":"1 minute"},"schema":{"@context":"https:\/\/schema.org","@graph":[{"@type":"WebPage","@id":"https:\/\/www.mmq.qc.ca\/en\/contact-us\/","url":"https:\/\/www.mmq.qc.ca\/en\/contact-us\/","name":"Contact us - Mus\u00e9e Maritime du Qu\u00e9bec","isPartOf":{"@id":"https:\/\/www.mmq.qc.ca\/#website"},"datePublished":"2021-01-12T15:31:56+00:00","dateModified":"2025-12-17T16:47:30+00:00","breadcrumb":{"@id":"https:\/\/www.mmq.qc.ca\/en\/contact-us\/#breadcrumb"},"inLanguage":"en-US","potentialAction":[{"@type":"ReadAction","target":["https:\/\/www.mmq.qc.ca\/en\/contact-us\/"]}]},{"@type":"BreadcrumbList","@id":"https:\/\/www.mmq.qc.ca\/en\/contact-us\/#breadcrumb","itemListElement":[{"@type":"ListItem","position":1,"name":"Home","item":"https:\/\/www.mmq.qc.ca\/en\/"},{"@type":"ListItem","position":2,"name":"Contact us"}]},{"@type":"WebSite","@id":"https:\/\/www.mmq.qc.ca\/#website","url":"https:\/\/www.mmq.qc.ca\/","name":"Mus\u00e9e Maritime du Qu\u00e9bec","description":"Notre histoire venue du Fleuve","potentialAction":[{"@type":"SearchAction","target":{"@type":"EntryPoint","urlTemplate":"https:\/\/www.mmq.qc.ca\/?s={search_term_string}"},"query-input":{"@type":"PropertyValueSpecification","valueRequired":true,"valueName":"search_term_string"}}],"inLanguage":"en-US"}]}},"_links":{"self":[{"href":"https:\/\/www.mmq.qc.ca\/en\/wp-json\/wp\/v2\/pages\/1658","targetHints":{"allow":["GET"]}}],"collection":[{"href":"https:\/\/www.mmq.qc.ca\/en\/wp-json\/wp\/v2\/pages"}],"about":[{"href":"https:\/\/www.mmq.qc.ca\/en\/wp-json\/wp\/v2\/types\/page"}],"author":[{"embeddable":true,"href":"https:\/\/www.mmq.qc.ca\/en\/wp-json\/wp\/v2\/users\/1"}],"replies":[{"embeddable":true,"href":"https:\/\/www.mmq.qc.ca\/en\/wp-json\/wp\/v2\/comments?post=1658"}],"version-history":[{"count":9,"href":"https:\/\/www.mmq.qc.ca\/en\/wp-json\/wp\/v2\/pages\/1658\/revisions"}],"predecessor-version":[{"id":7123,"href":"https:\/\/www.mmq.qc.ca\/en\/wp-json\/wp\/v2\/pages\/1658\/revisions\/7123"}],"wp:attachment":[{"href":"https:\/\/www.mmq.qc.ca\/en\/wp-json\/wp\/v2\/media?parent=1658"}],"curies":[{"name":"wp","href":"https:\/\/api.w.org\/{rel}","templated":true}]}}