{"id":1654,"date":"2021-01-12T10:24:49","date_gmt":"2021-01-12T15:24:49","guid":{"rendered":"https:\/\/www.mmq.qc.ca\/?page_id=1654"},"modified":"2023-05-29T14:25:44","modified_gmt":"2023-05-29T18:25:44","slug":"media","status":"publish","type":"page","link":"https:\/\/www.mmq.qc.ca\/en\/media\/","title":{"rendered":"Museum Press Releases and Photos"},"content":{"rendered":"\n<div style=\"height:49px\" aria-hidden=\"true\" class=\"wp-block-spacer\"><\/div>\n\n\n\n<p>Welcome to the Media section! Here you will find the latest press releases and pictures of the Mus\u00e9e maritime du Qu\u00e9bec from different perspectives: the exhibitions, the building, the ship museums and the Riverfront Park. <\/p>\n\n\n\n<p><strong>For interviews or additional information, please contact:<\/strong><\/p>\n\n\n\n<p>BROUILLARD Communication<br>Communications\u00a0firm specializing in press relations<br>418\u00a0682-6111<br><a href=\"equipe@brouillard.com\">equipe@brouillard.com<\/a><\/p>\n\n\n\n<div style=\"height:49px\" aria-hidden=\"true\" class=\"wp-block-spacer\"><\/div>\n\n\n\n<h2 class=\"wp-block-heading\">Press Releases<\/h2>\n\n\n\n<h4 class=\"wp-block-heading\">2023<\/h4>\n\n\n\n<ul class=\"wp-block-list\"><li>May <strong><strong>29 juin 2023<\/strong>\u00a0\u2013\u00a0<a href=\"https:\/\/drive.google.com\/drive\/folders\/1jl6NH9BDtHsl3sOIhwa0j1OCl8H_u0YA\" target=\"_blank\" rel=\"noreferrer noopener\"><a href=\"https:\/\/www.brouillardcommunication.com\/plusieurs-nouveautes-au-musee-maritime-du-quebec-pour-2023\/?fbclid=IwAR1AQB9aD35LErJEEgefkkXuNVOdFCqVoo2jodIOSX7Dz1KC8VhKogeAdIs\" target=\"_blank\" rel=\"noreferrer noopener\">Plusieurs nouveaut\u00e9s au Mus\u00e9e maritime du <\/a><\/a><a href=\"http:\/\/Plusieurs nouveaut\u00e9s au Mus\u00e9e maritime du Qu\u00e9bec pour 2023\" target=\"_blank\" rel=\"noreferrer noopener\">Qu\u00e9bec <\/a><a href=\"https:\/\/drive.google.com\/drive\/folders\/1jl6NH9BDtHsl3sOIhwa0j1OCl8H_u0YA\" target=\"_blank\" rel=\"noreferrer noopener\"><a href=\"https:\/\/www.brouillardcommunication.com\/plusieurs-nouveautes-au-musee-maritime-du-quebec-pour-2023\/?fbclid=IwAR1AQB9aD35LErJEEgefkkXuNVOdFCqVoo2jodIOSX7Dz1KC8VhKogeAdIs\" target=\"_blank\" rel=\"noreferrer noopener\">pour 2023<\/a><\/a><\/strong><\/li><\/ul>\n\n\n\n<div style=\"height:49px\" aria-hidden=\"true\" class=\"wp-block-spacer\"><\/div>\n\n\n\n<h4 class=\"wp-block-heading\">Past years<\/h4>\n\n\n\n<h4 class=\"wp-block-heading\">2022<\/h4>\n\n\n\n<ul class=\"wp-block-list\"><li><strong><strong>June 22, 2022<\/strong>\u00a0\u2013\u00a0<a href=\"https:\/\/drive.google.com\/drive\/folders\/1jl6NH9BDtHsl3sOIhwa0j1OCl8H_u0YA\" target=\"_blank\" rel=\"noreferrer noopener\">22 juin 2022 Ouverture officielle du nouveau parc fluvial<\/a><\/strong><\/li><li><strong><strong>May 10, 2022 \u2013\u00a0<\/strong><a href=\"https:\/\/www.mmq.qc.ca\/wp-content\/uploads\/2022\/05\/CommuniqueMMQ-25-juin-region.pdf\" target=\"_blank\" rel=\"noreferrer noopener\">Un rendez-vous festif et familial incontournable pour d\u00e9couvrir le nouveau Parc fluvial !<\/a><\/strong><\/li><\/ul>\n\n\n\n<h4 class=\"wp-block-heading\">2021<\/h4>\n\n\n\n<ul class=\"wp-block-list\"><li><strong>March 16, 2021<\/strong> &#8211; <a href=\"https:\/\/drive.google.com\/drive\/folders\/1insWLEuHc4cgt9bn41sDGVVT-8IhkZuq?usp=sharing\">Artist Caroline Gagn\u00e9 and the MMQ breathe new life into the legendary <em>Ernest Lapointe<\/em> icebreaker<\/a><\/li><\/ul>\n\n\n\n<h4 class=\"wp-block-heading\">2020<\/h4>\n\n\n\n<ul class=\"wp-block-list\"><li><strong>October 23, 2020<\/strong> &#8211; <a href=\"https:\/\/www.mmq.qc.ca\/wp-content\/uploads\/2021\/01\/2020_10_Communique_MMQ_Municipalite\u0301-LIslet_Bateau-fantome.pdf\">Le Mus\u00e9e maritime et la municipalit\u00e9 de L\u2019Islet remercient la population et les b\u00e9n\u00e9voles pour leur contribution \u00e0 l\u2019aventure du Bateau fant\u00f4me.<\/a><\/li><li><strong>June 4, 2020<\/strong> &#8211; <a href=\"https:\/\/www.mmq.qc.ca\/wp-content\/uploads\/2021\/01\/2020_06_Communique_MMQ_nomination_conservateur.pdf\">Du sang neuf au Mus\u00e9e maritime du Qu\u00e9bec<\/a><\/li><li><strong>January 31, 2020<\/strong> &#8211; <a href=\"https:\/\/www.mmq.qc.ca\/wp-content\/uploads\/2021\/01\/2020_01_MMQ_Communique_MarchePolaire.pdf\">Se r\u00e9approprier le fleuve en hiver<\/a><\/li><\/ul>\n\n\n\n<h4 class=\"wp-block-heading\">2019<\/h4>\n\n\n\n<ul class=\"wp-block-list\"><li><strong>June 11, 2019<\/strong> &#8211; <a href=\"https:\/\/www.mmq.qc.ca\/wp-content\/uploads\/2021\/01\/2019_11_MMQ_Communique_Programmation_MMQ.pdf\">Famille et virage num\u00e9rique au c\u0153ur de la programmation estivale 2019<\/a><\/li><li><strong>September 27, 2019<\/strong> &#8211; <a href=\"https:\/\/www.mmq.qc.ca\/wp-content\/uploads\/2021\/01\/2019_10_MMQ_Communique_Bateaufantome2019.pdf\">Le 26 octobre prochain, un bateau ensorcel\u00e9 accoste \u00e0 L\u2019Islet !<\/a><\/li><li><strong>August 20, 2019<\/strong> &#8211; <a href=\"https:\/\/www.mmq.qc.ca\/wp-content\/uploads\/2021\/01\/2019_08_MMQ_Communique_HommageBarbaraPouliot_vangl.pdf\">Mus\u00e9e maritime du Qu\u00e9bec salutes Barbara Pouliot for her significant contribution to Quebec\u2019s maritime memory<\/a><\/li><li><strong>January 30, 2019 &#8211;<\/strong> <a href=\"https:\/\/www.mmq.qc.ca\/wp-content\/uploads\/2021\/01\/2019_01_MMQ_communique_nominationDG.pdf\">Nomination au Mus\u00e9e maritime du Qu\u00e9bec, Marie-Claude Gamache, nouvelle directrice g\u00e9n\u00e9rale<\/a><\/li><\/ul>\n\n\n\n<div style=\"height:100px\" aria-hidden=\"true\" class=\"wp-block-spacer\"><\/div>\n\n\n\n<h2 class=\"wp-block-heading\">Photos<\/h2>\n\n\n\n<figure class=\"wp-block-image size-large is-resized\"><img loading=\"lazy\" decoding=\"async\" src=\"https:\/\/www.mmq.qc.ca\/wp-content\/uploads\/2020\/11\/musee-maritime-du-quebec-facade-563x375.jpg\" alt=\"\" class=\"wp-image-1376\" width=\"422\" height=\"281\" srcset=\"https:\/\/www.mmq.qc.ca\/wp-content\/uploads\/2020\/11\/musee-maritime-du-quebec-facade-563x375.jpg 563w, https:\/\/www.mmq.qc.ca\/wp-content\/uploads\/2020\/11\/musee-maritime-du-quebec-facade-300x200.jpg 300w, https:\/\/www.mmq.qc.ca\/wp-content\/uploads\/2020\/11\/musee-maritime-du-quebec-facade-768x512.jpg 768w, https:\/\/www.mmq.qc.ca\/wp-content\/uploads\/2020\/11\/musee-maritime-du-quebec-facade-762x508.jpg 762w, https:\/\/www.mmq.qc.ca\/wp-content\/uploads\/2020\/11\/musee-maritime-du-quebec-facade-361x241.jpg 361w, https:\/\/www.mmq.qc.ca\/wp-content\/uploads\/2020\/11\/musee-maritime-du-quebec-facade-261x174.jpg 261w, https:\/\/www.mmq.qc.ca\/wp-content\/uploads\/2020\/11\/musee-maritime-du-quebec-facade-462x308.jpg 462w, https:\/\/www.mmq.qc.ca\/wp-content\/uploads\/2020\/11\/musee-maritime-du-quebec-facade-660x440.jpg 660w, https:\/\/www.mmq.qc.ca\/wp-content\/uploads\/2020\/11\/musee-maritime-du-quebec-facade-955x637.jpg 955w, https:\/\/www.mmq.qc.ca\/wp-content\/uploads\/2020\/11\/musee-maritime-du-quebec-facade.jpg 1200w\" sizes=\"auto, (max-width: 422px) 100vw, 422px\" \/><figcaption><br><a href=\"https:\/\/drive.google.com\/drive\/folders\/1S2DtRcvoSIp-bsxzf8sElG4SPjBFtgK2?usp=sharing\">Photos of the Mus\u00e9e maritime du Qu\u00e9bec<\/a><\/figcaption><\/figure>\n\n\n\n<p><\/p>\n","protected":false},"excerpt":{"rendered":"Welcome to the Media section! Here you will find the latest press releases and pictures of the Mus\u00e9e maritime du Qu\u00e9bec from different perspectives: the exhibitions, the building, the ship museums and the Riverfront Park. For interviews or additional information, please contact: BROUILLARD CommunicationCommunications\u00a0firm specializing in press relations418\u00a0682-6111equipe@brouillard.com Press Releases 2023 May 29 juin 2023\u00a0\u2013\u00a0Plusieurs&#8230; <a class=\"view-article\" href=\"https:\/\/www.mmq.qc.ca\/en\/media\/\">View Article<\/a>","protected":false},"author":1,"featured_media":0,"parent":0,"menu_order":0,"comment_status":"closed","ping_status":"closed","template":"","meta":{"_acf_changed":false,"footnotes":""},"class_list":["post-1654","page","type-page","status-publish","hentry"],"acf":[],"yoast_head":"<!-- This site is optimized with the Yoast SEO plugin v26.7 - https:\/\/yoast.com\/wordpress\/plugins\/seo\/ -->\n<title>Photos, Press Releases | Mus\u00e9e maritime du Qu\u00e9bec<\/title>\n<meta name=\"description\" content=\"This section is for members of the media and the press. View the Museum\u2019s press releases and download photos.\" \/>\n<meta name=\"robots\" content=\"index, follow, max-snippet:-1, max-image-preview:large, max-video-preview:-1\" \/>\n<link rel=\"canonical\" href=\"https:\/\/www.mmq.qc.ca\/en\/media\/\" \/>\n<meta property=\"og:locale\" content=\"en_US\" \/>\n<meta property=\"og:type\" content=\"article\" \/>\n<meta property=\"og:title\" content=\"Photos, Press Releases | Mus\u00e9e maritime du Qu\u00e9bec\" \/>\n<meta property=\"og:description\" content=\"This section is for members of the media and the press. View the Museum\u2019s press releases and download photos.\" \/>\n<meta property=\"og:url\" content=\"https:\/\/www.mmq.qc.ca\/en\/media\/\" \/>\n<meta property=\"og:site_name\" content=\"Mus\u00e9e Maritime du Qu\u00e9bec\" \/>\n<meta property=\"article:modified_time\" content=\"2023-05-29T18:25:44+00:00\" \/>\n<meta property=\"og:image\" content=\"https:\/\/www.mmq.qc.ca\/wp-content\/uploads\/2020\/11\/musee-maritime-du-quebec-facade-563x375.jpg\" \/>\n<meta name=\"twitter:card\" content=\"summary_large_image\" \/>\n<meta name=\"twitter:label1\" content=\"Est. reading time\" \/>\n\t<meta name=\"twitter:data1\" content=\"2 minutes\" \/>\n<script type=\"application\/ld+json\" class=\"yoast-schema-graph\">{\"@context\":\"https:\/\/schema.org\",\"@graph\":[{\"@type\":\"WebPage\",\"@id\":\"https:\/\/www.mmq.qc.ca\/en\/media\/\",\"url\":\"https:\/\/www.mmq.qc.ca\/en\/media\/\",\"name\":\"Photos, Press Releases | Mus\u00e9e maritime du Qu\u00e9bec\",\"isPartOf\":{\"@id\":\"https:\/\/www.mmq.qc.ca\/#website\"},\"primaryImageOfPage\":{\"@id\":\"https:\/\/www.mmq.qc.ca\/en\/media\/#primaryimage\"},\"image\":{\"@id\":\"https:\/\/www.mmq.qc.ca\/en\/media\/#primaryimage\"},\"thumbnailUrl\":\"https:\/\/www.mmq.qc.ca\/wp-content\/uploads\/2020\/11\/musee-maritime-du-quebec-facade-563x375.jpg\",\"datePublished\":\"2021-01-12T15:24:49+00:00\",\"dateModified\":\"2023-05-29T18:25:44+00:00\",\"description\":\"This section is for members of the media and the press. View the Museum\u2019s press releases and download photos.\",\"breadcrumb\":{\"@id\":\"https:\/\/www.mmq.qc.ca\/en\/media\/#breadcrumb\"},\"inLanguage\":\"en-US\",\"potentialAction\":[{\"@type\":\"ReadAction\",\"target\":[\"https:\/\/www.mmq.qc.ca\/en\/media\/\"]}]},{\"@type\":\"ImageObject\",\"inLanguage\":\"en-US\",\"@id\":\"https:\/\/www.mmq.qc.ca\/en\/media\/#primaryimage\",\"url\":\"https:\/\/www.mmq.qc.ca\/wp-content\/uploads\/2020\/11\/musee-maritime-du-quebec-facade-563x375.jpg\",\"contentUrl\":\"https:\/\/www.mmq.qc.ca\/wp-content\/uploads\/2020\/11\/musee-maritime-du-quebec-facade-563x375.jpg\"},{\"@type\":\"BreadcrumbList\",\"@id\":\"https:\/\/www.mmq.qc.ca\/en\/media\/#breadcrumb\",\"itemListElement\":[{\"@type\":\"ListItem\",\"position\":1,\"name\":\"Home\",\"item\":\"https:\/\/www.mmq.qc.ca\/en\/\"},{\"@type\":\"ListItem\",\"position\":2,\"name\":\"Museum Press Releases and Photos\"}]},{\"@type\":\"WebSite\",\"@id\":\"https:\/\/www.mmq.qc.ca\/#website\",\"url\":\"https:\/\/www.mmq.qc.ca\/\",\"name\":\"Mus\u00e9e Maritime du Qu\u00e9bec\",\"description\":\"Notre histoire venue du Fleuve\",\"potentialAction\":[{\"@type\":\"SearchAction\",\"target\":{\"@type\":\"EntryPoint\",\"urlTemplate\":\"https:\/\/www.mmq.qc.ca\/?s={search_term_string}\"},\"query-input\":{\"@type\":\"PropertyValueSpecification\",\"valueRequired\":true,\"valueName\":\"search_term_string\"}}],\"inLanguage\":\"en-US\"}]}<\/script>\n<!-- \/ Yoast SEO plugin. -->","yoast_head_json":{"title":"Photos, Press Releases | Mus\u00e9e maritime du Qu\u00e9bec","description":"This section is for members of the media and the press. View the Museum\u2019s press releases and download photos.","robots":{"index":"index","follow":"follow","max-snippet":"max-snippet:-1","max-image-preview":"max-image-preview:large","max-video-preview":"max-video-preview:-1"},"canonical":"https:\/\/www.mmq.qc.ca\/en\/media\/","og_locale":"en_US","og_type":"article","og_title":"Photos, Press Releases | Mus\u00e9e maritime du Qu\u00e9bec","og_description":"This section is for members of the media and the press. View the Museum\u2019s press releases and download photos.","og_url":"https:\/\/www.mmq.qc.ca\/en\/media\/","og_site_name":"Mus\u00e9e Maritime du Qu\u00e9bec","article_modified_time":"2023-05-29T18:25:44+00:00","og_image":[{"url":"https:\/\/www.mmq.qc.ca\/wp-content\/uploads\/2020\/11\/musee-maritime-du-quebec-facade-563x375.jpg","type":"","width":"","height":""}],"twitter_card":"summary_large_image","twitter_misc":{"Est. reading time":"2 minutes"},"schema":{"@context":"https:\/\/schema.org","@graph":[{"@type":"WebPage","@id":"https:\/\/www.mmq.qc.ca\/en\/media\/","url":"https:\/\/www.mmq.qc.ca\/en\/media\/","name":"Photos, Press Releases | Mus\u00e9e maritime du Qu\u00e9bec","isPartOf":{"@id":"https:\/\/www.mmq.qc.ca\/#website"},"primaryImageOfPage":{"@id":"https:\/\/www.mmq.qc.ca\/en\/media\/#primaryimage"},"image":{"@id":"https:\/\/www.mmq.qc.ca\/en\/media\/#primaryimage"},"thumbnailUrl":"https:\/\/www.mmq.qc.ca\/wp-content\/uploads\/2020\/11\/musee-maritime-du-quebec-facade-563x375.jpg","datePublished":"2021-01-12T15:24:49+00:00","dateModified":"2023-05-29T18:25:44+00:00","description":"This section is for members of the media and the press. View the Museum\u2019s press releases and download photos.","breadcrumb":{"@id":"https:\/\/www.mmq.qc.ca\/en\/media\/#breadcrumb"},"inLanguage":"en-US","potentialAction":[{"@type":"ReadAction","target":["https:\/\/www.mmq.qc.ca\/en\/media\/"]}]},{"@type":"ImageObject","inLanguage":"en-US","@id":"https:\/\/www.mmq.qc.ca\/en\/media\/#primaryimage","url":"https:\/\/www.mmq.qc.ca\/wp-content\/uploads\/2020\/11\/musee-maritime-du-quebec-facade-563x375.jpg","contentUrl":"https:\/\/www.mmq.qc.ca\/wp-content\/uploads\/2020\/11\/musee-maritime-du-quebec-facade-563x375.jpg"},{"@type":"BreadcrumbList","@id":"https:\/\/www.mmq.qc.ca\/en\/media\/#breadcrumb","itemListElement":[{"@type":"ListItem","position":1,"name":"Home","item":"https:\/\/www.mmq.qc.ca\/en\/"},{"@type":"ListItem","position":2,"name":"Museum Press Releases and Photos"}]},{"@type":"WebSite","@id":"https:\/\/www.mmq.qc.ca\/#website","url":"https:\/\/www.mmq.qc.ca\/","name":"Mus\u00e9e Maritime du Qu\u00e9bec","description":"Notre histoire venue du Fleuve","potentialAction":[{"@type":"SearchAction","target":{"@type":"EntryPoint","urlTemplate":"https:\/\/www.mmq.qc.ca\/?s={search_term_string}"},"query-input":{"@type":"PropertyValueSpecification","valueRequired":true,"valueName":"search_term_string"}}],"inLanguage":"en-US"}]}},"_links":{"self":[{"href":"https:\/\/www.mmq.qc.ca\/en\/wp-json\/wp\/v2\/pages\/1654","targetHints":{"allow":["GET"]}}],"collection":[{"href":"https:\/\/www.mmq.qc.ca\/en\/wp-json\/wp\/v2\/pages"}],"about":[{"href":"https:\/\/www.mmq.qc.ca\/en\/wp-json\/wp\/v2\/types\/page"}],"author":[{"embeddable":true,"href":"https:\/\/www.mmq.qc.ca\/en\/wp-json\/wp\/v2\/users\/1"}],"replies":[{"embeddable":true,"href":"https:\/\/www.mmq.qc.ca\/en\/wp-json\/wp\/v2\/comments?post=1654"}],"version-history":[{"count":13,"href":"https:\/\/www.mmq.qc.ca\/en\/wp-json\/wp\/v2\/pages\/1654\/revisions"}],"predecessor-version":[{"id":5226,"href":"https:\/\/www.mmq.qc.ca\/en\/wp-json\/wp\/v2\/pages\/1654\/revisions\/5226"}],"wp:attachment":[{"href":"https:\/\/www.mmq.qc.ca\/en\/wp-json\/wp\/v2\/media?parent=1654"}],"curies":[{"name":"wp","href":"https:\/\/api.w.org\/{rel}","templated":true}]}}