{"id":1651,"date":"2021-01-12T10:01:29","date_gmt":"2021-01-12T15:01:29","guid":{"rendered":"https:\/\/www.mmq.qc.ca\/?page_id=1651"},"modified":"2021-04-19T11:08:51","modified_gmt":"2021-04-19T15:08:51","slug":"museum-partners","status":"publish","type":"page","link":"https:\/\/www.mmq.qc.ca\/en\/contribute-to-the-museum\/museum-partners\/","title":{"rendered":"Museum Partners"},"content":{"rendered":"\n<p>The Museum benefits from the support of many invaluable partners. Thanks to their contribution, an exceptional program and a memorable museum experience can be offered to our visitors.<\/p>\n\n\n\n<p>We wish to highlight their contribution and extend our warm thanks to them.<\/p>\n\n\n\n<div style=\"height:49px\" aria-hidden=\"true\" class=\"wp-block-spacer\"><\/div>\n\n\n\n<h3 class=\"wp-block-heading\">Financial Partners <\/h3>\n\n\n\n<p><a href=\"https:\/\/www.mmq.qc.ca\/en\/fondation-capitaine-je-bernier\/\"><em>Fondation du Capitaine J.E. Bernier<\/em><\/a><\/p>\n\n\n\n<p><a href=\"https:\/\/www.desjardins.com\/\"><em>Desjardins<\/em><\/a><em> &amp; <\/em><a href=\"https:\/\/www.desjardins.com\/fr\/votre_caisse\/accueil.jsp?transit=81520124\"><em>Caisse Desjardins du Nord de L\u2019Islet<\/em><\/a><\/p>\n\n\n\n<p><a href=\"https:\/\/www.rousseaumetal.com\/int_fr\/pourquoi-rousseau\/\"><em>Rousseau&nbsp;inc.<\/em><\/a><\/p>\n\n\n\n<p><a href=\"http:\/\/www.mea.ca\/\"><em>Association des employeurs maritimes<\/em><\/a><\/p>\n\n\n\n<p><a href=\"http:\/\/cpbsl.ca\/\"><em>Corporation des pilotes du Bas-Saint-Laurent<\/em><\/a><\/p>\n\n\n\n<p><a href=\"http:\/\/carrieres.seaway.ca\/index.html\"><em>Corporation de gestion de la voie maritime du Saint-Laurent<\/em><\/a><\/p>\n\n\n\n<p><a href=\"http:\/\/www.cpslc.ca\/accueil\/\"><em>Corporation des pilotes du Saint-Laurent Central&nbsp;<\/em><\/a><\/p>\n\n\n\n<p><a href=\"http:\/\/www.pilotagestlaurent.gc.ca\/fr\/index.html\"><em>Administration de pilotage des Laurentides<\/em><\/a><\/p>\n\n\n\n<p><a href=\"http:\/\/www.quebecphilanthrope.org\/\"><em>Fondation Qu\u00e9bec Philanthrope<\/em><\/a><\/p>\n\n\n\n<p><a href=\"http:\/\/www.imq.qc.ca\/\"><em>Institut maritime du Qu\u00e9bec<\/em><\/a><\/p>\n\n\n\n<p><a href=\"http:\/\/www.bernardgenereux.ca\/fr\/\"><em>Bernard G\u00e9n\u00e9reux, d\u00e9put\u00e9 de Montmagny\u2015L\u2019Islet\u2015Kamouraska\u2015Rivi\u00e8re-du-Loup<\/em><\/a><\/p>\n\n\n\n<p><a href=\"http:\/\/www.assnat.qc.ca\/en\/deputes\/proulx-marie-eve-17915\/index.html\">Marie-Eve Proulx<em>, d\u00e9put\u00e9e de&nbsp;C\u00f4te-du-Sud<\/em><\/a><\/p>\n\n\n\n<div style=\"height:49px\" aria-hidden=\"true\" class=\"wp-block-spacer\"><\/div>\n\n\n\n<h3 class=\"wp-block-heading\">Project Partners<\/h3>\n\n\n\n<p><a href=\"https:\/\/www.6temti.ca\/services\/\"><em>6TemTI<\/em><\/a><\/p>\n\n\n\n<p><a href=\"http:\/\/aubergedesglacis.com\/\"><em>Auberge des Glacis<\/em><\/a><\/p>\n\n\n\n<p><em>Auvents DJR<\/em><\/p>\n\n\n\n<p><a href=\"http:\/\/www.cscotesud.qc.ca\/\"><em>Centre de services scolaire de la C\u00f4te-du-Sud&nbsp;<\/em><\/a><\/p>\n\n\n\n<p><a href=\"https:\/\/construction-langis-normand-inc.business.site\/\"><em>Construction Langis Normand<\/em><\/a><\/p>\n\n\n\n<p><a href=\"https:\/\/www.cacli.qc.ca\/\"><em>Corporation des arts et de la culture de L\u2019Islet&nbsp;<\/em><\/a><\/p>\n\n\n\n<p><a href=\"http:\/\/www.ameriquefrancaise.org\/fr\/\"><em>Encyclop\u00e9die du patrimoine culturel de l\u2019Am\u00e9rique fran\u00e7aise&nbsp;<\/em><\/a><\/p>\n\n\n\n<p><a href=\"http:\/\/chantsmarins.com\/\"><em>F\u00eate des chants de marins de Saint-Jean-Port-Joli<\/em><\/a><\/p>\n\n\n\n<p><a href=\"https:\/\/www.facebook.com\/irhmas\/\"><em>Institut de recherche en histoire maritime et arch\u00e9ologie subaquatique<\/em><em>&nbsp;<\/em><\/a><\/p>\n\n\n\n<p><a href=\"https:\/\/www.fetedeleaudelevis.com\/\"><em>La F\u00eate de l\u2019eau de L\u00e9vis<\/em><\/a><\/p>\n\n\n\n<p><a href=\"http:\/\/www.laseigneuriedesaulnaies.qc.ca\/\"><em>La Seigneurie des Aulnaies<\/em><\/a><\/p>\n\n\n\n<p><a href=\"http:\/\/www.archeoquebec.com\/fr\/activites\/le-mois-de-larcheologie\/programmation\"><em>Le Mois de l\u2019arch\u00e9ologie<\/em><\/a><\/p>\n\n\n\n<p><a href=\"https:\/\/www.marchestradition.com\/magasin\/779\/?utm_source=G&amp;utm_medium=lpm&amp;utm_campaign=SobeysMontreal\"><em>March\u00e9 Aubonne Tradition&nbsp;<\/em><\/a><\/p>\n\n\n\n<p><a href=\"https:\/\/cotedusud.chaudiereappalaches.com\/fr\/accueil\/\"><em>Office du tourisme de la MRC de L\u2019Islet<\/em><\/a><\/p>\n\n\n\n<p><a href=\"http:\/\/partonslamerestbelle.ca\"><em>Partons la mer est belle.ca&nbsp;<\/em><\/a><\/p>\n\n\n\n<p><a href=\"http:\/\/www.reseaubiblioduquebec.qc.ca\/portail\/index.aspx?page=1\"><em>R\u00e9seau BIBLIO du Qu\u00e9bec<\/em><\/a><\/p>\n\n\n\n<p><a href=\"http:\/\/www.ruralys.org\/\"><em>Ruralys<\/em><\/a><\/p>\n\n\n\n<p><a href=\"http:\/\/ethnologiequebec.org\/\"><em>Soci\u00e9t\u00e9 qu\u00e9b\u00e9coise d\u2019ethnologie<\/em><\/a><\/p>\n\n\n\n<p><a href=\"https:\/\/chaudiereappalaches.com\/fr\/\"><em>Tourisme Chaudi\u00e8re-Appalaches<\/em><\/a><\/p>\n","protected":false},"excerpt":{"rendered":"The Museum benefits from the support of many invaluable partners. Thanks to their contribution, an exceptional program and a memorable museum experience can be offered to our visitors. We wish to highlight their contribution and extend our warm thanks to them. Financial Partners Fondation du Capitaine J.E. Bernier Desjardins &amp; Caisse Desjardins du Nord de&#8230; <a class=\"view-article\" href=\"https:\/\/www.mmq.qc.ca\/en\/contribute-to-the-museum\/museum-partners\/\">View Article<\/a>","protected":false},"author":1,"featured_media":0,"parent":1640,"menu_order":0,"comment_status":"closed","ping_status":"closed","template":"","meta":{"_acf_changed":false,"footnotes":""},"class_list":["post-1651","page","type-page","status-publish","hentry"],"acf":[],"yoast_head":"<!-- This site is optimized with the Yoast SEO plugin v26.7 - https:\/\/yoast.com\/wordpress\/plugins\/seo\/ -->\n<title>Museum Partners - Mus\u00e9e Maritime du Qu\u00e9bec<\/title>\n<meta name=\"description\" content=\"Become a partner of the Mus\u00e9e maritime du Qu\u00e9bec! Show your support by making a donation, volunteering or becoming a member.\" \/>\n<meta name=\"robots\" content=\"index, follow, max-snippet:-1, max-image-preview:large, max-video-preview:-1\" \/>\n<link rel=\"canonical\" href=\"https:\/\/www.mmq.qc.ca\/en\/contribute-to-the-museum\/museum-partners\/\" \/>\n<meta property=\"og:locale\" content=\"en_US\" \/>\n<meta property=\"og:type\" content=\"article\" \/>\n<meta property=\"og:title\" content=\"Museum Partners - Mus\u00e9e Maritime du Qu\u00e9bec\" \/>\n<meta property=\"og:description\" content=\"Become a partner of the Mus\u00e9e maritime du Qu\u00e9bec! Show your support by making a donation, volunteering or becoming a member.\" \/>\n<meta property=\"og:url\" content=\"https:\/\/www.mmq.qc.ca\/en\/contribute-to-the-museum\/museum-partners\/\" \/>\n<meta property=\"og:site_name\" content=\"Mus\u00e9e Maritime du Qu\u00e9bec\" \/>\n<meta property=\"article:modified_time\" content=\"2021-04-19T15:08:51+00:00\" \/>\n<meta name=\"twitter:card\" content=\"summary_large_image\" \/>\n<meta name=\"twitter:label1\" content=\"Est. reading time\" \/>\n\t<meta name=\"twitter:data1\" content=\"1 minute\" \/>\n<script type=\"application\/ld+json\" class=\"yoast-schema-graph\">{\"@context\":\"https:\/\/schema.org\",\"@graph\":[{\"@type\":\"WebPage\",\"@id\":\"https:\/\/www.mmq.qc.ca\/en\/contribute-to-the-museum\/museum-partners\/\",\"url\":\"https:\/\/www.mmq.qc.ca\/en\/contribute-to-the-museum\/museum-partners\/\",\"name\":\"Museum Partners - Mus\u00e9e Maritime du Qu\u00e9bec\",\"isPartOf\":{\"@id\":\"https:\/\/www.mmq.qc.ca\/#website\"},\"datePublished\":\"2021-01-12T15:01:29+00:00\",\"dateModified\":\"2021-04-19T15:08:51+00:00\",\"description\":\"Become a partner of the Mus\u00e9e maritime du Qu\u00e9bec! Show your support by making a donation, volunteering or becoming a member.\",\"breadcrumb\":{\"@id\":\"https:\/\/www.mmq.qc.ca\/en\/contribute-to-the-museum\/museum-partners\/#breadcrumb\"},\"inLanguage\":\"en-US\",\"potentialAction\":[{\"@type\":\"ReadAction\",\"target\":[\"https:\/\/www.mmq.qc.ca\/en\/contribute-to-the-museum\/museum-partners\/\"]}]},{\"@type\":\"BreadcrumbList\",\"@id\":\"https:\/\/www.mmq.qc.ca\/en\/contribute-to-the-museum\/museum-partners\/#breadcrumb\",\"itemListElement\":[{\"@type\":\"ListItem\",\"position\":1,\"name\":\"Home\",\"item\":\"https:\/\/www.mmq.qc.ca\/en\/\"},{\"@type\":\"ListItem\",\"position\":2,\"name\":\"Contribute to the museum\",\"item\":\"https:\/\/www.mmq.qc.ca\/en\/contribute-to-the-museum\/\"},{\"@type\":\"ListItem\",\"position\":3,\"name\":\"Museum Partners\"}]},{\"@type\":\"WebSite\",\"@id\":\"https:\/\/www.mmq.qc.ca\/#website\",\"url\":\"https:\/\/www.mmq.qc.ca\/\",\"name\":\"Mus\u00e9e Maritime du Qu\u00e9bec\",\"description\":\"Notre histoire venue du Fleuve\",\"potentialAction\":[{\"@type\":\"SearchAction\",\"target\":{\"@type\":\"EntryPoint\",\"urlTemplate\":\"https:\/\/www.mmq.qc.ca\/?s={search_term_string}\"},\"query-input\":{\"@type\":\"PropertyValueSpecification\",\"valueRequired\":true,\"valueName\":\"search_term_string\"}}],\"inLanguage\":\"en-US\"}]}<\/script>\n<!-- \/ Yoast SEO plugin. -->","yoast_head_json":{"title":"Museum Partners - Mus\u00e9e Maritime du Qu\u00e9bec","description":"Become a partner of the Mus\u00e9e maritime du Qu\u00e9bec! Show your support by making a donation, volunteering or becoming a member.","robots":{"index":"index","follow":"follow","max-snippet":"max-snippet:-1","max-image-preview":"max-image-preview:large","max-video-preview":"max-video-preview:-1"},"canonical":"https:\/\/www.mmq.qc.ca\/en\/contribute-to-the-museum\/museum-partners\/","og_locale":"en_US","og_type":"article","og_title":"Museum Partners - Mus\u00e9e Maritime du Qu\u00e9bec","og_description":"Become a partner of the Mus\u00e9e maritime du Qu\u00e9bec! Show your support by making a donation, volunteering or becoming a member.","og_url":"https:\/\/www.mmq.qc.ca\/en\/contribute-to-the-museum\/museum-partners\/","og_site_name":"Mus\u00e9e Maritime du Qu\u00e9bec","article_modified_time":"2021-04-19T15:08:51+00:00","twitter_card":"summary_large_image","twitter_misc":{"Est. reading time":"1 minute"},"schema":{"@context":"https:\/\/schema.org","@graph":[{"@type":"WebPage","@id":"https:\/\/www.mmq.qc.ca\/en\/contribute-to-the-museum\/museum-partners\/","url":"https:\/\/www.mmq.qc.ca\/en\/contribute-to-the-museum\/museum-partners\/","name":"Museum Partners - Mus\u00e9e Maritime du Qu\u00e9bec","isPartOf":{"@id":"https:\/\/www.mmq.qc.ca\/#website"},"datePublished":"2021-01-12T15:01:29+00:00","dateModified":"2021-04-19T15:08:51+00:00","description":"Become a partner of the Mus\u00e9e maritime du Qu\u00e9bec! Show your support by making a donation, volunteering or becoming a member.","breadcrumb":{"@id":"https:\/\/www.mmq.qc.ca\/en\/contribute-to-the-museum\/museum-partners\/#breadcrumb"},"inLanguage":"en-US","potentialAction":[{"@type":"ReadAction","target":["https:\/\/www.mmq.qc.ca\/en\/contribute-to-the-museum\/museum-partners\/"]}]},{"@type":"BreadcrumbList","@id":"https:\/\/www.mmq.qc.ca\/en\/contribute-to-the-museum\/museum-partners\/#breadcrumb","itemListElement":[{"@type":"ListItem","position":1,"name":"Home","item":"https:\/\/www.mmq.qc.ca\/en\/"},{"@type":"ListItem","position":2,"name":"Contribute to the museum","item":"https:\/\/www.mmq.qc.ca\/en\/contribute-to-the-museum\/"},{"@type":"ListItem","position":3,"name":"Museum Partners"}]},{"@type":"WebSite","@id":"https:\/\/www.mmq.qc.ca\/#website","url":"https:\/\/www.mmq.qc.ca\/","name":"Mus\u00e9e Maritime du Qu\u00e9bec","description":"Notre histoire venue du Fleuve","potentialAction":[{"@type":"SearchAction","target":{"@type":"EntryPoint","urlTemplate":"https:\/\/www.mmq.qc.ca\/?s={search_term_string}"},"query-input":{"@type":"PropertyValueSpecification","valueRequired":true,"valueName":"search_term_string"}}],"inLanguage":"en-US"}]}},"_links":{"self":[{"href":"https:\/\/www.mmq.qc.ca\/en\/wp-json\/wp\/v2\/pages\/1651","targetHints":{"allow":["GET"]}}],"collection":[{"href":"https:\/\/www.mmq.qc.ca\/en\/wp-json\/wp\/v2\/pages"}],"about":[{"href":"https:\/\/www.mmq.qc.ca\/en\/wp-json\/wp\/v2\/types\/page"}],"author":[{"embeddable":true,"href":"https:\/\/www.mmq.qc.ca\/en\/wp-json\/wp\/v2\/users\/1"}],"replies":[{"embeddable":true,"href":"https:\/\/www.mmq.qc.ca\/en\/wp-json\/wp\/v2\/comments?post=1651"}],"version-history":[{"count":3,"href":"https:\/\/www.mmq.qc.ca\/en\/wp-json\/wp\/v2\/pages\/1651\/revisions"}],"predecessor-version":[{"id":2910,"href":"https:\/\/www.mmq.qc.ca\/en\/wp-json\/wp\/v2\/pages\/1651\/revisions\/2910"}],"up":[{"embeddable":true,"href":"https:\/\/www.mmq.qc.ca\/en\/wp-json\/wp\/v2\/pages\/1640"}],"wp:attachment":[{"href":"https:\/\/www.mmq.qc.ca\/en\/wp-json\/wp\/v2\/media?parent=1651"}],"curies":[{"name":"wp","href":"https:\/\/api.w.org\/{rel}","templated":true}]}}