{"id":1647,"date":"2021-01-12T09:52:27","date_gmt":"2021-01-12T14:52:27","guid":{"rendered":"https:\/\/www.mmq.qc.ca\/?page_id=1647"},"modified":"2023-12-04T15:44:18","modified_gmt":"2023-12-04T20:44:18","slug":"in-kind-donations","status":"publish","type":"page","link":"https:\/\/www.mmq.qc.ca\/en\/contribute-to-the-museum\/in-kind-donations\/","title":{"rendered":"In-kind Donations"},"content":{"rendered":"\n<div style=\"height:45px\" aria-hidden=\"true\" class=\"wp-block-spacer\"><\/div>\n\n\n\n<p>Do you wish to make a financial contribution to the Museum\u2019s mission? A tax receipt will be issued and you will automatically receive a one-year membership (with a $50 minimum donation).&nbsp;<br><\/p>\n\n\n\n<div style=\"height:45px\" aria-hidden=\"true\" class=\"wp-block-spacer\"><\/div>\n\n\n\n<div id=\"\" class=\"acf-block acf-block-button \">\n    <a href=\"https:\/\/www.mmq.qc.ca\/wp-content\/uploads\/2023\/09\/Formulaire-Devenir-membre-du-Musee-finalRevise-sept-2023.pdf\" target=\"\" class=\"content-button content-button--secondary\">\n        Complete a membership form here    <\/a>\n<\/div>","protected":false},"excerpt":{"rendered":"Do you wish to make a financial contribution to the Museum\u2019s mission? A tax receipt will be issued and you will automatically receive a one-year membership (with a $50 minimum donation).&nbsp;","protected":false},"author":1,"featured_media":0,"parent":1640,"menu_order":0,"comment_status":"closed","ping_status":"closed","template":"","meta":{"_acf_changed":false,"footnotes":""},"class_list":["post-1647","page","type-page","status-publish","hentry"],"acf":[],"yoast_head":"<!-- This site is optimized with the Yoast SEO plugin v26.7 - https:\/\/yoast.com\/wordpress\/plugins\/seo\/ -->\n<title>In-kind Donations - Mus\u00e9e Maritime du Qu\u00e9bec<\/title>\n<meta name=\"description\" content=\"Become a partner of the Mus\u00e9e maritime du Qu\u00e9bec! Show your support by making a donation, volunteering or becoming a member.\" \/>\n<meta name=\"robots\" content=\"index, follow, max-snippet:-1, max-image-preview:large, max-video-preview:-1\" \/>\n<link rel=\"canonical\" href=\"https:\/\/www.mmq.qc.ca\/en\/contribute-to-the-museum\/in-kind-donations\/\" \/>\n<meta property=\"og:locale\" content=\"en_US\" \/>\n<meta property=\"og:type\" content=\"article\" \/>\n<meta property=\"og:title\" content=\"In-kind Donations - Mus\u00e9e Maritime du Qu\u00e9bec\" \/>\n<meta property=\"og:description\" content=\"Become a partner of the Mus\u00e9e maritime du Qu\u00e9bec! Show your support by making a donation, volunteering or becoming a member.\" \/>\n<meta property=\"og:url\" content=\"https:\/\/www.mmq.qc.ca\/en\/contribute-to-the-museum\/in-kind-donations\/\" \/>\n<meta property=\"og:site_name\" content=\"Mus\u00e9e Maritime du Qu\u00e9bec\" \/>\n<meta property=\"article:modified_time\" content=\"2023-12-04T20:44:18+00:00\" \/>\n<meta name=\"twitter:card\" content=\"summary_large_image\" \/>\n<meta name=\"twitter:label1\" content=\"Est. reading time\" \/>\n\t<meta name=\"twitter:data1\" content=\"1 minute\" \/>\n<script type=\"application\/ld+json\" class=\"yoast-schema-graph\">{\"@context\":\"https:\/\/schema.org\",\"@graph\":[{\"@type\":\"WebPage\",\"@id\":\"https:\/\/www.mmq.qc.ca\/en\/contribute-to-the-museum\/in-kind-donations\/\",\"url\":\"https:\/\/www.mmq.qc.ca\/en\/contribute-to-the-museum\/in-kind-donations\/\",\"name\":\"In-kind Donations - Mus\u00e9e Maritime du Qu\u00e9bec\",\"isPartOf\":{\"@id\":\"https:\/\/www.mmq.qc.ca\/#website\"},\"datePublished\":\"2021-01-12T14:52:27+00:00\",\"dateModified\":\"2023-12-04T20:44:18+00:00\",\"description\":\"Become a partner of the Mus\u00e9e maritime du Qu\u00e9bec! Show your support by making a donation, volunteering or becoming a member.\",\"breadcrumb\":{\"@id\":\"https:\/\/www.mmq.qc.ca\/en\/contribute-to-the-museum\/in-kind-donations\/#breadcrumb\"},\"inLanguage\":\"en-US\",\"potentialAction\":[{\"@type\":\"ReadAction\",\"target\":[\"https:\/\/www.mmq.qc.ca\/en\/contribute-to-the-museum\/in-kind-donations\/\"]}]},{\"@type\":\"BreadcrumbList\",\"@id\":\"https:\/\/www.mmq.qc.ca\/en\/contribute-to-the-museum\/in-kind-donations\/#breadcrumb\",\"itemListElement\":[{\"@type\":\"ListItem\",\"position\":1,\"name\":\"Home\",\"item\":\"https:\/\/www.mmq.qc.ca\/en\/\"},{\"@type\":\"ListItem\",\"position\":2,\"name\":\"Contribute to the museum\",\"item\":\"https:\/\/www.mmq.qc.ca\/en\/contribute-to-the-museum\/\"},{\"@type\":\"ListItem\",\"position\":3,\"name\":\"In-kind Donations\"}]},{\"@type\":\"WebSite\",\"@id\":\"https:\/\/www.mmq.qc.ca\/#website\",\"url\":\"https:\/\/www.mmq.qc.ca\/\",\"name\":\"Mus\u00e9e Maritime du Qu\u00e9bec\",\"description\":\"Notre histoire venue du Fleuve\",\"potentialAction\":[{\"@type\":\"SearchAction\",\"target\":{\"@type\":\"EntryPoint\",\"urlTemplate\":\"https:\/\/www.mmq.qc.ca\/?s={search_term_string}\"},\"query-input\":{\"@type\":\"PropertyValueSpecification\",\"valueRequired\":true,\"valueName\":\"search_term_string\"}}],\"inLanguage\":\"en-US\"}]}<\/script>\n<!-- \/ Yoast SEO plugin. -->","yoast_head_json":{"title":"In-kind Donations - Mus\u00e9e Maritime du Qu\u00e9bec","description":"Become a partner of the Mus\u00e9e maritime du Qu\u00e9bec! Show your support by making a donation, volunteering or becoming a member.","robots":{"index":"index","follow":"follow","max-snippet":"max-snippet:-1","max-image-preview":"max-image-preview:large","max-video-preview":"max-video-preview:-1"},"canonical":"https:\/\/www.mmq.qc.ca\/en\/contribute-to-the-museum\/in-kind-donations\/","og_locale":"en_US","og_type":"article","og_title":"In-kind Donations - Mus\u00e9e Maritime du Qu\u00e9bec","og_description":"Become a partner of the Mus\u00e9e maritime du Qu\u00e9bec! Show your support by making a donation, volunteering or becoming a member.","og_url":"https:\/\/www.mmq.qc.ca\/en\/contribute-to-the-museum\/in-kind-donations\/","og_site_name":"Mus\u00e9e Maritime du Qu\u00e9bec","article_modified_time":"2023-12-04T20:44:18+00:00","twitter_card":"summary_large_image","twitter_misc":{"Est. reading time":"1 minute"},"schema":{"@context":"https:\/\/schema.org","@graph":[{"@type":"WebPage","@id":"https:\/\/www.mmq.qc.ca\/en\/contribute-to-the-museum\/in-kind-donations\/","url":"https:\/\/www.mmq.qc.ca\/en\/contribute-to-the-museum\/in-kind-donations\/","name":"In-kind Donations - Mus\u00e9e Maritime du Qu\u00e9bec","isPartOf":{"@id":"https:\/\/www.mmq.qc.ca\/#website"},"datePublished":"2021-01-12T14:52:27+00:00","dateModified":"2023-12-04T20:44:18+00:00","description":"Become a partner of the Mus\u00e9e maritime du Qu\u00e9bec! Show your support by making a donation, volunteering or becoming a member.","breadcrumb":{"@id":"https:\/\/www.mmq.qc.ca\/en\/contribute-to-the-museum\/in-kind-donations\/#breadcrumb"},"inLanguage":"en-US","potentialAction":[{"@type":"ReadAction","target":["https:\/\/www.mmq.qc.ca\/en\/contribute-to-the-museum\/in-kind-donations\/"]}]},{"@type":"BreadcrumbList","@id":"https:\/\/www.mmq.qc.ca\/en\/contribute-to-the-museum\/in-kind-donations\/#breadcrumb","itemListElement":[{"@type":"ListItem","position":1,"name":"Home","item":"https:\/\/www.mmq.qc.ca\/en\/"},{"@type":"ListItem","position":2,"name":"Contribute to the museum","item":"https:\/\/www.mmq.qc.ca\/en\/contribute-to-the-museum\/"},{"@type":"ListItem","position":3,"name":"In-kind Donations"}]},{"@type":"WebSite","@id":"https:\/\/www.mmq.qc.ca\/#website","url":"https:\/\/www.mmq.qc.ca\/","name":"Mus\u00e9e Maritime du Qu\u00e9bec","description":"Notre histoire venue du Fleuve","potentialAction":[{"@type":"SearchAction","target":{"@type":"EntryPoint","urlTemplate":"https:\/\/www.mmq.qc.ca\/?s={search_term_string}"},"query-input":{"@type":"PropertyValueSpecification","valueRequired":true,"valueName":"search_term_string"}}],"inLanguage":"en-US"}]}},"_links":{"self":[{"href":"https:\/\/www.mmq.qc.ca\/en\/wp-json\/wp\/v2\/pages\/1647","targetHints":{"allow":["GET"]}}],"collection":[{"href":"https:\/\/www.mmq.qc.ca\/en\/wp-json\/wp\/v2\/pages"}],"about":[{"href":"https:\/\/www.mmq.qc.ca\/en\/wp-json\/wp\/v2\/types\/page"}],"author":[{"embeddable":true,"href":"https:\/\/www.mmq.qc.ca\/en\/wp-json\/wp\/v2\/users\/1"}],"replies":[{"embeddable":true,"href":"https:\/\/www.mmq.qc.ca\/en\/wp-json\/wp\/v2\/comments?post=1647"}],"version-history":[{"count":11,"href":"https:\/\/www.mmq.qc.ca\/en\/wp-json\/wp\/v2\/pages\/1647\/revisions"}],"predecessor-version":[{"id":5721,"href":"https:\/\/www.mmq.qc.ca\/en\/wp-json\/wp\/v2\/pages\/1647\/revisions\/5721"}],"up":[{"embeddable":true,"href":"https:\/\/www.mmq.qc.ca\/en\/wp-json\/wp\/v2\/pages\/1640"}],"wp:attachment":[{"href":"https:\/\/www.mmq.qc.ca\/en\/wp-json\/wp\/v2\/media?parent=1647"}],"curies":[{"name":"wp","href":"https:\/\/api.w.org\/{rel}","templated":true}]}}