{"id":1646,"date":"2021-01-12T09:56:13","date_gmt":"2021-01-12T14:56:13","guid":{"rendered":"https:\/\/www.mmq.qc.ca\/?page_id=1646"},"modified":"2025-12-17T11:37:42","modified_gmt":"2025-12-17T16:37:42","slug":"object-donations","status":"publish","type":"page","link":"https:\/\/www.mmq.qc.ca\/en\/contribute-to-the-museum\/object-donations\/","title":{"rendered":"Object Donations"},"content":{"rendered":"\n<div style=\"height:45px\" aria-hidden=\"true\" class=\"wp-block-spacer\"><\/div>\n\n\n\n<p><strong>Due to a significant volume of objects to process, a moratorium on donation offers is in place until the end of 2026. However, exceptional proposals related to the development of the collection may be considered.<\/strong> If you have maritime objects that align with the Museum&#8217;s mission, please complete the <strong><a href=\"https:\/\/www.mmq.qc.ca\/wp-content\/uploads\/2024\/12\/Formulaire_prop_don-ANG_2024-R.a-lecran-1.pdf\" target=\"_blank\" rel=\"noreferrer noopener\">donation proposal<\/a><\/strong> form to the best of your ability and return it to the following two email addresses:<strong> <a>technicien@mmq.qc.ca<\/a> <\/strong>and<strong> <a>conservation@mmq.qc.ca<\/a>, <\/strong>or send it by mail to:<\/p>\n\n\n\n<p class=\"has-text-align-center\"><strong>Mus\u00e9e maritime du Qu\u00e9bec<\/strong><br>63, chemin des Pionniers Est<br>L\u2019Islet (Qu\u00e9bec) G0R 2B0<\/p>\n\n\n\n<p><strong>Our team will be happy to connect with you to discover your maritime treasures!<\/strong><\/p>\n","protected":false},"excerpt":{"rendered":"Due to a significant volume of objects to process, a moratorium on donation offers is in place until the end of 2026. However, exceptional proposals related to the development of the collection may be considered. If you have maritime objects that align with the Museum&#8217;s mission, please complete the donation proposal form to the best&#8230; <a class=\"view-article\" href=\"https:\/\/www.mmq.qc.ca\/en\/contribute-to-the-museum\/object-donations\/\">View Article<\/a>","protected":false},"author":1,"featured_media":0,"parent":1640,"menu_order":0,"comment_status":"closed","ping_status":"closed","template":"","meta":{"_acf_changed":false,"footnotes":""},"class_list":["post-1646","page","type-page","status-publish","hentry"],"acf":[],"yoast_head":"<!-- This site is optimized with the Yoast SEO plugin v26.7 - https:\/\/yoast.com\/wordpress\/plugins\/seo\/ -->\n<title>Objects donation | Mus\u00e9e maritime du Qu\u00e9bec<\/title>\n<meta name=\"description\" content=\"Become a partner of the Mus\u00e9e maritime du Qu\u00e9bec! Show your support by making a donation, volunteering or becoming a member.\" \/>\n<meta name=\"robots\" content=\"index, follow, max-snippet:-1, max-image-preview:large, max-video-preview:-1\" \/>\n<link rel=\"canonical\" href=\"https:\/\/www.mmq.qc.ca\/en\/contribute-to-the-museum\/object-donations\/\" \/>\n<meta property=\"og:locale\" content=\"en_US\" \/>\n<meta property=\"og:type\" content=\"article\" \/>\n<meta property=\"og:title\" content=\"Objects donation | Mus\u00e9e maritime du Qu\u00e9bec\" \/>\n<meta property=\"og:description\" content=\"Become a partner of the Mus\u00e9e maritime du Qu\u00e9bec! Show your support by making a donation, volunteering or becoming a member.\" \/>\n<meta property=\"og:url\" content=\"https:\/\/www.mmq.qc.ca\/en\/contribute-to-the-museum\/object-donations\/\" \/>\n<meta property=\"og:site_name\" content=\"Mus\u00e9e Maritime du Qu\u00e9bec\" \/>\n<meta property=\"article:modified_time\" content=\"2025-12-17T16:37:42+00:00\" \/>\n<meta name=\"twitter:card\" content=\"summary_large_image\" \/>\n<meta name=\"twitter:label1\" content=\"Est. reading time\" \/>\n\t<meta name=\"twitter:data1\" content=\"1 minute\" \/>\n<script type=\"application\/ld+json\" class=\"yoast-schema-graph\">{\"@context\":\"https:\/\/schema.org\",\"@graph\":[{\"@type\":\"WebPage\",\"@id\":\"https:\/\/www.mmq.qc.ca\/en\/contribute-to-the-museum\/object-donations\/\",\"url\":\"https:\/\/www.mmq.qc.ca\/en\/contribute-to-the-museum\/object-donations\/\",\"name\":\"Objects donation | Mus\u00e9e maritime du Qu\u00e9bec\",\"isPartOf\":{\"@id\":\"https:\/\/www.mmq.qc.ca\/#website\"},\"datePublished\":\"2021-01-12T14:56:13+00:00\",\"dateModified\":\"2025-12-17T16:37:42+00:00\",\"description\":\"Become a partner of the Mus\u00e9e maritime du Qu\u00e9bec! Show your support by making a donation, volunteering or becoming a member.\",\"breadcrumb\":{\"@id\":\"https:\/\/www.mmq.qc.ca\/en\/contribute-to-the-museum\/object-donations\/#breadcrumb\"},\"inLanguage\":\"en-US\",\"potentialAction\":[{\"@type\":\"ReadAction\",\"target\":[\"https:\/\/www.mmq.qc.ca\/en\/contribute-to-the-museum\/object-donations\/\"]}]},{\"@type\":\"BreadcrumbList\",\"@id\":\"https:\/\/www.mmq.qc.ca\/en\/contribute-to-the-museum\/object-donations\/#breadcrumb\",\"itemListElement\":[{\"@type\":\"ListItem\",\"position\":1,\"name\":\"Home\",\"item\":\"https:\/\/www.mmq.qc.ca\/en\/\"},{\"@type\":\"ListItem\",\"position\":2,\"name\":\"Contribute to the museum\",\"item\":\"https:\/\/www.mmq.qc.ca\/en\/contribute-to-the-museum\/\"},{\"@type\":\"ListItem\",\"position\":3,\"name\":\"Object Donations\"}]},{\"@type\":\"WebSite\",\"@id\":\"https:\/\/www.mmq.qc.ca\/#website\",\"url\":\"https:\/\/www.mmq.qc.ca\/\",\"name\":\"Mus\u00e9e Maritime du Qu\u00e9bec\",\"description\":\"Notre histoire venue du Fleuve\",\"potentialAction\":[{\"@type\":\"SearchAction\",\"target\":{\"@type\":\"EntryPoint\",\"urlTemplate\":\"https:\/\/www.mmq.qc.ca\/?s={search_term_string}\"},\"query-input\":{\"@type\":\"PropertyValueSpecification\",\"valueRequired\":true,\"valueName\":\"search_term_string\"}}],\"inLanguage\":\"en-US\"}]}<\/script>\n<!-- \/ Yoast SEO plugin. -->","yoast_head_json":{"title":"Objects donation | Mus\u00e9e maritime du Qu\u00e9bec","description":"Become a partner of the Mus\u00e9e maritime du Qu\u00e9bec! Show your support by making a donation, volunteering or becoming a member.","robots":{"index":"index","follow":"follow","max-snippet":"max-snippet:-1","max-image-preview":"max-image-preview:large","max-video-preview":"max-video-preview:-1"},"canonical":"https:\/\/www.mmq.qc.ca\/en\/contribute-to-the-museum\/object-donations\/","og_locale":"en_US","og_type":"article","og_title":"Objects donation | Mus\u00e9e maritime du Qu\u00e9bec","og_description":"Become a partner of the Mus\u00e9e maritime du Qu\u00e9bec! Show your support by making a donation, volunteering or becoming a member.","og_url":"https:\/\/www.mmq.qc.ca\/en\/contribute-to-the-museum\/object-donations\/","og_site_name":"Mus\u00e9e Maritime du Qu\u00e9bec","article_modified_time":"2025-12-17T16:37:42+00:00","twitter_card":"summary_large_image","twitter_misc":{"Est. reading time":"1 minute"},"schema":{"@context":"https:\/\/schema.org","@graph":[{"@type":"WebPage","@id":"https:\/\/www.mmq.qc.ca\/en\/contribute-to-the-museum\/object-donations\/","url":"https:\/\/www.mmq.qc.ca\/en\/contribute-to-the-museum\/object-donations\/","name":"Objects donation | Mus\u00e9e maritime du Qu\u00e9bec","isPartOf":{"@id":"https:\/\/www.mmq.qc.ca\/#website"},"datePublished":"2021-01-12T14:56:13+00:00","dateModified":"2025-12-17T16:37:42+00:00","description":"Become a partner of the Mus\u00e9e maritime du Qu\u00e9bec! Show your support by making a donation, volunteering or becoming a member.","breadcrumb":{"@id":"https:\/\/www.mmq.qc.ca\/en\/contribute-to-the-museum\/object-donations\/#breadcrumb"},"inLanguage":"en-US","potentialAction":[{"@type":"ReadAction","target":["https:\/\/www.mmq.qc.ca\/en\/contribute-to-the-museum\/object-donations\/"]}]},{"@type":"BreadcrumbList","@id":"https:\/\/www.mmq.qc.ca\/en\/contribute-to-the-museum\/object-donations\/#breadcrumb","itemListElement":[{"@type":"ListItem","position":1,"name":"Home","item":"https:\/\/www.mmq.qc.ca\/en\/"},{"@type":"ListItem","position":2,"name":"Contribute to the museum","item":"https:\/\/www.mmq.qc.ca\/en\/contribute-to-the-museum\/"},{"@type":"ListItem","position":3,"name":"Object Donations"}]},{"@type":"WebSite","@id":"https:\/\/www.mmq.qc.ca\/#website","url":"https:\/\/www.mmq.qc.ca\/","name":"Mus\u00e9e Maritime du Qu\u00e9bec","description":"Notre histoire venue du Fleuve","potentialAction":[{"@type":"SearchAction","target":{"@type":"EntryPoint","urlTemplate":"https:\/\/www.mmq.qc.ca\/?s={search_term_string}"},"query-input":{"@type":"PropertyValueSpecification","valueRequired":true,"valueName":"search_term_string"}}],"inLanguage":"en-US"}]}},"_links":{"self":[{"href":"https:\/\/www.mmq.qc.ca\/en\/wp-json\/wp\/v2\/pages\/1646","targetHints":{"allow":["GET"]}}],"collection":[{"href":"https:\/\/www.mmq.qc.ca\/en\/wp-json\/wp\/v2\/pages"}],"about":[{"href":"https:\/\/www.mmq.qc.ca\/en\/wp-json\/wp\/v2\/types\/page"}],"author":[{"embeddable":true,"href":"https:\/\/www.mmq.qc.ca\/en\/wp-json\/wp\/v2\/users\/1"}],"replies":[{"embeddable":true,"href":"https:\/\/www.mmq.qc.ca\/en\/wp-json\/wp\/v2\/comments?post=1646"}],"version-history":[{"count":5,"href":"https:\/\/www.mmq.qc.ca\/en\/wp-json\/wp\/v2\/pages\/1646\/revisions"}],"predecessor-version":[{"id":7118,"href":"https:\/\/www.mmq.qc.ca\/en\/wp-json\/wp\/v2\/pages\/1646\/revisions\/7118"}],"up":[{"embeddable":true,"href":"https:\/\/www.mmq.qc.ca\/en\/wp-json\/wp\/v2\/pages\/1640"}],"wp:attachment":[{"href":"https:\/\/www.mmq.qc.ca\/en\/wp-json\/wp\/v2\/media?parent=1646"}],"curies":[{"name":"wp","href":"https:\/\/api.w.org\/{rel}","templated":true}]}}