{"id":1643,"date":"2021-01-12T10:16:02","date_gmt":"2021-01-12T15:16:02","guid":{"rendered":"https:\/\/www.mmq.qc.ca\/?page_id=1643"},"modified":"2025-12-17T14:21:31","modified_gmt":"2025-12-17T19:21:31","slug":"membership","status":"publish","type":"page","link":"https:\/\/www.mmq.qc.ca\/en\/contribute-to-the-museum\/membership\/","title":{"rendered":"Become a member!"},"content":{"rendered":"\n<div style=\"height:45px\" aria-hidden=\"true\" class=\"wp-block-spacer\"><\/div>\n\n\n\n<div id=\"\" class=\"acf-block acf-block-button \">\n    <a href=\"https:\/\/secure3.xpayrience.com\/musee_maritime_du_quebec_en\" target=\"\" class=\"content-button content-button--primary\">\n        Buy your ticket    <\/a>\n<\/div>\n\n\n<div style=\"height:45px\" aria-hidden=\"true\" class=\"wp-block-spacer\"><\/div>\n\n\n\n<h2 class=\"wp-block-heading\">Why should I become a member of the Mus\u00e9e maritime&nbsp;du Qu\u00e9bec?&nbsp;<\/h2>\n\n\n\n<p>Do you like visiting the Mus\u00e9e maritime du Qu\u00e9bec? Are you looking for original and enjoyable activities for your children? Would you like to support a cultural organization dedicated to the maritime heritage of Quebec? Would you like to contribute to the vitality of your region?&nbsp;<br><\/p>\n\n\n\n<p>All these reasons are worth becoming a member of the Museum! Here are the many membership advantages:<\/p>\n\n\n\n<p>For the year 2026, <strong>ONE free admission<\/strong> to each of the six other museums in Chaudi\u00e8re-Appalaches:<\/p>\n\n\n\n<p><a href=\"https:\/\/www.domainejoly.com\/\">Domaine Joly-De Lotbini\u00e8re<\/a><\/p>\n\n\n\n<p><a href=\"https:\/\/www.ecqsn.com\/\">L&#8217;espace culturel du quartier Saint-Nicolas<\/a><\/p>\n\n\n\n<p><a href=\"https:\/\/museeminero.com\/\" target=\"_blank\" rel=\"noreferrer noopener\">Min\u00e9ro- Mus\u00e9e de Thetford | KB3<\/a> <\/p>\n\n\n\n<p><a href=\"https:\/\/www.museemariusbarbeau.com\/\" target=\"_blank\" rel=\"noreferrer noopener\">Marius B. Mus\u00e9e<\/a><\/p>\n\n\n\n<p><a href=\"http:\/\/www.memoirevivante.org\/\">Mus\u00e9e de la m\u00e9moire vivante<\/a><\/p>\n\n\n\n<p><a href=\"https:\/\/www.laseigneuriedesaulnaies.qc.ca\">Seigneurie des Aulnaies<\/a><\/p>\n\n\n\n<ul class=\"wp-block-list\">\n<li>Unlimited visits to the exhibitions, museum ships, and the riverside park of the Mus\u00e9e maritime du Qu\u00e9bec<\/li>\n\n\n\n<li>Free access to many <a href=\"https:\/\/www.mmq.qc.ca\/en\/activities\/\">cultural program activities<\/a>: facilitated activities, workshops, talks, storytelling and other events*<\/li>\n\n\n\n<li>10% discount on your purchases at the <a href=\"https:\/\/www.mmq.qc.ca\/en\/preparing-your-visit\/shop\/\">Le Cabestan<\/a> shop<\/li>\n\n\n\n<li>All coffees and teas at <strong>$2.50 (taxes included)<\/strong> at the museum&#8217;s caf\u00e9 during all your membership period<\/li>\n\n\n\n<li>10% discount on other beverages and snacks at the museum&#8217;s caf\u00e9<\/li>\n\n\n\n<li>A right to vote at the general assembly<\/li>\n\n\n\n<li>Free newsletter subscription<\/li>\n<\/ul>\n\n\n\n<div style=\"height:49px\" aria-hidden=\"true\" class=\"wp-block-spacer\"><\/div>\n\n\n\n<h2 class=\"wp-block-heading\">How do I become a member?&nbsp; <\/h2>\n\n\n\n<p>To purchase your annual subscription to the Mus\u00e9e maritime du Qu\u00e9bec<\/p>\n\n\n\n<div style=\"height:49px\" aria-hidden=\"true\" class=\"wp-block-spacer\"><\/div>\n\n\n\n<div id=\"\" class=\"acf-block acf-block-button \">\n    <a href=\"https:\/\/secure3.xpayrience.com\/musee_maritime_du_quebec_en\" target=\"\" class=\"content-button content-button--primary\">\n        Go to the online ticket office    <\/a>\n<\/div>\n\n\n<div style=\"height:49px\" aria-hidden=\"true\" class=\"wp-block-spacer\"><\/div>\n\n\n\n<div style=\"height:90px\" aria-hidden=\"true\" class=\"wp-block-spacer\"><\/div>\n\n\n\n<h2 class=\"wp-block-heading\">Membership and Rate Grid<\/h2>\n\n\n\n<figure class=\"wp-block-table\"><table><tbody><tr><td>Category<\/td><td class=\"has-text-align-center\" data-align=\"center\">Annual Contribution<br>Taxes and Service Fees Not Included<\/td><\/tr><tr><td>Individual<\/td><td class=\"has-text-align-center\" data-align=\"center\">37,50 $<\/td><\/tr><tr><td>Student<br>Aged 18 to 30, upon presentation of a student card<\/td><td class=\"has-text-align-center\" data-align=\"center\">19,25 $<\/td><\/tr><tr><td>Youth<br>Aged 6 to 17 <\/td><td class=\"has-text-align-center\" data-align=\"center\">19,25 $<\/td><\/tr><tr><td>Family<br>(4 to 5 people \u2013 maximum 2 adults)<\/td><td class=\"has-text-align-center\" data-align=\"center\">90,50 $<\/td><\/tr><tr><td>School (by department)<\/td><td class=\"has-text-align-center\" data-align=\"center\">59,50 $<\/td><\/tr><tr><td>OBNL<br>4 free tickets<\/td><td class=\"has-text-align-center\" data-align=\"center\">59,50 $<\/td><\/tr><tr><td>Small and medium enterprise (5 to 100 employees)<br>5 free tickets&nbsp;&nbsp;<\/td><td class=\"has-text-align-center\" data-align=\"center\">68,50 $<\/td><\/tr><tr><td>Large entreprise (101 employees and more)<br>10 free tickets<\/td><td class=\"has-text-align-center\" data-align=\"center\">137,00 $<\/td><\/tr><tr><td>Benefactor<br>Tax receipt<\/td><td class=\"has-text-align-center\" data-align=\"center\">262,50 $<\/td><\/tr><tr><td>Philanthropist<br>Tax receipt<\/td><td class=\"has-text-align-center\" data-align=\"center\">525,00 $<\/td><\/tr><tr><td>Super philanthropist<br>Tax receipt<\/td><td class=\"has-text-align-center\" data-align=\"center\">525,00 $ and +<\/td><\/tr><\/tbody><\/table><\/figure>\n","protected":false},"excerpt":{"rendered":"Why should I become a member of the Mus\u00e9e maritime&nbsp;du Qu\u00e9bec?&nbsp; Do you like visiting the Mus\u00e9e maritime du Qu\u00e9bec? Are you looking for original and enjoyable activities for your children? Would you like to support a cultural organization dedicated to the maritime heritage of Quebec? Would you like to contribute to the vitality of&#8230; <a class=\"view-article\" href=\"https:\/\/www.mmq.qc.ca\/en\/contribute-to-the-museum\/membership\/\">View Article<\/a>","protected":false},"author":1,"featured_media":237,"parent":1640,"menu_order":0,"comment_status":"closed","ping_status":"closed","template":"","meta":{"_acf_changed":false,"footnotes":""},"class_list":["post-1643","page","type-page","status-publish","has-post-thumbnail","hentry"],"acf":[],"yoast_head":"<!-- This site is optimized with the Yoast SEO plugin v26.7 - https:\/\/yoast.com\/wordpress\/plugins\/seo\/ -->\n<title>Membership | Mus\u00e9e maritime du Qu\u00e9bec<\/title>\n<meta name=\"description\" content=\"How can you support the Mus\u00e9e maritime du Qu\u00e9bec? By becoming a member! Your membership can make a difference for your local cultural museum.\" \/>\n<meta name=\"robots\" content=\"index, follow, max-snippet:-1, max-image-preview:large, max-video-preview:-1\" \/>\n<link rel=\"canonical\" href=\"https:\/\/www.mmq.qc.ca\/en\/contribute-to-the-museum\/membership\/\" \/>\n<meta property=\"og:locale\" content=\"en_US\" \/>\n<meta property=\"og:type\" content=\"article\" \/>\n<meta property=\"og:title\" content=\"Membership | Mus\u00e9e maritime du Qu\u00e9bec\" \/>\n<meta property=\"og:description\" content=\"How can you support the Mus\u00e9e maritime du Qu\u00e9bec? By becoming a member! Your membership can make a difference for your local cultural museum.\" \/>\n<meta property=\"og:url\" content=\"https:\/\/www.mmq.qc.ca\/en\/contribute-to-the-museum\/membership\/\" \/>\n<meta property=\"og:site_name\" content=\"Mus\u00e9e Maritime du Qu\u00e9bec\" \/>\n<meta property=\"article:modified_time\" content=\"2025-12-17T19:21:31+00:00\" \/>\n<meta property=\"og:image\" content=\"https:\/\/www.mmq.qc.ca\/wp-content\/uploads\/2019\/11\/racines-de-mer-31@3x.jpg\" \/>\n\t<meta property=\"og:image:width\" content=\"1386\" \/>\n\t<meta property=\"og:image:height\" content=\"927\" \/>\n\t<meta property=\"og:image:type\" content=\"image\/jpeg\" \/>\n<meta name=\"twitter:card\" content=\"summary_large_image\" \/>\n<meta name=\"twitter:label1\" content=\"Est. reading time\" \/>\n\t<meta name=\"twitter:data1\" content=\"2 minutes\" \/>\n<script type=\"application\/ld+json\" class=\"yoast-schema-graph\">{\"@context\":\"https:\/\/schema.org\",\"@graph\":[{\"@type\":\"WebPage\",\"@id\":\"https:\/\/www.mmq.qc.ca\/en\/contribute-to-the-museum\/membership\/\",\"url\":\"https:\/\/www.mmq.qc.ca\/en\/contribute-to-the-museum\/membership\/\",\"name\":\"Membership | Mus\u00e9e maritime du Qu\u00e9bec\",\"isPartOf\":{\"@id\":\"https:\/\/www.mmq.qc.ca\/#website\"},\"primaryImageOfPage\":{\"@id\":\"https:\/\/www.mmq.qc.ca\/en\/contribute-to-the-museum\/membership\/#primaryimage\"},\"image\":{\"@id\":\"https:\/\/www.mmq.qc.ca\/en\/contribute-to-the-museum\/membership\/#primaryimage\"},\"thumbnailUrl\":\"https:\/\/www.mmq.qc.ca\/wp-content\/uploads\/2019\/11\/racines-de-mer-31@3x.jpg\",\"datePublished\":\"2021-01-12T15:16:02+00:00\",\"dateModified\":\"2025-12-17T19:21:31+00:00\",\"description\":\"How can you support the Mus\u00e9e maritime du Qu\u00e9bec? By becoming a member! Your membership can make a difference for your local cultural museum.\",\"breadcrumb\":{\"@id\":\"https:\/\/www.mmq.qc.ca\/en\/contribute-to-the-museum\/membership\/#breadcrumb\"},\"inLanguage\":\"en-US\",\"potentialAction\":[{\"@type\":\"ReadAction\",\"target\":[\"https:\/\/www.mmq.qc.ca\/en\/contribute-to-the-museum\/membership\/\"]}]},{\"@type\":\"ImageObject\",\"inLanguage\":\"en-US\",\"@id\":\"https:\/\/www.mmq.qc.ca\/en\/contribute-to-the-museum\/membership\/#primaryimage\",\"url\":\"https:\/\/www.mmq.qc.ca\/wp-content\/uploads\/2019\/11\/racines-de-mer-31@3x.jpg\",\"contentUrl\":\"https:\/\/www.mmq.qc.ca\/wp-content\/uploads\/2019\/11\/racines-de-mer-31@3x.jpg\",\"width\":1386,\"height\":927},{\"@type\":\"BreadcrumbList\",\"@id\":\"https:\/\/www.mmq.qc.ca\/en\/contribute-to-the-museum\/membership\/#breadcrumb\",\"itemListElement\":[{\"@type\":\"ListItem\",\"position\":1,\"name\":\"Home\",\"item\":\"https:\/\/www.mmq.qc.ca\/en\/\"},{\"@type\":\"ListItem\",\"position\":2,\"name\":\"Contribute to the museum\",\"item\":\"https:\/\/www.mmq.qc.ca\/en\/contribute-to-the-museum\/\"},{\"@type\":\"ListItem\",\"position\":3,\"name\":\"Become a member!\"}]},{\"@type\":\"WebSite\",\"@id\":\"https:\/\/www.mmq.qc.ca\/#website\",\"url\":\"https:\/\/www.mmq.qc.ca\/\",\"name\":\"Mus\u00e9e Maritime du Qu\u00e9bec\",\"description\":\"Notre histoire venue du Fleuve\",\"potentialAction\":[{\"@type\":\"SearchAction\",\"target\":{\"@type\":\"EntryPoint\",\"urlTemplate\":\"https:\/\/www.mmq.qc.ca\/?s={search_term_string}\"},\"query-input\":{\"@type\":\"PropertyValueSpecification\",\"valueRequired\":true,\"valueName\":\"search_term_string\"}}],\"inLanguage\":\"en-US\"}]}<\/script>\n<!-- \/ Yoast SEO plugin. -->","yoast_head_json":{"title":"Membership | Mus\u00e9e maritime du Qu\u00e9bec","description":"How can you support the Mus\u00e9e maritime du Qu\u00e9bec? By becoming a member! Your membership can make a difference for your local cultural museum.","robots":{"index":"index","follow":"follow","max-snippet":"max-snippet:-1","max-image-preview":"max-image-preview:large","max-video-preview":"max-video-preview:-1"},"canonical":"https:\/\/www.mmq.qc.ca\/en\/contribute-to-the-museum\/membership\/","og_locale":"en_US","og_type":"article","og_title":"Membership | Mus\u00e9e maritime du Qu\u00e9bec","og_description":"How can you support the Mus\u00e9e maritime du Qu\u00e9bec? By becoming a member! Your membership can make a difference for your local cultural museum.","og_url":"https:\/\/www.mmq.qc.ca\/en\/contribute-to-the-museum\/membership\/","og_site_name":"Mus\u00e9e Maritime du Qu\u00e9bec","article_modified_time":"2025-12-17T19:21:31+00:00","og_image":[{"width":1386,"height":927,"url":"https:\/\/www.mmq.qc.ca\/wp-content\/uploads\/2019\/11\/racines-de-mer-31@3x.jpg","type":"image\/jpeg"}],"twitter_card":"summary_large_image","twitter_misc":{"Est. reading time":"2 minutes"},"schema":{"@context":"https:\/\/schema.org","@graph":[{"@type":"WebPage","@id":"https:\/\/www.mmq.qc.ca\/en\/contribute-to-the-museum\/membership\/","url":"https:\/\/www.mmq.qc.ca\/en\/contribute-to-the-museum\/membership\/","name":"Membership | Mus\u00e9e maritime du Qu\u00e9bec","isPartOf":{"@id":"https:\/\/www.mmq.qc.ca\/#website"},"primaryImageOfPage":{"@id":"https:\/\/www.mmq.qc.ca\/en\/contribute-to-the-museum\/membership\/#primaryimage"},"image":{"@id":"https:\/\/www.mmq.qc.ca\/en\/contribute-to-the-museum\/membership\/#primaryimage"},"thumbnailUrl":"https:\/\/www.mmq.qc.ca\/wp-content\/uploads\/2019\/11\/racines-de-mer-31@3x.jpg","datePublished":"2021-01-12T15:16:02+00:00","dateModified":"2025-12-17T19:21:31+00:00","description":"How can you support the Mus\u00e9e maritime du Qu\u00e9bec? By becoming a member! Your membership can make a difference for your local cultural museum.","breadcrumb":{"@id":"https:\/\/www.mmq.qc.ca\/en\/contribute-to-the-museum\/membership\/#breadcrumb"},"inLanguage":"en-US","potentialAction":[{"@type":"ReadAction","target":["https:\/\/www.mmq.qc.ca\/en\/contribute-to-the-museum\/membership\/"]}]},{"@type":"ImageObject","inLanguage":"en-US","@id":"https:\/\/www.mmq.qc.ca\/en\/contribute-to-the-museum\/membership\/#primaryimage","url":"https:\/\/www.mmq.qc.ca\/wp-content\/uploads\/2019\/11\/racines-de-mer-31@3x.jpg","contentUrl":"https:\/\/www.mmq.qc.ca\/wp-content\/uploads\/2019\/11\/racines-de-mer-31@3x.jpg","width":1386,"height":927},{"@type":"BreadcrumbList","@id":"https:\/\/www.mmq.qc.ca\/en\/contribute-to-the-museum\/membership\/#breadcrumb","itemListElement":[{"@type":"ListItem","position":1,"name":"Home","item":"https:\/\/www.mmq.qc.ca\/en\/"},{"@type":"ListItem","position":2,"name":"Contribute to the museum","item":"https:\/\/www.mmq.qc.ca\/en\/contribute-to-the-museum\/"},{"@type":"ListItem","position":3,"name":"Become a member!"}]},{"@type":"WebSite","@id":"https:\/\/www.mmq.qc.ca\/#website","url":"https:\/\/www.mmq.qc.ca\/","name":"Mus\u00e9e Maritime du Qu\u00e9bec","description":"Notre histoire venue du Fleuve","potentialAction":[{"@type":"SearchAction","target":{"@type":"EntryPoint","urlTemplate":"https:\/\/www.mmq.qc.ca\/?s={search_term_string}"},"query-input":{"@type":"PropertyValueSpecification","valueRequired":true,"valueName":"search_term_string"}}],"inLanguage":"en-US"}]}},"_links":{"self":[{"href":"https:\/\/www.mmq.qc.ca\/en\/wp-json\/wp\/v2\/pages\/1643","targetHints":{"allow":["GET"]}}],"collection":[{"href":"https:\/\/www.mmq.qc.ca\/en\/wp-json\/wp\/v2\/pages"}],"about":[{"href":"https:\/\/www.mmq.qc.ca\/en\/wp-json\/wp\/v2\/types\/page"}],"author":[{"embeddable":true,"href":"https:\/\/www.mmq.qc.ca\/en\/wp-json\/wp\/v2\/users\/1"}],"replies":[{"embeddable":true,"href":"https:\/\/www.mmq.qc.ca\/en\/wp-json\/wp\/v2\/comments?post=1643"}],"version-history":[{"count":49,"href":"https:\/\/www.mmq.qc.ca\/en\/wp-json\/wp\/v2\/pages\/1643\/revisions"}],"predecessor-version":[{"id":7146,"href":"https:\/\/www.mmq.qc.ca\/en\/wp-json\/wp\/v2\/pages\/1643\/revisions\/7146"}],"up":[{"embeddable":true,"href":"https:\/\/www.mmq.qc.ca\/en\/wp-json\/wp\/v2\/pages\/1640"}],"wp:featuredmedia":[{"embeddable":true,"href":"https:\/\/www.mmq.qc.ca\/en\/wp-json\/wp\/v2\/media\/237"}],"wp:attachment":[{"href":"https:\/\/www.mmq.qc.ca\/en\/wp-json\/wp\/v2\/media?parent=1643"}],"curies":[{"name":"wp","href":"https:\/\/api.w.org\/{rel}","templated":true}]}}