{"id":1600,"date":"2021-01-11T16:34:31","date_gmt":"2021-01-11T21:34:31","guid":{"rendered":"https:\/\/www.mmq.qc.ca\/?page_id=1600"},"modified":"2021-01-11T16:42:39","modified_gmt":"2021-01-11T21:42:39","slug":"luc-harvey","status":"publish","type":"page","link":"https:\/\/www.mmq.qc.ca\/en\/tribute\/luc-harvey\/","title":{"rendered":"Luc Harvey (2011)"},"content":{"rendered":"\n<h2 class=\"wp-block-heading\">His contribution to maritime life in Quebec&nbsp;<\/h2>\n\n\n\n<p>In 2011, the Mus\u00e9e maritime du Qu\u00e9bec paid tribute to Captain Luc Harvey for his 50-year career. Harvey started sailing his cruise ship, the M\/S <em>Jacques-Cartier<\/em>, in 1972 and made Trois-Rivi\u00e8res his home port. For over four decades, some 35,000&nbsp;passengers boarded the ship to admire the beauties of the St.&nbsp;Lawrence River. As a true leader in his field and visionary with excellent seamanship, he made thousands of tourists from Quebec and around the world discover the main waterway of Quebec. Captain Luc Harvey was a born teacher. For several years, he welcomed aboard students from hundreds of schools across Quebec to share his knowledge and passion for sailing. He organized several fundraising cruises during his career, in order to contribute to the economic and social vitality of each region visited in Quebec. Luc Harvey retired in 2012. <\/p>\n\n\n\n<div style=\"height:45px\" aria-hidden=\"true\" class=\"wp-block-spacer\"><\/div>\n\n\n\n<h2 class=\"wp-block-heading\">About Luc Harvey<\/h2>\n\n\n\n<p>Born into a family of captains and father-to-son ship owners from L\u2019Isle-aux-Grues, Luc Harvey enjoyed a long career as a ship\u2019s captain. He takes great pride in the fact that navigation is part of the Harvey family\u2019s history. His two sons Fran\u00e7ois and Michel are also captains and they have helped their father and his spouse manage the family business for years. As it turns out, a fifth generation of captains is emerging in the Harvey family. One of the two creative installation seats set up along the maritime interpretation trail of Saint-Jean-Port-Joli is now dedicated to this man well-known for his generosity.<\/p>\n","protected":false},"excerpt":{"rendered":"His contribution to maritime life in Quebec&nbsp; In 2011, the Mus\u00e9e maritime du Qu\u00e9bec paid tribute to Captain Luc Harvey for his 50-year career. Harvey started sailing his cruise ship, the M\/S Jacques-Cartier, in 1972 and made Trois-Rivi\u00e8res his home port. For over four decades, some 35,000&nbsp;passengers boarded the ship to admire the beauties of&#8230; <a class=\"view-article\" href=\"https:\/\/www.mmq.qc.ca\/en\/tribute\/luc-harvey\/\">View Article<\/a>","protected":false},"author":1,"featured_media":0,"parent":253,"menu_order":0,"comment_status":"closed","ping_status":"closed","template":"","meta":{"_acf_changed":false,"footnotes":""},"class_list":["post-1600","page","type-page","status-publish","hentry"],"acf":[],"yoast_head":"<!-- This site is optimized with the Yoast SEO plugin v26.7 - https:\/\/yoast.com\/wordpress\/plugins\/seo\/ -->\n<title>Luc Harvey \u2013 Tribute | Mus\u00e9e Maritime du Qu\u00e9bec<\/title>\n<meta name=\"description\" content=\"Captain Luc Harvey received a Tribute to the People of the St. Lawrence from the Mus\u00e9e maritime du Qu\u00e9bec for his 50 years as pilot of the M\/S Jacques-Cartier.\" \/>\n<meta name=\"robots\" content=\"index, follow, max-snippet:-1, max-image-preview:large, max-video-preview:-1\" \/>\n<link rel=\"canonical\" href=\"https:\/\/www.mmq.qc.ca\/en\/tribute\/luc-harvey\/\" \/>\n<meta property=\"og:locale\" content=\"en_US\" \/>\n<meta property=\"og:type\" content=\"article\" \/>\n<meta property=\"og:title\" content=\"Luc Harvey \u2013 Tribute | Mus\u00e9e Maritime du Qu\u00e9bec\" \/>\n<meta property=\"og:description\" content=\"Captain Luc Harvey received a Tribute to the People of the St. Lawrence from the Mus\u00e9e maritime du Qu\u00e9bec for his 50 years as pilot of the M\/S Jacques-Cartier.\" \/>\n<meta property=\"og:url\" content=\"https:\/\/www.mmq.qc.ca\/en\/tribute\/luc-harvey\/\" \/>\n<meta property=\"og:site_name\" content=\"Mus\u00e9e Maritime du Qu\u00e9bec\" \/>\n<meta property=\"article:modified_time\" content=\"2021-01-11T21:42:39+00:00\" \/>\n<meta name=\"twitter:card\" content=\"summary_large_image\" \/>\n<meta name=\"twitter:label1\" content=\"Est. reading time\" \/>\n\t<meta name=\"twitter:data1\" content=\"1 minute\" \/>\n<script type=\"application\/ld+json\" class=\"yoast-schema-graph\">{\"@context\":\"https:\/\/schema.org\",\"@graph\":[{\"@type\":\"WebPage\",\"@id\":\"https:\/\/www.mmq.qc.ca\/en\/tribute\/luc-harvey\/\",\"url\":\"https:\/\/www.mmq.qc.ca\/en\/tribute\/luc-harvey\/\",\"name\":\"Luc Harvey \u2013 Tribute | Mus\u00e9e Maritime du Qu\u00e9bec\",\"isPartOf\":{\"@id\":\"https:\/\/www.mmq.qc.ca\/#website\"},\"datePublished\":\"2021-01-11T21:34:31+00:00\",\"dateModified\":\"2021-01-11T21:42:39+00:00\",\"description\":\"Captain Luc Harvey received a Tribute to the People of the St. Lawrence from the Mus\u00e9e maritime du Qu\u00e9bec for his 50 years as pilot of the M\/S Jacques-Cartier.\",\"breadcrumb\":{\"@id\":\"https:\/\/www.mmq.qc.ca\/en\/tribute\/luc-harvey\/#breadcrumb\"},\"inLanguage\":\"en-US\",\"potentialAction\":[{\"@type\":\"ReadAction\",\"target\":[\"https:\/\/www.mmq.qc.ca\/en\/tribute\/luc-harvey\/\"]}]},{\"@type\":\"BreadcrumbList\",\"@id\":\"https:\/\/www.mmq.qc.ca\/en\/tribute\/luc-harvey\/#breadcrumb\",\"itemListElement\":[{\"@type\":\"ListItem\",\"position\":1,\"name\":\"Home\",\"item\":\"https:\/\/www.mmq.qc.ca\/en\/\"},{\"@type\":\"ListItem\",\"position\":2,\"name\":\"Tribute to the People of the St. Lawrence\",\"item\":\"https:\/\/www.mmq.qc.ca\/en\/tribute\/\"},{\"@type\":\"ListItem\",\"position\":3,\"name\":\"Luc Harvey (2011)\"}]},{\"@type\":\"WebSite\",\"@id\":\"https:\/\/www.mmq.qc.ca\/#website\",\"url\":\"https:\/\/www.mmq.qc.ca\/\",\"name\":\"Mus\u00e9e Maritime du Qu\u00e9bec\",\"description\":\"Notre histoire venue du Fleuve\",\"potentialAction\":[{\"@type\":\"SearchAction\",\"target\":{\"@type\":\"EntryPoint\",\"urlTemplate\":\"https:\/\/www.mmq.qc.ca\/?s={search_term_string}\"},\"query-input\":{\"@type\":\"PropertyValueSpecification\",\"valueRequired\":true,\"valueName\":\"search_term_string\"}}],\"inLanguage\":\"en-US\"}]}<\/script>\n<!-- \/ Yoast SEO plugin. -->","yoast_head_json":{"title":"Luc Harvey \u2013 Tribute | Mus\u00e9e Maritime du Qu\u00e9bec","description":"Captain Luc Harvey received a Tribute to the People of the St. Lawrence from the Mus\u00e9e maritime du Qu\u00e9bec for his 50 years as pilot of the M\/S Jacques-Cartier.","robots":{"index":"index","follow":"follow","max-snippet":"max-snippet:-1","max-image-preview":"max-image-preview:large","max-video-preview":"max-video-preview:-1"},"canonical":"https:\/\/www.mmq.qc.ca\/en\/tribute\/luc-harvey\/","og_locale":"en_US","og_type":"article","og_title":"Luc Harvey \u2013 Tribute | Mus\u00e9e Maritime du Qu\u00e9bec","og_description":"Captain Luc Harvey received a Tribute to the People of the St. Lawrence from the Mus\u00e9e maritime du Qu\u00e9bec for his 50 years as pilot of the M\/S Jacques-Cartier.","og_url":"https:\/\/www.mmq.qc.ca\/en\/tribute\/luc-harvey\/","og_site_name":"Mus\u00e9e Maritime du Qu\u00e9bec","article_modified_time":"2021-01-11T21:42:39+00:00","twitter_card":"summary_large_image","twitter_misc":{"Est. reading time":"1 minute"},"schema":{"@context":"https:\/\/schema.org","@graph":[{"@type":"WebPage","@id":"https:\/\/www.mmq.qc.ca\/en\/tribute\/luc-harvey\/","url":"https:\/\/www.mmq.qc.ca\/en\/tribute\/luc-harvey\/","name":"Luc Harvey \u2013 Tribute | Mus\u00e9e Maritime du Qu\u00e9bec","isPartOf":{"@id":"https:\/\/www.mmq.qc.ca\/#website"},"datePublished":"2021-01-11T21:34:31+00:00","dateModified":"2021-01-11T21:42:39+00:00","description":"Captain Luc Harvey received a Tribute to the People of the St. Lawrence from the Mus\u00e9e maritime du Qu\u00e9bec for his 50 years as pilot of the M\/S Jacques-Cartier.","breadcrumb":{"@id":"https:\/\/www.mmq.qc.ca\/en\/tribute\/luc-harvey\/#breadcrumb"},"inLanguage":"en-US","potentialAction":[{"@type":"ReadAction","target":["https:\/\/www.mmq.qc.ca\/en\/tribute\/luc-harvey\/"]}]},{"@type":"BreadcrumbList","@id":"https:\/\/www.mmq.qc.ca\/en\/tribute\/luc-harvey\/#breadcrumb","itemListElement":[{"@type":"ListItem","position":1,"name":"Home","item":"https:\/\/www.mmq.qc.ca\/en\/"},{"@type":"ListItem","position":2,"name":"Tribute to the People of the St. Lawrence","item":"https:\/\/www.mmq.qc.ca\/en\/tribute\/"},{"@type":"ListItem","position":3,"name":"Luc Harvey (2011)"}]},{"@type":"WebSite","@id":"https:\/\/www.mmq.qc.ca\/#website","url":"https:\/\/www.mmq.qc.ca\/","name":"Mus\u00e9e Maritime du Qu\u00e9bec","description":"Notre histoire venue du Fleuve","potentialAction":[{"@type":"SearchAction","target":{"@type":"EntryPoint","urlTemplate":"https:\/\/www.mmq.qc.ca\/?s={search_term_string}"},"query-input":{"@type":"PropertyValueSpecification","valueRequired":true,"valueName":"search_term_string"}}],"inLanguage":"en-US"}]}},"_links":{"self":[{"href":"https:\/\/www.mmq.qc.ca\/en\/wp-json\/wp\/v2\/pages\/1600","targetHints":{"allow":["GET"]}}],"collection":[{"href":"https:\/\/www.mmq.qc.ca\/en\/wp-json\/wp\/v2\/pages"}],"about":[{"href":"https:\/\/www.mmq.qc.ca\/en\/wp-json\/wp\/v2\/types\/page"}],"author":[{"embeddable":true,"href":"https:\/\/www.mmq.qc.ca\/en\/wp-json\/wp\/v2\/users\/1"}],"replies":[{"embeddable":true,"href":"https:\/\/www.mmq.qc.ca\/en\/wp-json\/wp\/v2\/comments?post=1600"}],"version-history":[{"count":2,"href":"https:\/\/www.mmq.qc.ca\/en\/wp-json\/wp\/v2\/pages\/1600\/revisions"}],"predecessor-version":[{"id":1602,"href":"https:\/\/www.mmq.qc.ca\/en\/wp-json\/wp\/v2\/pages\/1600\/revisions\/1602"}],"up":[{"embeddable":true,"href":"https:\/\/www.mmq.qc.ca\/en\/wp-json\/wp\/v2\/pages\/253"}],"wp:attachment":[{"href":"https:\/\/www.mmq.qc.ca\/en\/wp-json\/wp\/v2\/media?parent=1600"}],"curies":[{"name":"wp","href":"https:\/\/api.w.org\/{rel}","templated":true}]}}