{"id":1586,"date":"2021-01-11T15:10:12","date_gmt":"2021-01-11T20:10:12","guid":{"rendered":"https:\/\/www.mmq.qc.ca\/?page_id=1586"},"modified":"2023-09-19T13:13:10","modified_gmt":"2023-09-19T17:13:10","slug":"room-rental","status":"publish","type":"page","link":"https:\/\/www.mmq.qc.ca\/en\/room-rental\/","title":{"rendered":"Reserve the Museum"},"content":{"rendered":"\n<h1 class=\"wp-block-heading\">Room Rental <\/h1>\n\n\n\n<div style=\"height:49px\" aria-hidden=\"true\" class=\"wp-block-spacer\"><\/div>\n\n\n\n<p>Are you organizing an event and looking for an enchanting, easily accessible venue that is unique in Chaudi\u00e8re-Appalaches? Look no further! The Mus\u00e9e maritime du Qu\u00e9bec is conveniently located along the St.&nbsp;Lawrence River, just an hour\u2019s drive from the bridges to Qu\u00e9bec City. This venue of choice is ideal for a wedding, a cocktail evening, a fundraising event, a launch party or an awards ceremony. Choose from the Museum\u2019s wide range of rooms and spaces to meet your needs.&nbsp;<br><\/p>\n\n\n\n<p>While on the premises, why not offer a personalized tour of our current exhibitions to your guests?&nbsp;<\/p>\n\n\n\n<div style=\"height:49px\" aria-hidden=\"true\" class=\"wp-block-spacer\"><\/div>\n\n\n\n<h2 class=\"wp-block-heading\">Other Information and Specific Needs<\/h2>\n\n\n\n<p><strong>Services provided when renting a venue at the Museum include:<\/strong><\/p>\n\n\n\n<ul class=\"wp-block-list\"><li>Parking<\/li><li>Cloakroom<\/li><li>Wi-Fi<\/li><li>Lectern, sound system and podium<\/li><li>Tables *<\/li><li>Chairs*<\/li><\/ul>\n\n\n\n<p>*<em>Available in different sizes<\/em> and quantity.<\/p>\n\n\n\n<p>If you plan to <strong>serve or sell alcohol<\/strong>, you must submit an application with the R\u00e9gie des alcools, des courses et des jeux du Qu\u00e9bec. Contact the Museum for information about how to proceed and obtain a form. <\/p>\n\n\n\n<p>To find out about all the amenities offered by the Museum, browse the Preparing my Visit to the Museum section.<\/p>\n\n\n\n<div style=\"height:100px\" aria-hidden=\"true\" class=\"wp-block-spacer\"><\/div>\n","protected":false},"excerpt":{"rendered":"Room Rental Are you organizing an event and looking for an enchanting, easily accessible venue that is unique in Chaudi\u00e8re-Appalaches? Look no further! The Mus\u00e9e maritime du Qu\u00e9bec is conveniently located along the St.&nbsp;Lawrence River, just an hour\u2019s drive from the bridges to Qu\u00e9bec City. This venue of choice is ideal for a wedding, a&#8230; <a class=\"view-article\" href=\"https:\/\/www.mmq.qc.ca\/en\/room-rental\/\">View Article<\/a>","protected":false},"author":1,"featured_media":951,"parent":0,"menu_order":0,"comment_status":"closed","ping_status":"closed","template":"","meta":{"_acf_changed":false,"footnotes":""},"class_list":["post-1586","page","type-page","status-publish","has-post-thumbnail","hentry"],"acf":[],"yoast_head":"<!-- This site is optimized with the Yoast SEO plugin v26.7 - https:\/\/yoast.com\/wordpress\/plugins\/seo\/ -->\n<title>Room Rental - Events | Mus\u00e9e maritime du Qu\u00e9bec<\/title>\n<meta name=\"description\" content=\"Are you looking to rent a room for your wedding, conference, launch party or fundraising event? The rooms available at the Museum afford a breathtaking view of the St. Lawrence River and are sure to meet your every need!\" \/>\n<meta name=\"robots\" content=\"index, follow, max-snippet:-1, max-image-preview:large, max-video-preview:-1\" \/>\n<link rel=\"canonical\" href=\"https:\/\/www.mmq.qc.ca\/en\/room-rental\/\" \/>\n<meta property=\"og:locale\" content=\"en_US\" \/>\n<meta property=\"og:type\" content=\"article\" \/>\n<meta property=\"og:title\" content=\"Room Rental - Events | Mus\u00e9e maritime du Qu\u00e9bec\" \/>\n<meta property=\"og:description\" content=\"Are you looking to rent a room for your wedding, conference, launch party or fundraising event? The rooms available at the Museum afford a breathtaking view of the St. Lawrence River and are sure to meet your every need!\" \/>\n<meta property=\"og:url\" content=\"https:\/\/www.mmq.qc.ca\/en\/room-rental\/\" \/>\n<meta property=\"og:site_name\" content=\"Mus\u00e9e Maritime du Qu\u00e9bec\" \/>\n<meta property=\"article:modified_time\" content=\"2023-09-19T17:13:10+00:00\" \/>\n<meta property=\"og:image\" content=\"https:\/\/www.mmq.qc.ca\/wp-content\/uploads\/2020\/10\/1_location-mezzanine-conference-de-presse.jpg\" \/>\n\t<meta property=\"og:image:width\" content=\"1200\" \/>\n\t<meta property=\"og:image:height\" content=\"800\" \/>\n\t<meta property=\"og:image:type\" content=\"image\/jpeg\" \/>\n<meta name=\"twitter:card\" content=\"summary_large_image\" \/>\n<meta name=\"twitter:label1\" content=\"Est. reading time\" \/>\n\t<meta name=\"twitter:data1\" content=\"1 minute\" \/>\n<script type=\"application\/ld+json\" class=\"yoast-schema-graph\">{\"@context\":\"https:\/\/schema.org\",\"@graph\":[{\"@type\":\"WebPage\",\"@id\":\"https:\/\/www.mmq.qc.ca\/en\/room-rental\/\",\"url\":\"https:\/\/www.mmq.qc.ca\/en\/room-rental\/\",\"name\":\"Room Rental - Events | Mus\u00e9e maritime du Qu\u00e9bec\",\"isPartOf\":{\"@id\":\"https:\/\/www.mmq.qc.ca\/#website\"},\"primaryImageOfPage\":{\"@id\":\"https:\/\/www.mmq.qc.ca\/en\/room-rental\/#primaryimage\"},\"image\":{\"@id\":\"https:\/\/www.mmq.qc.ca\/en\/room-rental\/#primaryimage\"},\"thumbnailUrl\":\"https:\/\/www.mmq.qc.ca\/wp-content\/uploads\/2020\/10\/1_location-mezzanine-conference-de-presse.jpg\",\"datePublished\":\"2021-01-11T20:10:12+00:00\",\"dateModified\":\"2023-09-19T17:13:10+00:00\",\"description\":\"Are you looking to rent a room for your wedding, conference, launch party or fundraising event? The rooms available at the Museum afford a breathtaking view of the St. Lawrence River and are sure to meet your every need!\",\"breadcrumb\":{\"@id\":\"https:\/\/www.mmq.qc.ca\/en\/room-rental\/#breadcrumb\"},\"inLanguage\":\"en-US\",\"potentialAction\":[{\"@type\":\"ReadAction\",\"target\":[\"https:\/\/www.mmq.qc.ca\/en\/room-rental\/\"]}]},{\"@type\":\"ImageObject\",\"inLanguage\":\"en-US\",\"@id\":\"https:\/\/www.mmq.qc.ca\/en\/room-rental\/#primaryimage\",\"url\":\"https:\/\/www.mmq.qc.ca\/wp-content\/uploads\/2020\/10\/1_location-mezzanine-conference-de-presse.jpg\",\"contentUrl\":\"https:\/\/www.mmq.qc.ca\/wp-content\/uploads\/2020\/10\/1_location-mezzanine-conference-de-presse.jpg\",\"width\":1200,\"height\":800},{\"@type\":\"BreadcrumbList\",\"@id\":\"https:\/\/www.mmq.qc.ca\/en\/room-rental\/#breadcrumb\",\"itemListElement\":[{\"@type\":\"ListItem\",\"position\":1,\"name\":\"Home\",\"item\":\"https:\/\/www.mmq.qc.ca\/en\/\"},{\"@type\":\"ListItem\",\"position\":2,\"name\":\"Reserve the Museum\"}]},{\"@type\":\"WebSite\",\"@id\":\"https:\/\/www.mmq.qc.ca\/#website\",\"url\":\"https:\/\/www.mmq.qc.ca\/\",\"name\":\"Mus\u00e9e Maritime du Qu\u00e9bec\",\"description\":\"Notre histoire venue du Fleuve\",\"potentialAction\":[{\"@type\":\"SearchAction\",\"target\":{\"@type\":\"EntryPoint\",\"urlTemplate\":\"https:\/\/www.mmq.qc.ca\/?s={search_term_string}\"},\"query-input\":{\"@type\":\"PropertyValueSpecification\",\"valueRequired\":true,\"valueName\":\"search_term_string\"}}],\"inLanguage\":\"en-US\"}]}<\/script>\n<!-- \/ Yoast SEO plugin. -->","yoast_head_json":{"title":"Room Rental - Events | Mus\u00e9e maritime du Qu\u00e9bec","description":"Are you looking to rent a room for your wedding, conference, launch party or fundraising event? The rooms available at the Museum afford a breathtaking view of the St. Lawrence River and are sure to meet your every need!","robots":{"index":"index","follow":"follow","max-snippet":"max-snippet:-1","max-image-preview":"max-image-preview:large","max-video-preview":"max-video-preview:-1"},"canonical":"https:\/\/www.mmq.qc.ca\/en\/room-rental\/","og_locale":"en_US","og_type":"article","og_title":"Room Rental - Events | Mus\u00e9e maritime du Qu\u00e9bec","og_description":"Are you looking to rent a room for your wedding, conference, launch party or fundraising event? The rooms available at the Museum afford a breathtaking view of the St. Lawrence River and are sure to meet your every need!","og_url":"https:\/\/www.mmq.qc.ca\/en\/room-rental\/","og_site_name":"Mus\u00e9e Maritime du Qu\u00e9bec","article_modified_time":"2023-09-19T17:13:10+00:00","og_image":[{"width":1200,"height":800,"url":"https:\/\/www.mmq.qc.ca\/wp-content\/uploads\/2020\/10\/1_location-mezzanine-conference-de-presse.jpg","type":"image\/jpeg"}],"twitter_card":"summary_large_image","twitter_misc":{"Est. reading time":"1 minute"},"schema":{"@context":"https:\/\/schema.org","@graph":[{"@type":"WebPage","@id":"https:\/\/www.mmq.qc.ca\/en\/room-rental\/","url":"https:\/\/www.mmq.qc.ca\/en\/room-rental\/","name":"Room Rental - Events | Mus\u00e9e maritime du Qu\u00e9bec","isPartOf":{"@id":"https:\/\/www.mmq.qc.ca\/#website"},"primaryImageOfPage":{"@id":"https:\/\/www.mmq.qc.ca\/en\/room-rental\/#primaryimage"},"image":{"@id":"https:\/\/www.mmq.qc.ca\/en\/room-rental\/#primaryimage"},"thumbnailUrl":"https:\/\/www.mmq.qc.ca\/wp-content\/uploads\/2020\/10\/1_location-mezzanine-conference-de-presse.jpg","datePublished":"2021-01-11T20:10:12+00:00","dateModified":"2023-09-19T17:13:10+00:00","description":"Are you looking to rent a room for your wedding, conference, launch party or fundraising event? The rooms available at the Museum afford a breathtaking view of the St. Lawrence River and are sure to meet your every need!","breadcrumb":{"@id":"https:\/\/www.mmq.qc.ca\/en\/room-rental\/#breadcrumb"},"inLanguage":"en-US","potentialAction":[{"@type":"ReadAction","target":["https:\/\/www.mmq.qc.ca\/en\/room-rental\/"]}]},{"@type":"ImageObject","inLanguage":"en-US","@id":"https:\/\/www.mmq.qc.ca\/en\/room-rental\/#primaryimage","url":"https:\/\/www.mmq.qc.ca\/wp-content\/uploads\/2020\/10\/1_location-mezzanine-conference-de-presse.jpg","contentUrl":"https:\/\/www.mmq.qc.ca\/wp-content\/uploads\/2020\/10\/1_location-mezzanine-conference-de-presse.jpg","width":1200,"height":800},{"@type":"BreadcrumbList","@id":"https:\/\/www.mmq.qc.ca\/en\/room-rental\/#breadcrumb","itemListElement":[{"@type":"ListItem","position":1,"name":"Home","item":"https:\/\/www.mmq.qc.ca\/en\/"},{"@type":"ListItem","position":2,"name":"Reserve the Museum"}]},{"@type":"WebSite","@id":"https:\/\/www.mmq.qc.ca\/#website","url":"https:\/\/www.mmq.qc.ca\/","name":"Mus\u00e9e Maritime du Qu\u00e9bec","description":"Notre histoire venue du Fleuve","potentialAction":[{"@type":"SearchAction","target":{"@type":"EntryPoint","urlTemplate":"https:\/\/www.mmq.qc.ca\/?s={search_term_string}"},"query-input":{"@type":"PropertyValueSpecification","valueRequired":true,"valueName":"search_term_string"}}],"inLanguage":"en-US"}]}},"_links":{"self":[{"href":"https:\/\/www.mmq.qc.ca\/en\/wp-json\/wp\/v2\/pages\/1586","targetHints":{"allow":["GET"]}}],"collection":[{"href":"https:\/\/www.mmq.qc.ca\/en\/wp-json\/wp\/v2\/pages"}],"about":[{"href":"https:\/\/www.mmq.qc.ca\/en\/wp-json\/wp\/v2\/types\/page"}],"author":[{"embeddable":true,"href":"https:\/\/www.mmq.qc.ca\/en\/wp-json\/wp\/v2\/users\/1"}],"replies":[{"embeddable":true,"href":"https:\/\/www.mmq.qc.ca\/en\/wp-json\/wp\/v2\/comments?post=1586"}],"version-history":[{"count":4,"href":"https:\/\/www.mmq.qc.ca\/en\/wp-json\/wp\/v2\/pages\/1586\/revisions"}],"predecessor-version":[{"id":5549,"href":"https:\/\/www.mmq.qc.ca\/en\/wp-json\/wp\/v2\/pages\/1586\/revisions\/5549"}],"wp:featuredmedia":[{"embeddable":true,"href":"https:\/\/www.mmq.qc.ca\/en\/wp-json\/wp\/v2\/media\/951"}],"wp:attachment":[{"href":"https:\/\/www.mmq.qc.ca\/en\/wp-json\/wp\/v2\/media?parent=1586"}],"curies":[{"name":"wp","href":"https:\/\/api.w.org\/{rel}","templated":true}]}}