{"id":1513,"date":"2020-01-27T13:45:43","date_gmt":"2020-01-27T18:45:43","guid":{"rendered":"https:\/\/www.mmq.qc.ca\/?page_id=1513"},"modified":"2022-07-20T11:13:52","modified_gmt":"2022-07-20T15:13:52","slug":"about","status":"publish","type":"page","link":"https:\/\/www.mmq.qc.ca\/en\/about\/","title":{"rendered":"About the Mus\u00e9e maritime du Qu\u00e9bec"},"content":{"rendered":"\n<div style=\"height:45px\" aria-hidden=\"true\" class=\"wp-block-spacer\"><\/div>\n\n\n\n<div id=\"\" class=\"acf-block acf-block-text-with-image \">\n    <div class=\"acf-block__grid\">\n        <div class=\"acf-block__column\">\n            <div class=\"acf-block__content\">\n                \n                <div class=\"acf-block__text\">\n                    <p>The Mus\u00e9e maritime du Qu\u00e9bec (MMQ) is located along the St. Lawrence River, in the Chaudi\u00e8re-Appalaches region. The Museum is the custodian of one of the richest maritime heritage collections of Quebec and Canada. The museum houses over 15,000 artefacts and old maps, books and documents. <\/p>\n<p>In 1975, the Mus\u00e9e maritime du Qu\u00e9bec was recognized by the Minist\u00e8re de la Culture et des Communications. Since 2019, the Museum also ranks among the accredited museum institutions (French only) of Quebec. This title provides visitors with a guarantee of institutional quality. It also indicates that international standards regarding museum practices and heritage activity planning, protection and promotion policies are respected.<\/p>\n<p>Vibrant, welcoming and accessible, the Museum nurtures sustainable bonds with the public and its members and partners.<\/p>\n                <\/div>\n            <\/div>\n        <\/div>\n\n        <div class=\"acf-block__column acf-block__picture\">\n            <img decoding=\"async\" src=\"https:\/\/www.mmq.qc.ca\/wp-content\/uploads\/2022\/06\/Musee-maritime-du-Quebec-24-juin-2021-Stephanie-Allard-TCA-362.jpg\" alt=\"\">\n        <\/div>\n    <\/div>\n<\/div>\n\n\n\n<div style=\"height:49px\" aria-hidden=\"true\" class=\"wp-block-spacer\"><\/div>\n\n\n\n<h2 class=\"wp-block-heading\">Visiting the museum is like\u2026<\/h2>\n\n\n\n<p>Visiting the Mus\u00e9e maritime du Qu\u00e9bec, it is like reliving the day-to-day lives of sailors. Enjoy learning about the events, places and challenges that have marked the maritime past of Quebec by exploring <strong>five exhibitions<\/strong>, <strong>three ship museums<\/strong> and <strong>one Riverfront Park<\/strong>. Make memorable discoveries and experience a <strong>rich program of cultural and educational activities <\/strong>offered using <strong>traditional and digital means<\/strong>.&nbsp;<\/p>\n\n\n\n<div style=\"height:100px\" aria-hidden=\"true\" class=\"wp-block-spacer\"><\/div>\n\n\n\n<div id=\"\" class=\"acf-block acf-block-button \">\n    <a href=\"https:\/\/www.mmq.qc.ca\/en\/about\/history\/\" target=\"\" class=\"content-button content-button--primary\">\n        History    <\/a>\n<\/div>\n\n\n<div id=\"\" class=\"acf-block acf-block-button \">\n    <a href=\"https:\/\/www.mmq.qc.ca\/en\/about\/mission\/\" target=\"\" class=\"content-button content-button--primary\">\n        Mission    <\/a>\n<\/div>\n\n\n<div id=\"\" class=\"acf-block acf-block-button \">\n    <a href=\"https:\/\/www.mmq.qc.ca\/en\/about\/distinctions\" target=\"\" class=\"content-button content-button--primary\">\n        Distinctions    <\/a>\n<\/div>\n\n\n<div id=\"\" class=\"acf-block acf-block-button \">\n    <a href=\"https:\/\/www.mmq.qc.ca\/en\/about\/team\/\" target=\"\" class=\"content-button content-button--primary\">\n        Our team    <\/a>\n<\/div>\n\n\n<div id=\"\" class=\"acf-block acf-block-button \">\n    <a href=\"https:\/\/www.mmq.qc.ca\/en\/careers\/\" target=\"\" class=\"content-button content-button--primary\">\n        Careers    <\/a>\n<\/div>\n\n\n<div style=\"height:100px\" aria-hidden=\"true\" class=\"wp-block-spacer\"><\/div>\n\n\n\n<p>Aerial picture of the Mus\u00e9e maritime du Qu\u00e9bec: Jean-Marie Fecteau<\/p>\n","protected":false},"excerpt":{"rendered":"Visiting the museum is like\u2026 Visiting the Mus\u00e9e maritime du Qu\u00e9bec, it is like reliving the day-to-day lives of sailors. Enjoy learning about the events, places and challenges that have marked the maritime past of Quebec by exploring five exhibitions, three ship museums and one Riverfront Park. Make memorable discoveries and experience a rich program&#8230; <a class=\"view-article\" href=\"https:\/\/www.mmq.qc.ca\/en\/about\/\">View Article<\/a>","protected":false},"author":1,"featured_media":0,"parent":0,"menu_order":0,"comment_status":"closed","ping_status":"closed","template":"","meta":{"_acf_changed":false,"footnotes":""},"class_list":["post-1513","page","type-page","status-publish","hentry"],"acf":[],"yoast_head":"<!-- This site is optimized with the Yoast SEO plugin v26.7 - https:\/\/yoast.com\/wordpress\/plugins\/seo\/ -->\n<title>Rich Maritime and Cultural Heritage | Mus\u00e9e maritime du Qu\u00e9bec<\/title>\n<meta name=\"description\" content=\"Learn more about the Mus\u00e9e maritime du Qu\u00e9bec, a leading institution dedicated to maritime heritage featuring exhibitions, activities and ship museums.\" \/>\n<meta name=\"robots\" content=\"index, follow, max-snippet:-1, max-image-preview:large, max-video-preview:-1\" \/>\n<link rel=\"canonical\" href=\"https:\/\/www.mmq.qc.ca\/en\/about\/\" \/>\n<meta property=\"og:locale\" content=\"en_US\" \/>\n<meta property=\"og:type\" content=\"article\" \/>\n<meta property=\"og:title\" content=\"Rich Maritime and Cultural Heritage | Mus\u00e9e maritime du Qu\u00e9bec\" \/>\n<meta property=\"og:description\" content=\"Learn more about the Mus\u00e9e maritime du Qu\u00e9bec, a leading institution dedicated to maritime heritage featuring exhibitions, activities and ship museums.\" \/>\n<meta property=\"og:url\" content=\"https:\/\/www.mmq.qc.ca\/en\/about\/\" \/>\n<meta property=\"og:site_name\" content=\"Mus\u00e9e Maritime du Qu\u00e9bec\" \/>\n<meta property=\"article:modified_time\" content=\"2022-07-20T15:13:52+00:00\" \/>\n<meta name=\"twitter:card\" content=\"summary_large_image\" \/>\n<meta name=\"twitter:label1\" content=\"Est. reading time\" \/>\n\t<meta name=\"twitter:data1\" content=\"1 minute\" \/>\n<script type=\"application\/ld+json\" class=\"yoast-schema-graph\">{\"@context\":\"https:\/\/schema.org\",\"@graph\":[{\"@type\":\"WebPage\",\"@id\":\"https:\/\/www.mmq.qc.ca\/en\/about\/\",\"url\":\"https:\/\/www.mmq.qc.ca\/en\/about\/\",\"name\":\"Rich Maritime and Cultural Heritage | Mus\u00e9e maritime du Qu\u00e9bec\",\"isPartOf\":{\"@id\":\"https:\/\/www.mmq.qc.ca\/#website\"},\"datePublished\":\"2020-01-27T18:45:43+00:00\",\"dateModified\":\"2022-07-20T15:13:52+00:00\",\"description\":\"Learn more about the Mus\u00e9e maritime du Qu\u00e9bec, a leading institution dedicated to maritime heritage featuring exhibitions, activities and ship museums.\",\"breadcrumb\":{\"@id\":\"https:\/\/www.mmq.qc.ca\/en\/about\/#breadcrumb\"},\"inLanguage\":\"en-US\",\"potentialAction\":[{\"@type\":\"ReadAction\",\"target\":[\"https:\/\/www.mmq.qc.ca\/en\/about\/\"]}]},{\"@type\":\"BreadcrumbList\",\"@id\":\"https:\/\/www.mmq.qc.ca\/en\/about\/#breadcrumb\",\"itemListElement\":[{\"@type\":\"ListItem\",\"position\":1,\"name\":\"Home\",\"item\":\"https:\/\/www.mmq.qc.ca\/en\/\"},{\"@type\":\"ListItem\",\"position\":2,\"name\":\"About the Mus\u00e9e maritime du Qu\u00e9bec\"}]},{\"@type\":\"WebSite\",\"@id\":\"https:\/\/www.mmq.qc.ca\/#website\",\"url\":\"https:\/\/www.mmq.qc.ca\/\",\"name\":\"Mus\u00e9e Maritime du Qu\u00e9bec\",\"description\":\"Notre histoire venue du Fleuve\",\"potentialAction\":[{\"@type\":\"SearchAction\",\"target\":{\"@type\":\"EntryPoint\",\"urlTemplate\":\"https:\/\/www.mmq.qc.ca\/?s={search_term_string}\"},\"query-input\":{\"@type\":\"PropertyValueSpecification\",\"valueRequired\":true,\"valueName\":\"search_term_string\"}}],\"inLanguage\":\"en-US\"}]}<\/script>\n<!-- \/ Yoast SEO plugin. -->","yoast_head_json":{"title":"Rich Maritime and Cultural Heritage | Mus\u00e9e maritime du Qu\u00e9bec","description":"Learn more about the Mus\u00e9e maritime du Qu\u00e9bec, a leading institution dedicated to maritime heritage featuring exhibitions, activities and ship museums.","robots":{"index":"index","follow":"follow","max-snippet":"max-snippet:-1","max-image-preview":"max-image-preview:large","max-video-preview":"max-video-preview:-1"},"canonical":"https:\/\/www.mmq.qc.ca\/en\/about\/","og_locale":"en_US","og_type":"article","og_title":"Rich Maritime and Cultural Heritage | Mus\u00e9e maritime du Qu\u00e9bec","og_description":"Learn more about the Mus\u00e9e maritime du Qu\u00e9bec, a leading institution dedicated to maritime heritage featuring exhibitions, activities and ship museums.","og_url":"https:\/\/www.mmq.qc.ca\/en\/about\/","og_site_name":"Mus\u00e9e Maritime du Qu\u00e9bec","article_modified_time":"2022-07-20T15:13:52+00:00","twitter_card":"summary_large_image","twitter_misc":{"Est. reading time":"1 minute"},"schema":{"@context":"https:\/\/schema.org","@graph":[{"@type":"WebPage","@id":"https:\/\/www.mmq.qc.ca\/en\/about\/","url":"https:\/\/www.mmq.qc.ca\/en\/about\/","name":"Rich Maritime and Cultural Heritage | Mus\u00e9e maritime du Qu\u00e9bec","isPartOf":{"@id":"https:\/\/www.mmq.qc.ca\/#website"},"datePublished":"2020-01-27T18:45:43+00:00","dateModified":"2022-07-20T15:13:52+00:00","description":"Learn more about the Mus\u00e9e maritime du Qu\u00e9bec, a leading institution dedicated to maritime heritage featuring exhibitions, activities and ship museums.","breadcrumb":{"@id":"https:\/\/www.mmq.qc.ca\/en\/about\/#breadcrumb"},"inLanguage":"en-US","potentialAction":[{"@type":"ReadAction","target":["https:\/\/www.mmq.qc.ca\/en\/about\/"]}]},{"@type":"BreadcrumbList","@id":"https:\/\/www.mmq.qc.ca\/en\/about\/#breadcrumb","itemListElement":[{"@type":"ListItem","position":1,"name":"Home","item":"https:\/\/www.mmq.qc.ca\/en\/"},{"@type":"ListItem","position":2,"name":"About the Mus\u00e9e maritime du Qu\u00e9bec"}]},{"@type":"WebSite","@id":"https:\/\/www.mmq.qc.ca\/#website","url":"https:\/\/www.mmq.qc.ca\/","name":"Mus\u00e9e Maritime du Qu\u00e9bec","description":"Notre histoire venue du Fleuve","potentialAction":[{"@type":"SearchAction","target":{"@type":"EntryPoint","urlTemplate":"https:\/\/www.mmq.qc.ca\/?s={search_term_string}"},"query-input":{"@type":"PropertyValueSpecification","valueRequired":true,"valueName":"search_term_string"}}],"inLanguage":"en-US"}]}},"_links":{"self":[{"href":"https:\/\/www.mmq.qc.ca\/en\/wp-json\/wp\/v2\/pages\/1513","targetHints":{"allow":["GET"]}}],"collection":[{"href":"https:\/\/www.mmq.qc.ca\/en\/wp-json\/wp\/v2\/pages"}],"about":[{"href":"https:\/\/www.mmq.qc.ca\/en\/wp-json\/wp\/v2\/types\/page"}],"author":[{"embeddable":true,"href":"https:\/\/www.mmq.qc.ca\/en\/wp-json\/wp\/v2\/users\/1"}],"replies":[{"embeddable":true,"href":"https:\/\/www.mmq.qc.ca\/en\/wp-json\/wp\/v2\/comments?post=1513"}],"version-history":[{"count":45,"href":"https:\/\/www.mmq.qc.ca\/en\/wp-json\/wp\/v2\/pages\/1513\/revisions"}],"predecessor-version":[{"id":4507,"href":"https:\/\/www.mmq.qc.ca\/en\/wp-json\/wp\/v2\/pages\/1513\/revisions\/4507"}],"wp:attachment":[{"href":"https:\/\/www.mmq.qc.ca\/en\/wp-json\/wp\/v2\/media?parent=1513"}],"curies":[{"name":"wp","href":"https:\/\/api.w.org\/{rel}","templated":true}]}}