{"id":1498,"date":"2021-01-05T15:00:34","date_gmt":"2021-01-05T20:00:34","guid":{"rendered":"https:\/\/www.mmq.qc.ca\/?page_id=1498"},"modified":"2021-01-11T16:42:05","modified_gmt":"2021-01-11T21:42:05","slug":"barbara-pouliot","status":"publish","type":"page","link":"https:\/\/www.mmq.qc.ca\/en\/tribute\/barbara-pouliot\/","title":{"rendered":"Barbara Pouliot (2019)"},"content":{"rendered":"\n<div style=\"height:45px\" aria-hidden=\"true\" class=\"wp-block-spacer\"><\/div>\n\n\n\n<div class=\"wp-block-image\"><figure class=\"alignleft size-large is-resized\"><img loading=\"lazy\" decoding=\"async\" src=\"https:\/\/www.mmq.qc.ca\/wp-content\/uploads\/2020\/01\/1-hommage-aux-gens-du-fleuve-2019-barbara-pouliot-563x845.jpg\" alt=\"\" class=\"wp-image-756\" width=\"282\" height=\"423\" srcset=\"https:\/\/www.mmq.qc.ca\/wp-content\/uploads\/2020\/01\/1-hommage-aux-gens-du-fleuve-2019-barbara-pouliot-563x845.jpg 563w, https:\/\/www.mmq.qc.ca\/wp-content\/uploads\/2020\/01\/1-hommage-aux-gens-du-fleuve-2019-barbara-pouliot-200x300.jpg 200w, https:\/\/www.mmq.qc.ca\/wp-content\/uploads\/2020\/01\/1-hommage-aux-gens-du-fleuve-2019-barbara-pouliot-768x1152.jpg 768w, https:\/\/www.mmq.qc.ca\/wp-content\/uploads\/2020\/01\/1-hommage-aux-gens-du-fleuve-2019-barbara-pouliot-1024x1536.jpg 1024w, https:\/\/www.mmq.qc.ca\/wp-content\/uploads\/2020\/01\/1-hommage-aux-gens-du-fleuve-2019-barbara-pouliot-1365x2048.jpg 1365w, https:\/\/www.mmq.qc.ca\/wp-content\/uploads\/2020\/01\/1-hommage-aux-gens-du-fleuve-2019-barbara-pouliot-1440x2160.jpg 1440w, https:\/\/www.mmq.qc.ca\/wp-content\/uploads\/2020\/01\/1-hommage-aux-gens-du-fleuve-2019-barbara-pouliot-2000x3000.jpg 2000w, https:\/\/www.mmq.qc.ca\/wp-content\/uploads\/2020\/01\/1-hommage-aux-gens-du-fleuve-2019-barbara-pouliot-762x1143.jpg 762w, https:\/\/www.mmq.qc.ca\/wp-content\/uploads\/2020\/01\/1-hommage-aux-gens-du-fleuve-2019-barbara-pouliot-361x542.jpg 361w, https:\/\/www.mmq.qc.ca\/wp-content\/uploads\/2020\/01\/1-hommage-aux-gens-du-fleuve-2019-barbara-pouliot-261x392.jpg 261w, https:\/\/www.mmq.qc.ca\/wp-content\/uploads\/2020\/01\/1-hommage-aux-gens-du-fleuve-2019-barbara-pouliot-462x693.jpg 462w, https:\/\/www.mmq.qc.ca\/wp-content\/uploads\/2020\/01\/1-hommage-aux-gens-du-fleuve-2019-barbara-pouliot-660x990.jpg 660w, https:\/\/www.mmq.qc.ca\/wp-content\/uploads\/2020\/01\/1-hommage-aux-gens-du-fleuve-2019-barbara-pouliot-955x1433.jpg 955w, https:\/\/www.mmq.qc.ca\/wp-content\/uploads\/2020\/01\/1-hommage-aux-gens-du-fleuve-2019-barbara-pouliot-scaled.jpg 1706w\" sizes=\"auto, (max-width: 282px) 100vw, 282px\" \/><\/figure><\/div>\n\n\n\n<h2 class=\"wp-block-heading\">Her contribution to maritime life in Quebec<\/h2>\n\n\n\n<p>In 2019, the Mus\u00e9e maritime du Qu\u00e9bec paid tribute to Barbara Pouliot. Her research on the capsizing of the <em>Fort William <\/em>ship in 1965 in the Port of Montr\u00e9al led to the creation of the documentary <em>Faux d\u00e9part&nbsp;: incident du Fort William.<\/em> This work also led to the release of the book <em>Lever l\u2019ancre&nbsp;: John Pouliot, naviguer sur les eaux du monde<\/em>.<\/p>\n\n\n\n<p>Pouliot\u2019s work seeks to preserve our collective memory by recalling this maritime incident and the five crew members who perished. The author also pays tribute to her father, a survivor of the tragedy, the sailors\u2019 work and the families who remained behind, at port, during the sailors\u2019 years at sea.&nbsp;&nbsp;<\/p>\n\n\n\n<p><\/p>\n\n\n\n<div style=\"height:45px\" aria-hidden=\"true\" class=\"wp-block-spacer\"><\/div>\n\n\n\n<h2 class=\"wp-block-heading\">About Barbara Pouliot<\/h2>\n\n\n\n<p>Born into a long family line of seafarers, Barbara Pouliot has always been fascinated by navigation. She is currently a maritime transportation analyst at the Minist\u00e8re des Transports du Qu\u00e9bec and works on the sustainable enhancement of the Saint Lawrence. &nbsp; <\/p>\n","protected":false},"excerpt":{"rendered":"Her contribution to maritime life in Quebec In 2019, the Mus\u00e9e maritime du Qu\u00e9bec paid tribute to Barbara Pouliot. Her research on the capsizing of the Fort William ship in 1965 in the Port of Montr\u00e9al led to the creation of the documentary Faux d\u00e9part&nbsp;: incident du Fort William. This work also led to the&#8230; <a class=\"view-article\" href=\"https:\/\/www.mmq.qc.ca\/en\/tribute\/barbara-pouliot\/\">View Article<\/a>","protected":false},"author":1,"featured_media":0,"parent":253,"menu_order":0,"comment_status":"closed","ping_status":"closed","template":"","meta":{"_acf_changed":false,"footnotes":""},"class_list":["post-1498","page","type-page","status-publish","hentry"],"acf":[],"yoast_head":"<!-- This site is optimized with the Yoast SEO plugin v26.7 - https:\/\/yoast.com\/wordpress\/plugins\/seo\/ -->\n<title>Barbara Pouliot \u2013 Tribute | Mus\u00e9e maritime du Qu\u00e9bec<\/title>\n<meta name=\"description\" content=\"Daughter of Qu\u00e9b\u00e9cois navigator John Pouliot, Barbara Pouliot received a Tribute to the People of the St. Lawrence for her research on the capsizing of the Fort William.\" \/>\n<meta name=\"robots\" content=\"index, follow, max-snippet:-1, max-image-preview:large, max-video-preview:-1\" \/>\n<link rel=\"canonical\" href=\"https:\/\/www.mmq.qc.ca\/en\/tribute\/barbara-pouliot\/\" \/>\n<meta property=\"og:locale\" content=\"en_US\" \/>\n<meta property=\"og:type\" content=\"article\" \/>\n<meta property=\"og:title\" content=\"Barbara Pouliot \u2013 Tribute | Mus\u00e9e maritime du Qu\u00e9bec\" \/>\n<meta property=\"og:description\" content=\"Daughter of Qu\u00e9b\u00e9cois navigator John Pouliot, Barbara Pouliot received a Tribute to the People of the St. Lawrence for her research on the capsizing of the Fort William.\" \/>\n<meta property=\"og:url\" content=\"https:\/\/www.mmq.qc.ca\/en\/tribute\/barbara-pouliot\/\" \/>\n<meta property=\"og:site_name\" content=\"Mus\u00e9e Maritime du Qu\u00e9bec\" \/>\n<meta property=\"article:modified_time\" content=\"2021-01-11T21:42:05+00:00\" \/>\n<meta property=\"og:image\" content=\"https:\/\/www.mmq.qc.ca\/wp-content\/uploads\/2020\/01\/1-hommage-aux-gens-du-fleuve-2019-barbara-pouliot-scaled.jpg\" \/>\n\t<meta property=\"og:image:width\" content=\"1706\" \/>\n\t<meta property=\"og:image:height\" content=\"2560\" \/>\n\t<meta property=\"og:image:type\" content=\"image\/jpeg\" \/>\n<meta name=\"twitter:card\" content=\"summary_large_image\" \/>\n<meta name=\"twitter:label1\" content=\"Est. reading time\" \/>\n\t<meta name=\"twitter:data1\" content=\"1 minute\" \/>\n<script type=\"application\/ld+json\" class=\"yoast-schema-graph\">{\"@context\":\"https:\/\/schema.org\",\"@graph\":[{\"@type\":\"WebPage\",\"@id\":\"https:\/\/www.mmq.qc.ca\/en\/tribute\/barbara-pouliot\/\",\"url\":\"https:\/\/www.mmq.qc.ca\/en\/tribute\/barbara-pouliot\/\",\"name\":\"Barbara Pouliot \u2013 Tribute | Mus\u00e9e maritime du Qu\u00e9bec\",\"isPartOf\":{\"@id\":\"https:\/\/www.mmq.qc.ca\/#website\"},\"primaryImageOfPage\":{\"@id\":\"https:\/\/www.mmq.qc.ca\/en\/tribute\/barbara-pouliot\/#primaryimage\"},\"image\":{\"@id\":\"https:\/\/www.mmq.qc.ca\/en\/tribute\/barbara-pouliot\/#primaryimage\"},\"thumbnailUrl\":\"https:\/\/www.mmq.qc.ca\/wp-content\/uploads\/2020\/01\/1-hommage-aux-gens-du-fleuve-2019-barbara-pouliot-563x845.jpg\",\"datePublished\":\"2021-01-05T20:00:34+00:00\",\"dateModified\":\"2021-01-11T21:42:05+00:00\",\"description\":\"Daughter of Qu\u00e9b\u00e9cois navigator John Pouliot, Barbara Pouliot received a Tribute to the People of the St. Lawrence for her research on the capsizing of the Fort William.\",\"breadcrumb\":{\"@id\":\"https:\/\/www.mmq.qc.ca\/en\/tribute\/barbara-pouliot\/#breadcrumb\"},\"inLanguage\":\"en-US\",\"potentialAction\":[{\"@type\":\"ReadAction\",\"target\":[\"https:\/\/www.mmq.qc.ca\/en\/tribute\/barbara-pouliot\/\"]}]},{\"@type\":\"ImageObject\",\"inLanguage\":\"en-US\",\"@id\":\"https:\/\/www.mmq.qc.ca\/en\/tribute\/barbara-pouliot\/#primaryimage\",\"url\":\"https:\/\/www.mmq.qc.ca\/wp-content\/uploads\/2020\/01\/1-hommage-aux-gens-du-fleuve-2019-barbara-pouliot-563x845.jpg\",\"contentUrl\":\"https:\/\/www.mmq.qc.ca\/wp-content\/uploads\/2020\/01\/1-hommage-aux-gens-du-fleuve-2019-barbara-pouliot-563x845.jpg\"},{\"@type\":\"BreadcrumbList\",\"@id\":\"https:\/\/www.mmq.qc.ca\/en\/tribute\/barbara-pouliot\/#breadcrumb\",\"itemListElement\":[{\"@type\":\"ListItem\",\"position\":1,\"name\":\"Home\",\"item\":\"https:\/\/www.mmq.qc.ca\/en\/\"},{\"@type\":\"ListItem\",\"position\":2,\"name\":\"Tribute to the People of the St. Lawrence\",\"item\":\"https:\/\/www.mmq.qc.ca\/en\/tribute\/\"},{\"@type\":\"ListItem\",\"position\":3,\"name\":\"Barbara Pouliot (2019)\"}]},{\"@type\":\"WebSite\",\"@id\":\"https:\/\/www.mmq.qc.ca\/#website\",\"url\":\"https:\/\/www.mmq.qc.ca\/\",\"name\":\"Mus\u00e9e Maritime du Qu\u00e9bec\",\"description\":\"Notre histoire venue du Fleuve\",\"potentialAction\":[{\"@type\":\"SearchAction\",\"target\":{\"@type\":\"EntryPoint\",\"urlTemplate\":\"https:\/\/www.mmq.qc.ca\/?s={search_term_string}\"},\"query-input\":{\"@type\":\"PropertyValueSpecification\",\"valueRequired\":true,\"valueName\":\"search_term_string\"}}],\"inLanguage\":\"en-US\"}]}<\/script>\n<!-- \/ Yoast SEO plugin. -->","yoast_head_json":{"title":"Barbara Pouliot \u2013 Tribute | Mus\u00e9e maritime du Qu\u00e9bec","description":"Daughter of Qu\u00e9b\u00e9cois navigator John Pouliot, Barbara Pouliot received a Tribute to the People of the St. Lawrence for her research on the capsizing of the Fort William.","robots":{"index":"index","follow":"follow","max-snippet":"max-snippet:-1","max-image-preview":"max-image-preview:large","max-video-preview":"max-video-preview:-1"},"canonical":"https:\/\/www.mmq.qc.ca\/en\/tribute\/barbara-pouliot\/","og_locale":"en_US","og_type":"article","og_title":"Barbara Pouliot \u2013 Tribute | Mus\u00e9e maritime du Qu\u00e9bec","og_description":"Daughter of Qu\u00e9b\u00e9cois navigator John Pouliot, Barbara Pouliot received a Tribute to the People of the St. Lawrence for her research on the capsizing of the Fort William.","og_url":"https:\/\/www.mmq.qc.ca\/en\/tribute\/barbara-pouliot\/","og_site_name":"Mus\u00e9e Maritime du Qu\u00e9bec","article_modified_time":"2021-01-11T21:42:05+00:00","og_image":[{"width":1706,"height":2560,"url":"https:\/\/www.mmq.qc.ca\/wp-content\/uploads\/2020\/01\/1-hommage-aux-gens-du-fleuve-2019-barbara-pouliot-scaled.jpg","type":"image\/jpeg"}],"twitter_card":"summary_large_image","twitter_misc":{"Est. reading time":"1 minute"},"schema":{"@context":"https:\/\/schema.org","@graph":[{"@type":"WebPage","@id":"https:\/\/www.mmq.qc.ca\/en\/tribute\/barbara-pouliot\/","url":"https:\/\/www.mmq.qc.ca\/en\/tribute\/barbara-pouliot\/","name":"Barbara Pouliot \u2013 Tribute | Mus\u00e9e maritime du Qu\u00e9bec","isPartOf":{"@id":"https:\/\/www.mmq.qc.ca\/#website"},"primaryImageOfPage":{"@id":"https:\/\/www.mmq.qc.ca\/en\/tribute\/barbara-pouliot\/#primaryimage"},"image":{"@id":"https:\/\/www.mmq.qc.ca\/en\/tribute\/barbara-pouliot\/#primaryimage"},"thumbnailUrl":"https:\/\/www.mmq.qc.ca\/wp-content\/uploads\/2020\/01\/1-hommage-aux-gens-du-fleuve-2019-barbara-pouliot-563x845.jpg","datePublished":"2021-01-05T20:00:34+00:00","dateModified":"2021-01-11T21:42:05+00:00","description":"Daughter of Qu\u00e9b\u00e9cois navigator John Pouliot, Barbara Pouliot received a Tribute to the People of the St. Lawrence for her research on the capsizing of the Fort William.","breadcrumb":{"@id":"https:\/\/www.mmq.qc.ca\/en\/tribute\/barbara-pouliot\/#breadcrumb"},"inLanguage":"en-US","potentialAction":[{"@type":"ReadAction","target":["https:\/\/www.mmq.qc.ca\/en\/tribute\/barbara-pouliot\/"]}]},{"@type":"ImageObject","inLanguage":"en-US","@id":"https:\/\/www.mmq.qc.ca\/en\/tribute\/barbara-pouliot\/#primaryimage","url":"https:\/\/www.mmq.qc.ca\/wp-content\/uploads\/2020\/01\/1-hommage-aux-gens-du-fleuve-2019-barbara-pouliot-563x845.jpg","contentUrl":"https:\/\/www.mmq.qc.ca\/wp-content\/uploads\/2020\/01\/1-hommage-aux-gens-du-fleuve-2019-barbara-pouliot-563x845.jpg"},{"@type":"BreadcrumbList","@id":"https:\/\/www.mmq.qc.ca\/en\/tribute\/barbara-pouliot\/#breadcrumb","itemListElement":[{"@type":"ListItem","position":1,"name":"Home","item":"https:\/\/www.mmq.qc.ca\/en\/"},{"@type":"ListItem","position":2,"name":"Tribute to the People of the St. Lawrence","item":"https:\/\/www.mmq.qc.ca\/en\/tribute\/"},{"@type":"ListItem","position":3,"name":"Barbara Pouliot (2019)"}]},{"@type":"WebSite","@id":"https:\/\/www.mmq.qc.ca\/#website","url":"https:\/\/www.mmq.qc.ca\/","name":"Mus\u00e9e Maritime du Qu\u00e9bec","description":"Notre histoire venue du Fleuve","potentialAction":[{"@type":"SearchAction","target":{"@type":"EntryPoint","urlTemplate":"https:\/\/www.mmq.qc.ca\/?s={search_term_string}"},"query-input":{"@type":"PropertyValueSpecification","valueRequired":true,"valueName":"search_term_string"}}],"inLanguage":"en-US"}]}},"_links":{"self":[{"href":"https:\/\/www.mmq.qc.ca\/en\/wp-json\/wp\/v2\/pages\/1498","targetHints":{"allow":["GET"]}}],"collection":[{"href":"https:\/\/www.mmq.qc.ca\/en\/wp-json\/wp\/v2\/pages"}],"about":[{"href":"https:\/\/www.mmq.qc.ca\/en\/wp-json\/wp\/v2\/types\/page"}],"author":[{"embeddable":true,"href":"https:\/\/www.mmq.qc.ca\/en\/wp-json\/wp\/v2\/users\/1"}],"replies":[{"embeddable":true,"href":"https:\/\/www.mmq.qc.ca\/en\/wp-json\/wp\/v2\/comments?post=1498"}],"version-history":[{"count":3,"href":"https:\/\/www.mmq.qc.ca\/en\/wp-json\/wp\/v2\/pages\/1498\/revisions"}],"predecessor-version":[{"id":2427,"href":"https:\/\/www.mmq.qc.ca\/en\/wp-json\/wp\/v2\/pages\/1498\/revisions\/2427"}],"up":[{"embeddable":true,"href":"https:\/\/www.mmq.qc.ca\/en\/wp-json\/wp\/v2\/pages\/253"}],"wp:attachment":[{"href":"https:\/\/www.mmq.qc.ca\/en\/wp-json\/wp\/v2\/media?parent=1498"}],"curies":[{"name":"wp","href":"https:\/\/api.w.org\/{rel}","templated":true}]}}