{"id":1494,"date":"2021-01-05T14:49:50","date_gmt":"2021-01-05T19:49:50","guid":{"rendered":"https:\/\/www.mmq.qc.ca\/?page_id=1494"},"modified":"2021-01-11T16:44:35","modified_gmt":"2021-01-11T21:44:35","slug":"marc-thibault","status":"publish","type":"page","link":"https:\/\/www.mmq.qc.ca\/en\/tribute\/marc-thibault\/","title":{"rendered":"Marc Thibault (2014)"},"content":{"rendered":"\n<h2 class=\"wp-block-heading\">His contribution to maritime life in Quebec&nbsp;<\/h2>\n\n\n\n<p>In 2014, the Mus\u00e9e maritime du Qu\u00e9bec paid posthumous tribute to Captain&nbsp;Marc Thibault, who died tragically in 2013 while in service, at the age of 48. Thibault first showed his keen interest in the St.&nbsp;Lawrence and navigation when he joined the Royal Canadian Navy cadet corps&nbsp;260 J.E.&nbsp;Bernier in L\u2019Islet. From ages 14 to 19, he stood out as an exceptional cadet. Between 1984 and 1987, he completed his training as a navigation officer in nautical sciences in Nova Scotia. Once he left school, he worked for the Canadian Coast Guard for 29&nbsp;years. In 1995, he obtained his master home trade certificate and, 15&nbsp;years later, his master mariner certificate. Thibault was the commanding officer of seven Coast Guard vessels and sailed to the Arctic 19&nbsp;times during his brilliant career.<\/p>\n\n\n\n<h2 class=\"wp-block-heading\">About Marc Thibault<\/h2>\n\n\n\n<p>Born in L\u2019Islet in 1965, Marc Thibault developed a strong interest in the St.&nbsp;Lawrence and navigation at a quite young age. Later as a seasoned captain, he wished to become a mentor, because he felt that his love for people and his concern for their safety onboard were important elements to convey. He took great pride in his expeditions aboard the<em> Amundsen<\/em> icebreaker. The scientific vocation of his voyages to the Arctic and the unveiling of the 50-dollar bill featuring the historic ship with him at the helm may have contributed to his great sense of pride. <\/p>\n","protected":false},"excerpt":{"rendered":"His contribution to maritime life in Quebec&nbsp; In 2014, the Mus\u00e9e maritime du Qu\u00e9bec paid posthumous tribute to Captain&nbsp;Marc Thibault, who died tragically in 2013 while in service, at the age of 48. Thibault first showed his keen interest in the St.&nbsp;Lawrence and navigation when he joined the Royal Canadian Navy cadet corps&nbsp;260 J.E.&nbsp;Bernier in&#8230; <a class=\"view-article\" href=\"https:\/\/www.mmq.qc.ca\/en\/tribute\/marc-thibault\/\">View Article<\/a>","protected":false},"author":1,"featured_media":0,"parent":253,"menu_order":0,"comment_status":"closed","ping_status":"closed","template":"","meta":{"_acf_changed":false,"footnotes":""},"class_list":["post-1494","page","type-page","status-publish","hentry"],"acf":[],"yoast_head":"<!-- This site is optimized with the Yoast SEO plugin v26.7 - https:\/\/yoast.com\/wordpress\/plugins\/seo\/ -->\n<title>Marc Thibault \u2013 Tribute | Mus\u00e9e maritime du Qu\u00e9bec<\/title>\n<meta name=\"description\" content=\"Proud representative of C\u00f4te-du-Sud seafarers, Captain Marc Thibault received a Tribute to the People of the St. Lawrence in 2014.\" \/>\n<meta name=\"robots\" content=\"index, follow, max-snippet:-1, max-image-preview:large, max-video-preview:-1\" \/>\n<link rel=\"canonical\" href=\"https:\/\/www.mmq.qc.ca\/en\/tribute\/marc-thibault\/\" \/>\n<meta property=\"og:locale\" content=\"en_US\" \/>\n<meta property=\"og:type\" content=\"article\" \/>\n<meta property=\"og:title\" content=\"Marc Thibault \u2013 Tribute | Mus\u00e9e maritime du Qu\u00e9bec\" \/>\n<meta property=\"og:description\" content=\"Proud representative of C\u00f4te-du-Sud seafarers, Captain Marc Thibault received a Tribute to the People of the St. Lawrence in 2014.\" \/>\n<meta property=\"og:url\" content=\"https:\/\/www.mmq.qc.ca\/en\/tribute\/marc-thibault\/\" \/>\n<meta property=\"og:site_name\" content=\"Mus\u00e9e Maritime du Qu\u00e9bec\" \/>\n<meta property=\"article:modified_time\" content=\"2021-01-11T21:44:35+00:00\" \/>\n<meta name=\"twitter:card\" content=\"summary_large_image\" \/>\n<meta name=\"twitter:label1\" content=\"Est. reading time\" \/>\n\t<meta name=\"twitter:data1\" content=\"1 minute\" \/>\n<script type=\"application\/ld+json\" class=\"yoast-schema-graph\">{\"@context\":\"https:\/\/schema.org\",\"@graph\":[{\"@type\":\"WebPage\",\"@id\":\"https:\/\/www.mmq.qc.ca\/en\/tribute\/marc-thibault\/\",\"url\":\"https:\/\/www.mmq.qc.ca\/en\/tribute\/marc-thibault\/\",\"name\":\"Marc Thibault \u2013 Tribute | Mus\u00e9e maritime du Qu\u00e9bec\",\"isPartOf\":{\"@id\":\"https:\/\/www.mmq.qc.ca\/#website\"},\"datePublished\":\"2021-01-05T19:49:50+00:00\",\"dateModified\":\"2021-01-11T21:44:35+00:00\",\"description\":\"Proud representative of C\u00f4te-du-Sud seafarers, Captain Marc Thibault received a Tribute to the People of the St. Lawrence in 2014.\",\"breadcrumb\":{\"@id\":\"https:\/\/www.mmq.qc.ca\/en\/tribute\/marc-thibault\/#breadcrumb\"},\"inLanguage\":\"en-US\",\"potentialAction\":[{\"@type\":\"ReadAction\",\"target\":[\"https:\/\/www.mmq.qc.ca\/en\/tribute\/marc-thibault\/\"]}]},{\"@type\":\"BreadcrumbList\",\"@id\":\"https:\/\/www.mmq.qc.ca\/en\/tribute\/marc-thibault\/#breadcrumb\",\"itemListElement\":[{\"@type\":\"ListItem\",\"position\":1,\"name\":\"Home\",\"item\":\"https:\/\/www.mmq.qc.ca\/en\/\"},{\"@type\":\"ListItem\",\"position\":2,\"name\":\"Tribute to the People of the St. Lawrence\",\"item\":\"https:\/\/www.mmq.qc.ca\/en\/tribute\/\"},{\"@type\":\"ListItem\",\"position\":3,\"name\":\"Marc Thibault (2014)\"}]},{\"@type\":\"WebSite\",\"@id\":\"https:\/\/www.mmq.qc.ca\/#website\",\"url\":\"https:\/\/www.mmq.qc.ca\/\",\"name\":\"Mus\u00e9e Maritime du Qu\u00e9bec\",\"description\":\"Notre histoire venue du Fleuve\",\"potentialAction\":[{\"@type\":\"SearchAction\",\"target\":{\"@type\":\"EntryPoint\",\"urlTemplate\":\"https:\/\/www.mmq.qc.ca\/?s={search_term_string}\"},\"query-input\":{\"@type\":\"PropertyValueSpecification\",\"valueRequired\":true,\"valueName\":\"search_term_string\"}}],\"inLanguage\":\"en-US\"}]}<\/script>\n<!-- \/ Yoast SEO plugin. -->","yoast_head_json":{"title":"Marc Thibault \u2013 Tribute | Mus\u00e9e maritime du Qu\u00e9bec","description":"Proud representative of C\u00f4te-du-Sud seafarers, Captain Marc Thibault received a Tribute to the People of the St. Lawrence in 2014.","robots":{"index":"index","follow":"follow","max-snippet":"max-snippet:-1","max-image-preview":"max-image-preview:large","max-video-preview":"max-video-preview:-1"},"canonical":"https:\/\/www.mmq.qc.ca\/en\/tribute\/marc-thibault\/","og_locale":"en_US","og_type":"article","og_title":"Marc Thibault \u2013 Tribute | Mus\u00e9e maritime du Qu\u00e9bec","og_description":"Proud representative of C\u00f4te-du-Sud seafarers, Captain Marc Thibault received a Tribute to the People of the St. Lawrence in 2014.","og_url":"https:\/\/www.mmq.qc.ca\/en\/tribute\/marc-thibault\/","og_site_name":"Mus\u00e9e Maritime du Qu\u00e9bec","article_modified_time":"2021-01-11T21:44:35+00:00","twitter_card":"summary_large_image","twitter_misc":{"Est. reading time":"1 minute"},"schema":{"@context":"https:\/\/schema.org","@graph":[{"@type":"WebPage","@id":"https:\/\/www.mmq.qc.ca\/en\/tribute\/marc-thibault\/","url":"https:\/\/www.mmq.qc.ca\/en\/tribute\/marc-thibault\/","name":"Marc Thibault \u2013 Tribute | Mus\u00e9e maritime du Qu\u00e9bec","isPartOf":{"@id":"https:\/\/www.mmq.qc.ca\/#website"},"datePublished":"2021-01-05T19:49:50+00:00","dateModified":"2021-01-11T21:44:35+00:00","description":"Proud representative of C\u00f4te-du-Sud seafarers, Captain Marc Thibault received a Tribute to the People of the St. Lawrence in 2014.","breadcrumb":{"@id":"https:\/\/www.mmq.qc.ca\/en\/tribute\/marc-thibault\/#breadcrumb"},"inLanguage":"en-US","potentialAction":[{"@type":"ReadAction","target":["https:\/\/www.mmq.qc.ca\/en\/tribute\/marc-thibault\/"]}]},{"@type":"BreadcrumbList","@id":"https:\/\/www.mmq.qc.ca\/en\/tribute\/marc-thibault\/#breadcrumb","itemListElement":[{"@type":"ListItem","position":1,"name":"Home","item":"https:\/\/www.mmq.qc.ca\/en\/"},{"@type":"ListItem","position":2,"name":"Tribute to the People of the St. Lawrence","item":"https:\/\/www.mmq.qc.ca\/en\/tribute\/"},{"@type":"ListItem","position":3,"name":"Marc Thibault (2014)"}]},{"@type":"WebSite","@id":"https:\/\/www.mmq.qc.ca\/#website","url":"https:\/\/www.mmq.qc.ca\/","name":"Mus\u00e9e Maritime du Qu\u00e9bec","description":"Notre histoire venue du Fleuve","potentialAction":[{"@type":"SearchAction","target":{"@type":"EntryPoint","urlTemplate":"https:\/\/www.mmq.qc.ca\/?s={search_term_string}"},"query-input":{"@type":"PropertyValueSpecification","valueRequired":true,"valueName":"search_term_string"}}],"inLanguage":"en-US"}]}},"_links":{"self":[{"href":"https:\/\/www.mmq.qc.ca\/en\/wp-json\/wp\/v2\/pages\/1494","targetHints":{"allow":["GET"]}}],"collection":[{"href":"https:\/\/www.mmq.qc.ca\/en\/wp-json\/wp\/v2\/pages"}],"about":[{"href":"https:\/\/www.mmq.qc.ca\/en\/wp-json\/wp\/v2\/types\/page"}],"author":[{"embeddable":true,"href":"https:\/\/www.mmq.qc.ca\/en\/wp-json\/wp\/v2\/users\/1"}],"replies":[{"embeddable":true,"href":"https:\/\/www.mmq.qc.ca\/en\/wp-json\/wp\/v2\/comments?post=1494"}],"version-history":[{"count":2,"href":"https:\/\/www.mmq.qc.ca\/en\/wp-json\/wp\/v2\/pages\/1494\/revisions"}],"predecessor-version":[{"id":1611,"href":"https:\/\/www.mmq.qc.ca\/en\/wp-json\/wp\/v2\/pages\/1494\/revisions\/1611"}],"up":[{"embeddable":true,"href":"https:\/\/www.mmq.qc.ca\/en\/wp-json\/wp\/v2\/pages\/253"}],"wp:attachment":[{"href":"https:\/\/www.mmq.qc.ca\/en\/wp-json\/wp\/v2\/media?parent=1494"}],"curies":[{"name":"wp","href":"https:\/\/api.w.org\/{rel}","templated":true}]}}