{"id":1490,"date":"2021-01-05T14:44:26","date_gmt":"2021-01-05T19:44:26","guid":{"rendered":"https:\/\/www.mmq.qc.ca\/?page_id=1490"},"modified":"2021-03-04T11:39:38","modified_gmt":"2021-03-04T16:39:38","slug":"gaston-rousseau","status":"publish","type":"page","link":"https:\/\/www.mmq.qc.ca\/en\/tribute\/gaston-rousseau\/","title":{"rendered":"Gaston Rousseau (2014)"},"content":{"rendered":"\n<h2 class=\"wp-block-heading\">His contribution to maritime life in Quebec<\/h2>\n\n\n\n<p>In 2014, the Mus\u00e9e maritime du Qu\u00e9bec paid tribute to Captain Gaston Rousseau for his contribution to the local seafaring heritage. Rousseau has an impressive track record. A cabin boy at age 14, he became a pilot a decade or so later. Until 1952, he sailed the seas of the world from the Atlantic to the Pacific, including the Mediterranean Sea. At 33, he became a pilot on the St.&nbsp;Lawrence River, where he navigated for 32&nbsp;years. During that time, he founded Groupe maritime de Qu\u00e9bec inc. and was Board Chair for the Mus\u00e9e maritime du Qu\u00e9bec (from 1976 to 1979). The acquisition of the <em><a href=\"https:\/\/www.mmq.qc.ca\/en\/expositions\/the-bras-dor-hydrofoil\/\">Bras d\u2019Or hydrofoil<\/a><\/em>, a major museum showpiece, is an initiative of Captain Rousseau.<\/p>\n\n\n\n<div style=\"height:45px\" aria-hidden=\"true\" class=\"wp-block-spacer\"><\/div>\n\n\n\n<h2 class=\"wp-block-heading\">About Gaston Rousseau<\/h2>\n\n\n\n<p>Captain Gaston Rousseau was born in 1919, in Berthier-sur-Mer and died January&nbsp;28,&nbsp;2018, ten days shy of his 99th&nbsp;birthday. The son of a notary, he was not born into a family line of mariners, but he showed great interest in the profession at an early age. Owing to his maritime career, Captain&nbsp;Rousseau received the highest civilian award in Canada, becoming a member of the Order of Canada in 1983. He retired the following year.<\/p>\n","protected":false},"excerpt":{"rendered":"His contribution to maritime life in Quebec In 2014, the Mus\u00e9e maritime du Qu\u00e9bec paid tribute to Captain Gaston Rousseau for his contribution to the local seafaring heritage. Rousseau has an impressive track record. A cabin boy at age 14, he became a pilot a decade or so later. Until 1952, he sailed the seas&#8230; <a class=\"view-article\" href=\"https:\/\/www.mmq.qc.ca\/en\/tribute\/gaston-rousseau\/\">View Article<\/a>","protected":false},"author":1,"featured_media":0,"parent":253,"menu_order":0,"comment_status":"closed","ping_status":"closed","template":"","meta":{"_acf_changed":false,"footnotes":""},"class_list":["post-1490","page","type-page","status-publish","hentry"],"acf":[],"yoast_head":"<!-- This site is optimized with the Yoast SEO plugin v26.7 - https:\/\/yoast.com\/wordpress\/plugins\/seo\/ -->\n<title>Gaston Rousseau \u2013 Tribute | Mus\u00e9e maritime du Qu\u00e9bec<\/title>\n<meta name=\"description\" content=\"Capitain Gaston Rousseau received a Tribute to the People of the St. Lawrence for his contribution to the pilot profession and seafaring heritage.\" \/>\n<meta name=\"robots\" content=\"index, follow, max-snippet:-1, max-image-preview:large, max-video-preview:-1\" \/>\n<link rel=\"canonical\" href=\"https:\/\/www.mmq.qc.ca\/en\/tribute\/gaston-rousseau\/\" \/>\n<meta property=\"og:locale\" content=\"en_US\" \/>\n<meta property=\"og:type\" content=\"article\" \/>\n<meta property=\"og:title\" content=\"Gaston Rousseau \u2013 Tribute | Mus\u00e9e maritime du Qu\u00e9bec\" \/>\n<meta property=\"og:description\" content=\"Capitain Gaston Rousseau received a Tribute to the People of the St. Lawrence for his contribution to the pilot profession and seafaring heritage.\" \/>\n<meta property=\"og:url\" content=\"https:\/\/www.mmq.qc.ca\/en\/tribute\/gaston-rousseau\/\" \/>\n<meta property=\"og:site_name\" content=\"Mus\u00e9e Maritime du Qu\u00e9bec\" \/>\n<meta property=\"article:modified_time\" content=\"2021-03-04T16:39:38+00:00\" \/>\n<meta name=\"twitter:card\" content=\"summary_large_image\" \/>\n<meta name=\"twitter:label1\" content=\"Est. reading time\" \/>\n\t<meta name=\"twitter:data1\" content=\"1 minute\" \/>\n<script type=\"application\/ld+json\" class=\"yoast-schema-graph\">{\"@context\":\"https:\/\/schema.org\",\"@graph\":[{\"@type\":\"WebPage\",\"@id\":\"https:\/\/www.mmq.qc.ca\/en\/tribute\/gaston-rousseau\/\",\"url\":\"https:\/\/www.mmq.qc.ca\/en\/tribute\/gaston-rousseau\/\",\"name\":\"Gaston Rousseau \u2013 Tribute | Mus\u00e9e maritime du Qu\u00e9bec\",\"isPartOf\":{\"@id\":\"https:\/\/www.mmq.qc.ca\/#website\"},\"datePublished\":\"2021-01-05T19:44:26+00:00\",\"dateModified\":\"2021-03-04T16:39:38+00:00\",\"description\":\"Capitain Gaston Rousseau received a Tribute to the People of the St. Lawrence for his contribution to the pilot profession and seafaring heritage.\",\"breadcrumb\":{\"@id\":\"https:\/\/www.mmq.qc.ca\/en\/tribute\/gaston-rousseau\/#breadcrumb\"},\"inLanguage\":\"en-US\",\"potentialAction\":[{\"@type\":\"ReadAction\",\"target\":[\"https:\/\/www.mmq.qc.ca\/en\/tribute\/gaston-rousseau\/\"]}]},{\"@type\":\"BreadcrumbList\",\"@id\":\"https:\/\/www.mmq.qc.ca\/en\/tribute\/gaston-rousseau\/#breadcrumb\",\"itemListElement\":[{\"@type\":\"ListItem\",\"position\":1,\"name\":\"Home\",\"item\":\"https:\/\/www.mmq.qc.ca\/en\/\"},{\"@type\":\"ListItem\",\"position\":2,\"name\":\"Tribute to the People of the St. Lawrence\",\"item\":\"https:\/\/www.mmq.qc.ca\/en\/tribute\/\"},{\"@type\":\"ListItem\",\"position\":3,\"name\":\"Gaston Rousseau (2014)\"}]},{\"@type\":\"WebSite\",\"@id\":\"https:\/\/www.mmq.qc.ca\/#website\",\"url\":\"https:\/\/www.mmq.qc.ca\/\",\"name\":\"Mus\u00e9e Maritime du Qu\u00e9bec\",\"description\":\"Notre histoire venue du Fleuve\",\"potentialAction\":[{\"@type\":\"SearchAction\",\"target\":{\"@type\":\"EntryPoint\",\"urlTemplate\":\"https:\/\/www.mmq.qc.ca\/?s={search_term_string}\"},\"query-input\":{\"@type\":\"PropertyValueSpecification\",\"valueRequired\":true,\"valueName\":\"search_term_string\"}}],\"inLanguage\":\"en-US\"}]}<\/script>\n<!-- \/ Yoast SEO plugin. -->","yoast_head_json":{"title":"Gaston Rousseau \u2013 Tribute | Mus\u00e9e maritime du Qu\u00e9bec","description":"Capitain Gaston Rousseau received a Tribute to the People of the St. Lawrence for his contribution to the pilot profession and seafaring heritage.","robots":{"index":"index","follow":"follow","max-snippet":"max-snippet:-1","max-image-preview":"max-image-preview:large","max-video-preview":"max-video-preview:-1"},"canonical":"https:\/\/www.mmq.qc.ca\/en\/tribute\/gaston-rousseau\/","og_locale":"en_US","og_type":"article","og_title":"Gaston Rousseau \u2013 Tribute | Mus\u00e9e maritime du Qu\u00e9bec","og_description":"Capitain Gaston Rousseau received a Tribute to the People of the St. Lawrence for his contribution to the pilot profession and seafaring heritage.","og_url":"https:\/\/www.mmq.qc.ca\/en\/tribute\/gaston-rousseau\/","og_site_name":"Mus\u00e9e Maritime du Qu\u00e9bec","article_modified_time":"2021-03-04T16:39:38+00:00","twitter_card":"summary_large_image","twitter_misc":{"Est. reading time":"1 minute"},"schema":{"@context":"https:\/\/schema.org","@graph":[{"@type":"WebPage","@id":"https:\/\/www.mmq.qc.ca\/en\/tribute\/gaston-rousseau\/","url":"https:\/\/www.mmq.qc.ca\/en\/tribute\/gaston-rousseau\/","name":"Gaston Rousseau \u2013 Tribute | Mus\u00e9e maritime du Qu\u00e9bec","isPartOf":{"@id":"https:\/\/www.mmq.qc.ca\/#website"},"datePublished":"2021-01-05T19:44:26+00:00","dateModified":"2021-03-04T16:39:38+00:00","description":"Capitain Gaston Rousseau received a Tribute to the People of the St. Lawrence for his contribution to the pilot profession and seafaring heritage.","breadcrumb":{"@id":"https:\/\/www.mmq.qc.ca\/en\/tribute\/gaston-rousseau\/#breadcrumb"},"inLanguage":"en-US","potentialAction":[{"@type":"ReadAction","target":["https:\/\/www.mmq.qc.ca\/en\/tribute\/gaston-rousseau\/"]}]},{"@type":"BreadcrumbList","@id":"https:\/\/www.mmq.qc.ca\/en\/tribute\/gaston-rousseau\/#breadcrumb","itemListElement":[{"@type":"ListItem","position":1,"name":"Home","item":"https:\/\/www.mmq.qc.ca\/en\/"},{"@type":"ListItem","position":2,"name":"Tribute to the People of the St. Lawrence","item":"https:\/\/www.mmq.qc.ca\/en\/tribute\/"},{"@type":"ListItem","position":3,"name":"Gaston Rousseau (2014)"}]},{"@type":"WebSite","@id":"https:\/\/www.mmq.qc.ca\/#website","url":"https:\/\/www.mmq.qc.ca\/","name":"Mus\u00e9e Maritime du Qu\u00e9bec","description":"Notre histoire venue du Fleuve","potentialAction":[{"@type":"SearchAction","target":{"@type":"EntryPoint","urlTemplate":"https:\/\/www.mmq.qc.ca\/?s={search_term_string}"},"query-input":{"@type":"PropertyValueSpecification","valueRequired":true,"valueName":"search_term_string"}}],"inLanguage":"en-US"}]}},"_links":{"self":[{"href":"https:\/\/www.mmq.qc.ca\/en\/wp-json\/wp\/v2\/pages\/1490","targetHints":{"allow":["GET"]}}],"collection":[{"href":"https:\/\/www.mmq.qc.ca\/en\/wp-json\/wp\/v2\/pages"}],"about":[{"href":"https:\/\/www.mmq.qc.ca\/en\/wp-json\/wp\/v2\/types\/page"}],"author":[{"embeddable":true,"href":"https:\/\/www.mmq.qc.ca\/en\/wp-json\/wp\/v2\/users\/1"}],"replies":[{"embeddable":true,"href":"https:\/\/www.mmq.qc.ca\/en\/wp-json\/wp\/v2\/comments?post=1490"}],"version-history":[{"count":4,"href":"https:\/\/www.mmq.qc.ca\/en\/wp-json\/wp\/v2\/pages\/1490\/revisions"}],"predecessor-version":[{"id":2151,"href":"https:\/\/www.mmq.qc.ca\/en\/wp-json\/wp\/v2\/pages\/1490\/revisions\/2151"}],"up":[{"embeddable":true,"href":"https:\/\/www.mmq.qc.ca\/en\/wp-json\/wp\/v2\/pages\/253"}],"wp:attachment":[{"href":"https:\/\/www.mmq.qc.ca\/en\/wp-json\/wp\/v2\/media?parent=1490"}],"curies":[{"name":"wp","href":"https:\/\/api.w.org\/{rel}","templated":true}]}}