{"id":1488,"date":"2021-01-05T14:41:17","date_gmt":"2021-01-05T19:41:17","guid":{"rendered":"https:\/\/www.mmq.qc.ca\/?page_id=1488"},"modified":"2021-01-11T16:45:22","modified_gmt":"2021-01-11T21:45:22","slug":"raymond-berube","status":"publish","type":"page","link":"https:\/\/www.mmq.qc.ca\/en\/tribute\/raymond-berube\/","title":{"rendered":"Raymond B\u00e9rub\u00e9 (2013)"},"content":{"rendered":"\n<h2 class=\"wp-block-heading\">His contribution to maritime life in Quebec <\/h2>\n\n\n\n<p>In 2013, the Mus\u00e9e maritime du Qu\u00e9bec paid tribute to Raymond B\u00e9rub\u00e9, a telegrapher and sailor with the Royal Canadian Navy during the Second World War. He enrolled in Qu\u00e9bec City in 1941 at the age of 20 and received training as a telegrapher. Two years later, he made his first voyage to escort ships and increase naval forces in the North Atlantic. He continued to travel in wartime and witnessed the sinking of the U-575 submarine. At the end of the war, B\u00e9rub\u00e9 returned to Qu\u00e9bec City as a WW&nbsp;II veteran and went on to work on the mainland for railroad companies for 37&nbsp;years.<\/p>\n\n\n\n<h2 class=\"wp-block-heading\">About Raymond B\u00e9rub\u00e9<\/h2>\n\n\n\n<p>Born in 1922 in Sainte-Anne-de-la-Pocati\u00e8re, Raymond B\u00e9rub\u00e9 now lives along the shores of the St.&nbsp;Lawrence River, in Saint-Jean-Port-Joli. His life story during the Second World War is featured in the Museum\u2019s permanent exhibition <em>Sea&nbsp;Roots<\/em>.<\/p>\n","protected":false},"excerpt":{"rendered":"His contribution to maritime life in Quebec In 2013, the Mus\u00e9e maritime du Qu\u00e9bec paid tribute to Raymond B\u00e9rub\u00e9, a telegrapher and sailor with the Royal Canadian Navy during the Second World War. He enrolled in Qu\u00e9bec City in 1941 at the age of 20 and received training as a telegrapher. Two years later, he&#8230; <a class=\"view-article\" href=\"https:\/\/www.mmq.qc.ca\/en\/tribute\/raymond-berube\/\">View Article<\/a>","protected":false},"author":1,"featured_media":0,"parent":253,"menu_order":0,"comment_status":"closed","ping_status":"closed","template":"","meta":{"_acf_changed":false,"footnotes":""},"class_list":["post-1488","page","type-page","status-publish","hentry"],"acf":[],"yoast_head":"<!-- This site is optimized with the Yoast SEO plugin v26.7 - https:\/\/yoast.com\/wordpress\/plugins\/seo\/ -->\n<title>Raymond B\u00e9rub\u00e9 \u2013 Tribute | Mus\u00e9e maritime du Qu\u00e9bec<\/title>\n<meta name=\"description\" content=\"Telegrapher and sailor in the Royal Canadian Navy during the Second World War, Raymond B\u00e9rub\u00e9 received a Tribute to the People of the St. Lawrence.\" \/>\n<meta name=\"robots\" content=\"index, follow, max-snippet:-1, max-image-preview:large, max-video-preview:-1\" \/>\n<link rel=\"canonical\" href=\"https:\/\/www.mmq.qc.ca\/en\/tribute\/raymond-berube\/\" \/>\n<meta property=\"og:locale\" content=\"en_US\" \/>\n<meta property=\"og:type\" content=\"article\" \/>\n<meta property=\"og:title\" content=\"Raymond B\u00e9rub\u00e9 \u2013 Tribute | Mus\u00e9e maritime du Qu\u00e9bec\" \/>\n<meta property=\"og:description\" content=\"Telegrapher and sailor in the Royal Canadian Navy during the Second World War, Raymond B\u00e9rub\u00e9 received a Tribute to the People of the St. Lawrence.\" \/>\n<meta property=\"og:url\" content=\"https:\/\/www.mmq.qc.ca\/en\/tribute\/raymond-berube\/\" \/>\n<meta property=\"og:site_name\" content=\"Mus\u00e9e Maritime du Qu\u00e9bec\" \/>\n<meta property=\"article:modified_time\" content=\"2021-01-11T21:45:22+00:00\" \/>\n<meta name=\"twitter:card\" content=\"summary_large_image\" \/>\n<meta name=\"twitter:label1\" content=\"Est. reading time\" \/>\n\t<meta name=\"twitter:data1\" content=\"1 minute\" \/>\n<script type=\"application\/ld+json\" class=\"yoast-schema-graph\">{\"@context\":\"https:\/\/schema.org\",\"@graph\":[{\"@type\":\"WebPage\",\"@id\":\"https:\/\/www.mmq.qc.ca\/en\/tribute\/raymond-berube\/\",\"url\":\"https:\/\/www.mmq.qc.ca\/en\/tribute\/raymond-berube\/\",\"name\":\"Raymond B\u00e9rub\u00e9 \u2013 Tribute | Mus\u00e9e maritime du Qu\u00e9bec\",\"isPartOf\":{\"@id\":\"https:\/\/www.mmq.qc.ca\/#website\"},\"datePublished\":\"2021-01-05T19:41:17+00:00\",\"dateModified\":\"2021-01-11T21:45:22+00:00\",\"description\":\"Telegrapher and sailor in the Royal Canadian Navy during the Second World War, Raymond B\u00e9rub\u00e9 received a Tribute to the People of the St. Lawrence.\",\"breadcrumb\":{\"@id\":\"https:\/\/www.mmq.qc.ca\/en\/tribute\/raymond-berube\/#breadcrumb\"},\"inLanguage\":\"en-US\",\"potentialAction\":[{\"@type\":\"ReadAction\",\"target\":[\"https:\/\/www.mmq.qc.ca\/en\/tribute\/raymond-berube\/\"]}]},{\"@type\":\"BreadcrumbList\",\"@id\":\"https:\/\/www.mmq.qc.ca\/en\/tribute\/raymond-berube\/#breadcrumb\",\"itemListElement\":[{\"@type\":\"ListItem\",\"position\":1,\"name\":\"Home\",\"item\":\"https:\/\/www.mmq.qc.ca\/en\/\"},{\"@type\":\"ListItem\",\"position\":2,\"name\":\"Tribute to the People of the St. Lawrence\",\"item\":\"https:\/\/www.mmq.qc.ca\/en\/tribute\/\"},{\"@type\":\"ListItem\",\"position\":3,\"name\":\"Raymond B\u00e9rub\u00e9 (2013)\"}]},{\"@type\":\"WebSite\",\"@id\":\"https:\/\/www.mmq.qc.ca\/#website\",\"url\":\"https:\/\/www.mmq.qc.ca\/\",\"name\":\"Mus\u00e9e Maritime du Qu\u00e9bec\",\"description\":\"Notre histoire venue du Fleuve\",\"potentialAction\":[{\"@type\":\"SearchAction\",\"target\":{\"@type\":\"EntryPoint\",\"urlTemplate\":\"https:\/\/www.mmq.qc.ca\/?s={search_term_string}\"},\"query-input\":{\"@type\":\"PropertyValueSpecification\",\"valueRequired\":true,\"valueName\":\"search_term_string\"}}],\"inLanguage\":\"en-US\"}]}<\/script>\n<!-- \/ Yoast SEO plugin. -->","yoast_head_json":{"title":"Raymond B\u00e9rub\u00e9 \u2013 Tribute | Mus\u00e9e maritime du Qu\u00e9bec","description":"Telegrapher and sailor in the Royal Canadian Navy during the Second World War, Raymond B\u00e9rub\u00e9 received a Tribute to the People of the St. Lawrence.","robots":{"index":"index","follow":"follow","max-snippet":"max-snippet:-1","max-image-preview":"max-image-preview:large","max-video-preview":"max-video-preview:-1"},"canonical":"https:\/\/www.mmq.qc.ca\/en\/tribute\/raymond-berube\/","og_locale":"en_US","og_type":"article","og_title":"Raymond B\u00e9rub\u00e9 \u2013 Tribute | Mus\u00e9e maritime du Qu\u00e9bec","og_description":"Telegrapher and sailor in the Royal Canadian Navy during the Second World War, Raymond B\u00e9rub\u00e9 received a Tribute to the People of the St. Lawrence.","og_url":"https:\/\/www.mmq.qc.ca\/en\/tribute\/raymond-berube\/","og_site_name":"Mus\u00e9e Maritime du Qu\u00e9bec","article_modified_time":"2021-01-11T21:45:22+00:00","twitter_card":"summary_large_image","twitter_misc":{"Est. reading time":"1 minute"},"schema":{"@context":"https:\/\/schema.org","@graph":[{"@type":"WebPage","@id":"https:\/\/www.mmq.qc.ca\/en\/tribute\/raymond-berube\/","url":"https:\/\/www.mmq.qc.ca\/en\/tribute\/raymond-berube\/","name":"Raymond B\u00e9rub\u00e9 \u2013 Tribute | Mus\u00e9e maritime du Qu\u00e9bec","isPartOf":{"@id":"https:\/\/www.mmq.qc.ca\/#website"},"datePublished":"2021-01-05T19:41:17+00:00","dateModified":"2021-01-11T21:45:22+00:00","description":"Telegrapher and sailor in the Royal Canadian Navy during the Second World War, Raymond B\u00e9rub\u00e9 received a Tribute to the People of the St. Lawrence.","breadcrumb":{"@id":"https:\/\/www.mmq.qc.ca\/en\/tribute\/raymond-berube\/#breadcrumb"},"inLanguage":"en-US","potentialAction":[{"@type":"ReadAction","target":["https:\/\/www.mmq.qc.ca\/en\/tribute\/raymond-berube\/"]}]},{"@type":"BreadcrumbList","@id":"https:\/\/www.mmq.qc.ca\/en\/tribute\/raymond-berube\/#breadcrumb","itemListElement":[{"@type":"ListItem","position":1,"name":"Home","item":"https:\/\/www.mmq.qc.ca\/en\/"},{"@type":"ListItem","position":2,"name":"Tribute to the People of the St. Lawrence","item":"https:\/\/www.mmq.qc.ca\/en\/tribute\/"},{"@type":"ListItem","position":3,"name":"Raymond B\u00e9rub\u00e9 (2013)"}]},{"@type":"WebSite","@id":"https:\/\/www.mmq.qc.ca\/#website","url":"https:\/\/www.mmq.qc.ca\/","name":"Mus\u00e9e Maritime du Qu\u00e9bec","description":"Notre histoire venue du Fleuve","potentialAction":[{"@type":"SearchAction","target":{"@type":"EntryPoint","urlTemplate":"https:\/\/www.mmq.qc.ca\/?s={search_term_string}"},"query-input":{"@type":"PropertyValueSpecification","valueRequired":true,"valueName":"search_term_string"}}],"inLanguage":"en-US"}]}},"_links":{"self":[{"href":"https:\/\/www.mmq.qc.ca\/en\/wp-json\/wp\/v2\/pages\/1488","targetHints":{"allow":["GET"]}}],"collection":[{"href":"https:\/\/www.mmq.qc.ca\/en\/wp-json\/wp\/v2\/pages"}],"about":[{"href":"https:\/\/www.mmq.qc.ca\/en\/wp-json\/wp\/v2\/types\/page"}],"author":[{"embeddable":true,"href":"https:\/\/www.mmq.qc.ca\/en\/wp-json\/wp\/v2\/users\/1"}],"replies":[{"embeddable":true,"href":"https:\/\/www.mmq.qc.ca\/en\/wp-json\/wp\/v2\/comments?post=1488"}],"version-history":[{"count":2,"href":"https:\/\/www.mmq.qc.ca\/en\/wp-json\/wp\/v2\/pages\/1488\/revisions"}],"predecessor-version":[{"id":1614,"href":"https:\/\/www.mmq.qc.ca\/en\/wp-json\/wp\/v2\/pages\/1488\/revisions\/1614"}],"up":[{"embeddable":true,"href":"https:\/\/www.mmq.qc.ca\/en\/wp-json\/wp\/v2\/pages\/253"}],"wp:attachment":[{"href":"https:\/\/www.mmq.qc.ca\/en\/wp-json\/wp\/v2\/media?parent=1488"}],"curies":[{"name":"wp","href":"https:\/\/api.w.org\/{rel}","templated":true}]}}