{"id":1485,"date":"2021-01-05T14:22:49","date_gmt":"2021-01-05T19:22:49","guid":{"rendered":"https:\/\/www.mmq.qc.ca\/?page_id=1485"},"modified":"2021-01-11T16:45:10","modified_gmt":"2021-01-11T21:45:10","slug":"paul-terrien","status":"publish","type":"page","link":"https:\/\/www.mmq.qc.ca\/en\/tribute\/paul-terrien\/","title":{"rendered":"Paul Terrien (2013)"},"content":{"rendered":"\n<h2 class=\"wp-block-heading\">His contribution to maritime life in Quebec <\/h2>\n\n\n\n<p>In 2013, the Mus\u00e9e maritime du Qu\u00e9bec paid special tribute to Paul Terrien for his efforts to have Captain Joseph-Elz\u00e9ar Bernier and his outstanding achievements recognized. Terrien, a journalist, served as a Quebec delegate, chief of staff for the federal departments of Transportation and Foreign Affairs and speech writer for three Canadian prime ministers. He authored several books, including <em>Les M\u00e9moires de J.-E.&nbsp;Bernier, marin, explorateur et d\u00e9couvreur<\/em>. Published in 2013, this book highlights the outstanding contributions of Captain&nbsp;Bernier, whose legacy has been celebrated at the museum since its foundation.<\/p>\n\n\n\n<h2 class=\"wp-block-heading\">About Paul Terrien<\/h2>\n\n\n\n<p>Paul Terrien was born in 1949. He had a long career as a political journalist. His literary work includes the book <em>Les grands discours de l\u2019histoire du Qu\u00e9bec<\/em>. Terrien particularly worked for the recognition of Captain J.-E.&nbsp;Bernier by writing his memoirs.<\/p>\n","protected":false},"excerpt":{"rendered":"His contribution to maritime life in Quebec In 2013, the Mus\u00e9e maritime du Qu\u00e9bec paid special tribute to Paul Terrien for his efforts to have Captain Joseph-Elz\u00e9ar Bernier and his outstanding achievements recognized. Terrien, a journalist, served as a Quebec delegate, chief of staff for the federal departments of Transportation and Foreign Affairs and speech&#8230; <a class=\"view-article\" href=\"https:\/\/www.mmq.qc.ca\/en\/tribute\/paul-terrien\/\">View Article<\/a>","protected":false},"author":1,"featured_media":0,"parent":253,"menu_order":0,"comment_status":"closed","ping_status":"closed","template":"","meta":{"_acf_changed":false,"footnotes":""},"class_list":["post-1485","page","type-page","status-publish","hentry"],"acf":[],"yoast_head":"<!-- This site is optimized with the Yoast SEO plugin v26.7 - https:\/\/yoast.com\/wordpress\/plugins\/seo\/ -->\n<title>Paul Terrien \u2013 Tribute | Mus\u00e9e maritime du Qu\u00e9bec<\/title>\n<meta name=\"description\" content=\"The Mus\u00e9e maritime du Qu\u00e9bec pays tribute to Paul Terrien, a journalist who worked for the recognition of Captain J.E. Bernier.\" \/>\n<meta name=\"robots\" content=\"index, follow, max-snippet:-1, max-image-preview:large, max-video-preview:-1\" \/>\n<link rel=\"canonical\" href=\"https:\/\/www.mmq.qc.ca\/en\/tribute\/paul-terrien\/\" \/>\n<meta property=\"og:locale\" content=\"en_US\" \/>\n<meta property=\"og:type\" content=\"article\" \/>\n<meta property=\"og:title\" content=\"Paul Terrien \u2013 Tribute | Mus\u00e9e maritime du Qu\u00e9bec\" \/>\n<meta property=\"og:description\" content=\"The Mus\u00e9e maritime du Qu\u00e9bec pays tribute to Paul Terrien, a journalist who worked for the recognition of Captain J.E. Bernier.\" \/>\n<meta property=\"og:url\" content=\"https:\/\/www.mmq.qc.ca\/en\/tribute\/paul-terrien\/\" \/>\n<meta property=\"og:site_name\" content=\"Mus\u00e9e Maritime du Qu\u00e9bec\" \/>\n<meta property=\"article:modified_time\" content=\"2021-01-11T21:45:10+00:00\" \/>\n<meta name=\"twitter:card\" content=\"summary_large_image\" \/>\n<meta name=\"twitter:label1\" content=\"Est. reading time\" \/>\n\t<meta name=\"twitter:data1\" content=\"1 minute\" \/>\n<script type=\"application\/ld+json\" class=\"yoast-schema-graph\">{\"@context\":\"https:\/\/schema.org\",\"@graph\":[{\"@type\":\"WebPage\",\"@id\":\"https:\/\/www.mmq.qc.ca\/en\/tribute\/paul-terrien\/\",\"url\":\"https:\/\/www.mmq.qc.ca\/en\/tribute\/paul-terrien\/\",\"name\":\"Paul Terrien \u2013 Tribute | Mus\u00e9e maritime du Qu\u00e9bec\",\"isPartOf\":{\"@id\":\"https:\/\/www.mmq.qc.ca\/#website\"},\"datePublished\":\"2021-01-05T19:22:49+00:00\",\"dateModified\":\"2021-01-11T21:45:10+00:00\",\"description\":\"The Mus\u00e9e maritime du Qu\u00e9bec pays tribute to Paul Terrien, a journalist who worked for the recognition of Captain J.E. Bernier.\",\"breadcrumb\":{\"@id\":\"https:\/\/www.mmq.qc.ca\/en\/tribute\/paul-terrien\/#breadcrumb\"},\"inLanguage\":\"en-US\",\"potentialAction\":[{\"@type\":\"ReadAction\",\"target\":[\"https:\/\/www.mmq.qc.ca\/en\/tribute\/paul-terrien\/\"]}]},{\"@type\":\"BreadcrumbList\",\"@id\":\"https:\/\/www.mmq.qc.ca\/en\/tribute\/paul-terrien\/#breadcrumb\",\"itemListElement\":[{\"@type\":\"ListItem\",\"position\":1,\"name\":\"Home\",\"item\":\"https:\/\/www.mmq.qc.ca\/en\/\"},{\"@type\":\"ListItem\",\"position\":2,\"name\":\"Tribute to the People of the St. Lawrence\",\"item\":\"https:\/\/www.mmq.qc.ca\/en\/tribute\/\"},{\"@type\":\"ListItem\",\"position\":3,\"name\":\"Paul Terrien (2013)\"}]},{\"@type\":\"WebSite\",\"@id\":\"https:\/\/www.mmq.qc.ca\/#website\",\"url\":\"https:\/\/www.mmq.qc.ca\/\",\"name\":\"Mus\u00e9e Maritime du Qu\u00e9bec\",\"description\":\"Notre histoire venue du Fleuve\",\"potentialAction\":[{\"@type\":\"SearchAction\",\"target\":{\"@type\":\"EntryPoint\",\"urlTemplate\":\"https:\/\/www.mmq.qc.ca\/?s={search_term_string}\"},\"query-input\":{\"@type\":\"PropertyValueSpecification\",\"valueRequired\":true,\"valueName\":\"search_term_string\"}}],\"inLanguage\":\"en-US\"}]}<\/script>\n<!-- \/ Yoast SEO plugin. -->","yoast_head_json":{"title":"Paul Terrien \u2013 Tribute | Mus\u00e9e maritime du Qu\u00e9bec","description":"The Mus\u00e9e maritime du Qu\u00e9bec pays tribute to Paul Terrien, a journalist who worked for the recognition of Captain J.E. Bernier.","robots":{"index":"index","follow":"follow","max-snippet":"max-snippet:-1","max-image-preview":"max-image-preview:large","max-video-preview":"max-video-preview:-1"},"canonical":"https:\/\/www.mmq.qc.ca\/en\/tribute\/paul-terrien\/","og_locale":"en_US","og_type":"article","og_title":"Paul Terrien \u2013 Tribute | Mus\u00e9e maritime du Qu\u00e9bec","og_description":"The Mus\u00e9e maritime du Qu\u00e9bec pays tribute to Paul Terrien, a journalist who worked for the recognition of Captain J.E. Bernier.","og_url":"https:\/\/www.mmq.qc.ca\/en\/tribute\/paul-terrien\/","og_site_name":"Mus\u00e9e Maritime du Qu\u00e9bec","article_modified_time":"2021-01-11T21:45:10+00:00","twitter_card":"summary_large_image","twitter_misc":{"Est. reading time":"1 minute"},"schema":{"@context":"https:\/\/schema.org","@graph":[{"@type":"WebPage","@id":"https:\/\/www.mmq.qc.ca\/en\/tribute\/paul-terrien\/","url":"https:\/\/www.mmq.qc.ca\/en\/tribute\/paul-terrien\/","name":"Paul Terrien \u2013 Tribute | Mus\u00e9e maritime du Qu\u00e9bec","isPartOf":{"@id":"https:\/\/www.mmq.qc.ca\/#website"},"datePublished":"2021-01-05T19:22:49+00:00","dateModified":"2021-01-11T21:45:10+00:00","description":"The Mus\u00e9e maritime du Qu\u00e9bec pays tribute to Paul Terrien, a journalist who worked for the recognition of Captain J.E. Bernier.","breadcrumb":{"@id":"https:\/\/www.mmq.qc.ca\/en\/tribute\/paul-terrien\/#breadcrumb"},"inLanguage":"en-US","potentialAction":[{"@type":"ReadAction","target":["https:\/\/www.mmq.qc.ca\/en\/tribute\/paul-terrien\/"]}]},{"@type":"BreadcrumbList","@id":"https:\/\/www.mmq.qc.ca\/en\/tribute\/paul-terrien\/#breadcrumb","itemListElement":[{"@type":"ListItem","position":1,"name":"Home","item":"https:\/\/www.mmq.qc.ca\/en\/"},{"@type":"ListItem","position":2,"name":"Tribute to the People of the St. Lawrence","item":"https:\/\/www.mmq.qc.ca\/en\/tribute\/"},{"@type":"ListItem","position":3,"name":"Paul Terrien (2013)"}]},{"@type":"WebSite","@id":"https:\/\/www.mmq.qc.ca\/#website","url":"https:\/\/www.mmq.qc.ca\/","name":"Mus\u00e9e Maritime du Qu\u00e9bec","description":"Notre histoire venue du Fleuve","potentialAction":[{"@type":"SearchAction","target":{"@type":"EntryPoint","urlTemplate":"https:\/\/www.mmq.qc.ca\/?s={search_term_string}"},"query-input":{"@type":"PropertyValueSpecification","valueRequired":true,"valueName":"search_term_string"}}],"inLanguage":"en-US"}]}},"_links":{"self":[{"href":"https:\/\/www.mmq.qc.ca\/en\/wp-json\/wp\/v2\/pages\/1485","targetHints":{"allow":["GET"]}}],"collection":[{"href":"https:\/\/www.mmq.qc.ca\/en\/wp-json\/wp\/v2\/pages"}],"about":[{"href":"https:\/\/www.mmq.qc.ca\/en\/wp-json\/wp\/v2\/types\/page"}],"author":[{"embeddable":true,"href":"https:\/\/www.mmq.qc.ca\/en\/wp-json\/wp\/v2\/users\/1"}],"replies":[{"embeddable":true,"href":"https:\/\/www.mmq.qc.ca\/en\/wp-json\/wp\/v2\/comments?post=1485"}],"version-history":[{"count":3,"href":"https:\/\/www.mmq.qc.ca\/en\/wp-json\/wp\/v2\/pages\/1485\/revisions"}],"predecessor-version":[{"id":1613,"href":"https:\/\/www.mmq.qc.ca\/en\/wp-json\/wp\/v2\/pages\/1485\/revisions\/1613"}],"up":[{"embeddable":true,"href":"https:\/\/www.mmq.qc.ca\/en\/wp-json\/wp\/v2\/pages\/253"}],"wp:attachment":[{"href":"https:\/\/www.mmq.qc.ca\/en\/wp-json\/wp\/v2\/media?parent=1485"}],"curies":[{"name":"wp","href":"https:\/\/api.w.org\/{rel}","templated":true}]}}